{"id":6747,"date":"2021-07-21T14:51:46","date_gmt":"2021-07-21T18:51:46","guid":{"rendered":"https:\/\/www.ccts-cprst.ca\/?page_id=6747\/"},"modified":"2025-06-16T11:38:22","modified_gmt":"2025-06-16T15:38:22","slug":"bulletins-sur-la-conformite","status":"publish","type":"page","link":"https:\/\/www.ccts-cprst.ca\/fr\/codes-statistiques-et-rapports\/rapports-du-cprst\/bulletins-sur-la-conformite\/","title":{"rendered":"Bulletins sur la conformit\u00e9"},"content":{"rendered":"<p class=\"hide\">La CPRST surveille activement la conformit\u00e9 d&rsquo;exigences particuli\u00e8res et communique avec les FSP qui ne s\u2019y conforment pas, pour veiller \u00e0 ce qu\u2019ils le fassent. Si les FSP ne s\u2019y conforment toujours pas, la CPRST dispose d\u2019une s\u00e9rie de m\u00e9canismes coercitifs qui comprennent la divulgation publique du nom de ces FSP et, en dernier ressort, le pouvoir de les expulser. L\u2019expulsion d\u00e9clenche un renvoi devant le CRTC pour que d\u2019autres mesures soient prises, car l\u2019adh\u00e9sion \u00e0 la CPRST est une exigence r\u00e9glementaire pour ces fournisseurs de services.<\/p>\n<ul>\n<li><a href=\"https:\/\/pub.ccts-cprst.ca\/fr\/bulletins-sur-la-conformite-en-2024\/\">Bulletins sur la conformit\u00e9 en 2024<\/a><\/li>\n<li><a href=\"https:\/\/pub.ccts-cprst.ca\/fr\/bulletins-sur-la-conformite-en-2023\/\">Bulletins sur la conformit\u00e9 en 2023<\/a><\/li>\n<li><a href=\"https:\/\/pub.ccts-cprst.ca\/fr\/rapport-2022-sur-la-surveillance-de-la-conformite\/\">Rapport 2022 sur la surveillance de la conformit\u00e9<\/a><\/li>\n<li><a href=\"https:\/\/pub.ccts-cprst.ca\/fr\/rapport-2021-sur-la-surveillance-de-la-conformite\/\" target=\"_blank\" rel=\"noopener\">Rapport 2021 sur la surveillance de la conformit\u00e9<\/a><\/li>\n<li><a href=\"https:\/\/pub.ccts-cprst.ca\/fr\/rapport-2020-sur-la-surveillance-de-la-conformite\/\" target=\"_blank\" rel=\"noopener\">Rapport 2020 sur la surveillance de la conformit\u00e9<\/a><\/li>\n<li><a href=\"https:\/\/pub.ccts-cprst.ca\/fr\/rapport-2019-sur-la-surveillance-de-la-conformite\/\" target=\"_blank\" rel=\"noopener\">Rapport 2019 sur la surveillance de la conformit\u00e9<\/a><\/li>\n<li><a href=\"https:\/\/pub.ccts-cprst.ca\/fr\/rapport-2018-sur-la-surveillance-de-la-conformite\/\" target=\"_blank\" rel=\"noopener\">Rapport 2018 sur la surveillance de la conformit\u00e9<\/a><\/li>\n<\/ul>\n","protected":false},"excerpt":{"rendered":"<p>La CPRST surveille activement la conformit\u00e9 d&rsquo;exigences particuli\u00e8res et communique avec les FSP qui ne s\u2019y conforment pas, pour veiller \u00e0 ce qu\u2019ils le fassent. Si les FSP ne s\u2019y conforment toujours pas, la CPRST dispose d\u2019une s\u00e9rie de m\u00e9canismes coercitifs qui comprennent la divulgation publique du nom de ces FSP et, en dernier ressort,<a class=\"excerpt-read-more\" href=\"https:\/\/www.ccts-cprst.ca\/fr\/codes-statistiques-et-rapports\/rapports-du-cprst\/bulletins-sur-la-conformite\/\" title=\"LuBulletins sur la conformit\u00e9\">En lire plus &raquo;<\/a><\/p>\n","protected":false},"author":1,"featured_media":0,"parent":1642,"menu_order":10,"comment_status":"closed","ping_status":"closed","template":"","meta":{"_acf_changed":false,"_relevanssi_hide_post":"","_relevanssi_hide_content":"","_relevanssi_pin_for_all":"","_relevanssi_pin_keywords":"","_relevanssi_unpin_keywords":"","_relevanssi_related_keywords":"","_relevanssi_related_include_ids":"","_relevanssi_related_exclude_ids":"","_relevanssi_related_no_append":"","_relevanssi_related_not_related":"","_relevanssi_related_posts":"","_relevanssi_noindex_reason":"","footnotes":""},"class_list":["post-6747","page","type-page","status-publish","hentry"],"acf":[],"yoast_head":"<!-- This site is optimized with the Yoast SEO plugin v26.9 - https:\/\/yoast.com\/product\/yoast-seo-wordpress\/ -->\n<title>Bulletins sur la conformit\u00e9 - CPRST<\/title>\n<meta name=\"robots\" content=\"index, follow, max-snippet:-1, max-image-preview:large, max-video-preview:-1\" \/>\n<link rel=\"canonical\" href=\"https:\/\/www.ccts-cprst.ca\/fr\/codes-statistiques-et-rapports\/rapports-du-cprst\/bulletins-sur-la-conformite\/\" \/>\n<meta property=\"og:locale\" content=\"fr_FR\" \/>\n<meta property=\"og:type\" content=\"article\" \/>\n<meta property=\"og:title\" content=\"Bulletins sur la conformit\u00e9 - CPRST\" \/>\n<meta property=\"og:description\" content=\"La CPRST surveille activement la conformit\u00e9 d&rsquo;exigences particuli\u00e8res et communique avec les FSP qui ne s\u2019y conforment pas, pour veiller \u00e0 ce qu\u2019ils le fassent. Si les FSP ne s\u2019y conforment toujours pas, la CPRST dispose d\u2019une s\u00e9rie de m\u00e9canismes coercitifs qui comprennent la divulgation publique du nom de ces FSP et, en dernier ressort,En lire plus &raquo;\" \/>\n<meta property=\"og:url\" content=\"https:\/\/www.ccts-cprst.ca\/fr\/codes-statistiques-et-rapports\/rapports-du-cprst\/bulletins-sur-la-conformite\/\" \/>\n<meta property=\"og:site_name\" content=\"CPRST\" \/>\n<meta property=\"article:publisher\" content=\"https:\/\/www.facebook.com\/ccts.cprst\/\" \/>\n<meta property=\"article:modified_time\" content=\"2025-06-16T15:38:22+00:00\" \/>\n<meta name=\"twitter:card\" content=\"summary_large_image\" \/>\n<meta name=\"twitter:site\" content=\"@ccts_cprst\" \/>\n<meta name=\"twitter:label1\" content=\"Dur\u00e9e de lecture estim\u00e9e\" \/>\n\t<meta name=\"twitter:data1\" content=\"1 minute\" \/>\n<script type=\"application\/ld+json\" class=\"yoast-schema-graph\">{\"@context\":\"https:\/\/schema.org\",\"@graph\":[{\"@type\":\"WebPage\",\"@id\":\"https:\/\/www.ccts-cprst.ca\/fr\/codes-statistiques-et-rapports\/rapports-du-cprst\/bulletins-sur-la-conformite\/\",\"url\":\"https:\/\/www.ccts-cprst.ca\/fr\/codes-statistiques-et-rapports\/rapports-du-cprst\/bulletins-sur-la-conformite\/\",\"name\":\"Bulletins sur la conformit\u00e9 - CPRST\",\"isPartOf\":{\"@id\":\"https:\/\/www.ccts-cprst.ca\/fr\/#website\"},\"datePublished\":\"2021-07-21T18:51:46+00:00\",\"dateModified\":\"2025-06-16T15:38:22+00:00\",\"breadcrumb\":{\"@id\":\"https:\/\/www.ccts-cprst.ca\/fr\/codes-statistiques-et-rapports\/rapports-du-cprst\/bulletins-sur-la-conformite\/#breadcrumb\"},\"inLanguage\":\"fr-FR\",\"potentialAction\":[{\"@type\":\"ReadAction\",\"target\":[\"https:\/\/www.ccts-cprst.ca\/fr\/codes-statistiques-et-rapports\/rapports-du-cprst\/bulletins-sur-la-conformite\/\"]}]},{\"@type\":\"BreadcrumbList\",\"@id\":\"https:\/\/www.ccts-cprst.ca\/fr\/codes-statistiques-et-rapports\/rapports-du-cprst\/bulletins-sur-la-conformite\/#breadcrumb\",\"itemListElement\":[{\"@type\":\"ListItem\",\"position\":1,\"name\":\"Home\",\"item\":\"https:\/\/www.ccts-cprst.ca\/fr\/\"},{\"@type\":\"ListItem\",\"position\":2,\"name\":\"Codes, statistiques et rapports\",\"item\":\"https:\/\/www.ccts-cprst.ca\/fr\/codes-statistiques-et-rapports\/\"},{\"@type\":\"ListItem\",\"position\":3,\"name\":\"Rapports\",\"item\":\"https:\/\/www.ccts-cprst.ca\/fr\/codes-statistiques-et-rapports\/rapports-du-cprst\/\"},{\"@type\":\"ListItem\",\"position\":4,\"name\":\"Bulletins sur la conformit\u00e9\"}]},{\"@type\":\"WebSite\",\"@id\":\"https:\/\/www.ccts-cprst.ca\/fr\/#website\",\"url\":\"https:\/\/www.ccts-cprst.ca\/fr\/\",\"name\":\"CCTS \/ CPRST\",\"description\":\"\",\"publisher\":{\"@id\":\"https:\/\/www.ccts-cprst.ca\/fr\/#organization\"},\"potentialAction\":[{\"@type\":\"SearchAction\",\"target\":{\"@type\":\"EntryPoint\",\"urlTemplate\":\"https:\/\/www.ccts-cprst.ca\/fr\/?s={search_term_string}\"},\"query-input\":{\"@type\":\"PropertyValueSpecification\",\"valueRequired\":true,\"valueName\":\"search_term_string\"}}],\"inLanguage\":\"fr-FR\"},{\"@type\":\"Organization\",\"@id\":\"https:\/\/www.ccts-cprst.ca\/fr\/#organization\",\"name\":\"CCTS \/ CPRST\",\"url\":\"https:\/\/www.ccts-cprst.ca\/fr\/\",\"logo\":{\"@type\":\"ImageObject\",\"inLanguage\":\"fr-FR\",\"@id\":\"https:\/\/www.ccts-cprst.ca\/fr\/#\/schema\/logo\/image\/\",\"url\":\"https:\/\/www.ccts-cprst.ca\/wp-content\/uploads\/2024\/08\/logo-ccts-en.png\",\"contentUrl\":\"https:\/\/www.ccts-cprst.ca\/wp-content\/uploads\/2024\/08\/logo-ccts-en.png\",\"width\":498,\"height\":180,\"caption\":\"CCTS \/ CPRST\"},\"image\":{\"@id\":\"https:\/\/www.ccts-cprst.ca\/fr\/#\/schema\/logo\/image\/\"},\"sameAs\":[\"https:\/\/www.facebook.com\/ccts.cprst\/\",\"https:\/\/x.com\/ccts_cprst\",\"https:\/\/www.youtube.com\/channel\/UCLagw5p-R3rIJWUto9wt-5Q\",\"https:\/\/www.linkedin.com\/company\/commission-for-complaints-for-telecom-television-services\/\"]}]}<\/script>\n<!-- \/ Yoast SEO plugin. -->","yoast_head_json":{"title":"Bulletins sur la conformit\u00e9 - CPRST","robots":{"index":"index","follow":"follow","max-snippet":"max-snippet:-1","max-image-preview":"max-image-preview:large","max-video-preview":"max-video-preview:-1"},"canonical":"https:\/\/www.ccts-cprst.ca\/fr\/codes-statistiques-et-rapports\/rapports-du-cprst\/bulletins-sur-la-conformite\/","og_locale":"fr_FR","og_type":"article","og_title":"Bulletins sur la conformit\u00e9 - CPRST","og_description":"La CPRST surveille activement la conformit\u00e9 d&rsquo;exigences particuli\u00e8res et communique avec les FSP qui ne s\u2019y conforment pas, pour veiller \u00e0 ce qu\u2019ils le fassent. Si les FSP ne s\u2019y conforment toujours pas, la CPRST dispose d\u2019une s\u00e9rie de m\u00e9canismes coercitifs qui comprennent la divulgation publique du nom de ces FSP et, en dernier ressort,En lire plus &raquo;","og_url":"https:\/\/www.ccts-cprst.ca\/fr\/codes-statistiques-et-rapports\/rapports-du-cprst\/bulletins-sur-la-conformite\/","og_site_name":"CPRST","article_publisher":"https:\/\/www.facebook.com\/ccts.cprst\/","article_modified_time":"2025-06-16T15:38:22+00:00","twitter_card":"summary_large_image","twitter_site":"@ccts_cprst","twitter_misc":{"Dur\u00e9e de lecture estim\u00e9e":"1 minute"},"schema":{"@context":"https:\/\/schema.org","@graph":[{"@type":"WebPage","@id":"https:\/\/www.ccts-cprst.ca\/fr\/codes-statistiques-et-rapports\/rapports-du-cprst\/bulletins-sur-la-conformite\/","url":"https:\/\/www.ccts-cprst.ca\/fr\/codes-statistiques-et-rapports\/rapports-du-cprst\/bulletins-sur-la-conformite\/","name":"Bulletins sur la conformit\u00e9 - CPRST","isPartOf":{"@id":"https:\/\/www.ccts-cprst.ca\/fr\/#website"},"datePublished":"2021-07-21T18:51:46+00:00","dateModified":"2025-06-16T15:38:22+00:00","breadcrumb":{"@id":"https:\/\/www.ccts-cprst.ca\/fr\/codes-statistiques-et-rapports\/rapports-du-cprst\/bulletins-sur-la-conformite\/#breadcrumb"},"inLanguage":"fr-FR","potentialAction":[{"@type":"ReadAction","target":["https:\/\/www.ccts-cprst.ca\/fr\/codes-statistiques-et-rapports\/rapports-du-cprst\/bulletins-sur-la-conformite\/"]}]},{"@type":"BreadcrumbList","@id":"https:\/\/www.ccts-cprst.ca\/fr\/codes-statistiques-et-rapports\/rapports-du-cprst\/bulletins-sur-la-conformite\/#breadcrumb","itemListElement":[{"@type":"ListItem","position":1,"name":"Home","item":"https:\/\/www.ccts-cprst.ca\/fr\/"},{"@type":"ListItem","position":2,"name":"Codes, statistiques et rapports","item":"https:\/\/www.ccts-cprst.ca\/fr\/codes-statistiques-et-rapports\/"},{"@type":"ListItem","position":3,"name":"Rapports","item":"https:\/\/www.ccts-cprst.ca\/fr\/codes-statistiques-et-rapports\/rapports-du-cprst\/"},{"@type":"ListItem","position":4,"name":"Bulletins sur la conformit\u00e9"}]},{"@type":"WebSite","@id":"https:\/\/www.ccts-cprst.ca\/fr\/#website","url":"https:\/\/www.ccts-cprst.ca\/fr\/","name":"CCTS \/ CPRST","description":"","publisher":{"@id":"https:\/\/www.ccts-cprst.ca\/fr\/#organization"},"potentialAction":[{"@type":"SearchAction","target":{"@type":"EntryPoint","urlTemplate":"https:\/\/www.ccts-cprst.ca\/fr\/?s={search_term_string}"},"query-input":{"@type":"PropertyValueSpecification","valueRequired":true,"valueName":"search_term_string"}}],"inLanguage":"fr-FR"},{"@type":"Organization","@id":"https:\/\/www.ccts-cprst.ca\/fr\/#organization","name":"CCTS \/ CPRST","url":"https:\/\/www.ccts-cprst.ca\/fr\/","logo":{"@type":"ImageObject","inLanguage":"fr-FR","@id":"https:\/\/www.ccts-cprst.ca\/fr\/#\/schema\/logo\/image\/","url":"https:\/\/www.ccts-cprst.ca\/wp-content\/uploads\/2024\/08\/logo-ccts-en.png","contentUrl":"https:\/\/www.ccts-cprst.ca\/wp-content\/uploads\/2024\/08\/logo-ccts-en.png","width":498,"height":180,"caption":"CCTS \/ CPRST"},"image":{"@id":"https:\/\/www.ccts-cprst.ca\/fr\/#\/schema\/logo\/image\/"},"sameAs":["https:\/\/www.facebook.com\/ccts.cprst\/","https:\/\/x.com\/ccts_cprst","https:\/\/www.youtube.com\/channel\/UCLagw5p-R3rIJWUto9wt-5Q","https:\/\/www.linkedin.com\/company\/commission-for-complaints-for-telecom-television-services\/"]}]}},"_links":{"self":[{"href":"https:\/\/www.ccts-cprst.ca\/fr\/wp-json\/wp\/v2\/pages\/6747","targetHints":{"allow":["GET"]}}],"collection":[{"href":"https:\/\/www.ccts-cprst.ca\/fr\/wp-json\/wp\/v2\/pages"}],"about":[{"href":"https:\/\/www.ccts-cprst.ca\/fr\/wp-json\/wp\/v2\/types\/page"}],"author":[{"embeddable":true,"href":"https:\/\/www.ccts-cprst.ca\/fr\/wp-json\/wp\/v2\/users\/1"}],"replies":[{"embeddable":true,"href":"https:\/\/www.ccts-cprst.ca\/fr\/wp-json\/wp\/v2\/comments?post=6747"}],"version-history":[{"count":16,"href":"https:\/\/www.ccts-cprst.ca\/fr\/wp-json\/wp\/v2\/pages\/6747\/revisions"}],"predecessor-version":[{"id":11679,"href":"https:\/\/www.ccts-cprst.ca\/fr\/wp-json\/wp\/v2\/pages\/6747\/revisions\/11679"}],"up":[{"embeddable":true,"href":"https:\/\/www.ccts-cprst.ca\/fr\/wp-json\/wp\/v2\/pages\/1642"}],"wp:attachment":[{"href":"https:\/\/www.ccts-cprst.ca\/fr\/wp-json\/wp\/v2\/media?parent=6747"}],"curies":[{"name":"wp","href":"https:\/\/api.w.org\/{rel}","templated":true}]}}