{"id":641,"date":"2016-06-22T07:21:00","date_gmt":"2016-06-22T07:21:00","guid":{"rendered":"https:\/\/www.ccts-cprst.ca\/home\/"},"modified":"2026-04-29T06:23:30","modified_gmt":"2026-04-29T10:23:30","slug":"accueil-2","status":"publish","type":"page","link":"https:\/\/www.ccts-cprst.ca\/fr\/","title":{"rendered":"Accueil"},"content":{"rendered":"","protected":false},"excerpt":{"rendered":"","protected":false},"author":1,"featured_media":9799,"parent":0,"menu_order":10,"comment_status":"closed","ping_status":"closed","template":"page-home.php","meta":{"_acf_changed":false,"_relevanssi_hide_post":"","_relevanssi_hide_content":"","_relevanssi_pin_for_all":"","_relevanssi_pin_keywords":"","_relevanssi_unpin_keywords":"","_relevanssi_related_keywords":"","_relevanssi_related_include_ids":"","_relevanssi_related_exclude_ids":"","_relevanssi_related_no_append":"","_relevanssi_related_not_related":"","_relevanssi_related_posts":"","_relevanssi_noindex_reason":"","footnotes":""},"class_list":["post-641","page","type-page","status-publish","has-post-thumbnail","hentry"],"acf":[],"yoast_head":"<!-- This site is optimized with the Yoast SEO plugin v26.9 - https:\/\/yoast.com\/product\/yoast-seo-wordpress\/ -->\n<title>Commission des plaintes relatives aux services de t\u00e9l\u00e9com-t\u00e9l\u00e9vision<\/title>\n<meta name=\"description\" content=\"Nous sommes un organisme ind\u00e9pendant d\u00e9di\u00e9 \u00e0 la r\u00e9solution des plaintes des clients concernant les services de t\u00e9l\u00e9communications et de t\u00e9l\u00e9vision au Canada.\" \/>\n<meta name=\"robots\" content=\"index, follow, max-snippet:-1, max-image-preview:large, max-video-preview:-1\" \/>\n<link rel=\"canonical\" href=\"https:\/\/www.ccts-cprst.ca\/fr\/\" \/>\n<meta property=\"og:locale\" content=\"fr_FR\" \/>\n<meta property=\"og:type\" content=\"article\" \/>\n<meta property=\"og:title\" content=\"Commission des plaintes relatives aux services de t\u00e9l\u00e9com-t\u00e9l\u00e9vision\" \/>\n<meta property=\"og:description\" content=\"Nous sommes un organisme ind\u00e9pendant d\u00e9di\u00e9 \u00e0 la r\u00e9solution des plaintes des clients concernant les services de t\u00e9l\u00e9communications et de t\u00e9l\u00e9vision au Canada.\" \/>\n<meta property=\"og:url\" content=\"https:\/\/www.ccts-cprst.ca\/fr\/\" \/>\n<meta property=\"og:site_name\" content=\"CPRST\" \/>\n<meta property=\"article:publisher\" content=\"https:\/\/www.facebook.com\/ccts.cprst\/\" \/>\n<meta property=\"article:modified_time\" content=\"2026-04-29T10:23:30+00:00\" \/>\n<meta property=\"og:image\" content=\"https:\/\/www.ccts-cprst.ca\/wp-content\/uploads\/2018\/02\/twitter-card-home.jpg\" \/>\n\t<meta property=\"og:image:width\" content=\"1000\" \/>\n\t<meta property=\"og:image:height\" content=\"500\" \/>\n\t<meta property=\"og:image:type\" content=\"image\/jpeg\" \/>\n<meta name=\"twitter:card\" content=\"summary_large_image\" \/>\n<meta name=\"twitter:site\" content=\"@ccts_cprst\" \/>\n<meta name=\"twitter:label1\" content=\"Dur\u00e9e de lecture estim\u00e9e\" \/>\n\t<meta name=\"twitter:data1\" content=\"1 minute\" \/>\n<script type=\"application\/ld+json\" class=\"yoast-schema-graph\">{\"@context\":\"https:\/\/schema.org\",\"@graph\":[{\"@type\":\"WebPage\",\"@id\":\"https:\/\/www.ccts-cprst.ca\/fr\/\",\"url\":\"https:\/\/www.ccts-cprst.ca\/fr\/\",\"name\":\"Commission des plaintes relatives aux services de t\u00e9l\u00e9com-t\u00e9l\u00e9vision\",\"isPartOf\":{\"@id\":\"https:\/\/www.ccts-cprst.ca\/fr\/#website\"},\"primaryImageOfPage\":{\"@id\":\"https:\/\/www.ccts-cprst.ca\/fr\/#primaryimage\"},\"image\":{\"@id\":\"https:\/\/www.ccts-cprst.ca\/fr\/#primaryimage\"},\"thumbnailUrl\":\"https:\/\/www.ccts-cprst.ca\/wp-content\/uploads\/2018\/02\/twitter-card-home.jpg\",\"datePublished\":\"2016-06-22T07:21:00+00:00\",\"dateModified\":\"2026-04-29T10:23:30+00:00\",\"description\":\"Nous sommes un organisme ind\u00e9pendant d\u00e9di\u00e9 \u00e0 la r\u00e9solution des plaintes des clients concernant les services de t\u00e9l\u00e9communications et de t\u00e9l\u00e9vision au Canada.\",\"breadcrumb\":{\"@id\":\"https:\/\/www.ccts-cprst.ca\/fr\/#breadcrumb\"},\"inLanguage\":\"fr-FR\",\"potentialAction\":[{\"@type\":\"ReadAction\",\"target\":[\"https:\/\/www.ccts-cprst.ca\/fr\/\"]}]},{\"@type\":\"ImageObject\",\"inLanguage\":\"fr-FR\",\"@id\":\"https:\/\/www.ccts-cprst.ca\/fr\/#primaryimage\",\"url\":\"https:\/\/www.ccts-cprst.ca\/wp-content\/uploads\/2018\/02\/twitter-card-home.jpg\",\"contentUrl\":\"https:\/\/www.ccts-cprst.ca\/wp-content\/uploads\/2018\/02\/twitter-card-home.jpg\",\"width\":1000,\"height\":500},{\"@type\":\"BreadcrumbList\",\"@id\":\"https:\/\/www.ccts-cprst.ca\/fr\/#breadcrumb\",\"itemListElement\":[{\"@type\":\"ListItem\",\"position\":1,\"name\":\"Home\",\"item\":\"https:\/\/www.ccts-cprst.ca\/fr\/\"},{\"@type\":\"ListItem\",\"position\":2,\"name\":\"Accueil\"}]},{\"@type\":\"WebSite\",\"@id\":\"https:\/\/www.ccts-cprst.ca\/fr\/#website\",\"url\":\"https:\/\/www.ccts-cprst.ca\/fr\/\",\"name\":\"CCTS \/ CPRST\",\"description\":\"\",\"publisher\":{\"@id\":\"https:\/\/www.ccts-cprst.ca\/fr\/#organization\"},\"potentialAction\":[{\"@type\":\"SearchAction\",\"target\":{\"@type\":\"EntryPoint\",\"urlTemplate\":\"https:\/\/www.ccts-cprst.ca\/fr\/?s={search_term_string}\"},\"query-input\":{\"@type\":\"PropertyValueSpecification\",\"valueRequired\":true,\"valueName\":\"search_term_string\"}}],\"inLanguage\":\"fr-FR\"},{\"@type\":\"Organization\",\"@id\":\"https:\/\/www.ccts-cprst.ca\/fr\/#organization\",\"name\":\"CCTS \/ CPRST\",\"url\":\"https:\/\/www.ccts-cprst.ca\/fr\/\",\"logo\":{\"@type\":\"ImageObject\",\"inLanguage\":\"fr-FR\",\"@id\":\"https:\/\/www.ccts-cprst.ca\/fr\/#\/schema\/logo\/image\/\",\"url\":\"https:\/\/www.ccts-cprst.ca\/wp-content\/uploads\/2024\/08\/logo-ccts-en.png\",\"contentUrl\":\"https:\/\/www.ccts-cprst.ca\/wp-content\/uploads\/2024\/08\/logo-ccts-en.png\",\"width\":498,\"height\":180,\"caption\":\"CCTS \/ CPRST\"},\"image\":{\"@id\":\"https:\/\/www.ccts-cprst.ca\/fr\/#\/schema\/logo\/image\/\"},\"sameAs\":[\"https:\/\/www.facebook.com\/ccts.cprst\/\",\"https:\/\/x.com\/ccts_cprst\",\"https:\/\/www.youtube.com\/channel\/UCLagw5p-R3rIJWUto9wt-5Q\",\"https:\/\/www.linkedin.com\/company\/commission-for-complaints-for-telecom-television-services\/\"]}]}<\/script>\n<!-- \/ Yoast SEO plugin. -->","yoast_head_json":{"title":"Commission des plaintes relatives aux services de t\u00e9l\u00e9com-t\u00e9l\u00e9vision","description":"Nous sommes un organisme ind\u00e9pendant d\u00e9di\u00e9 \u00e0 la r\u00e9solution des plaintes des clients concernant les services de t\u00e9l\u00e9communications et de t\u00e9l\u00e9vision au Canada.","robots":{"index":"index","follow":"follow","max-snippet":"max-snippet:-1","max-image-preview":"max-image-preview:large","max-video-preview":"max-video-preview:-1"},"canonical":"https:\/\/www.ccts-cprst.ca\/fr\/","og_locale":"fr_FR","og_type":"article","og_title":"Commission des plaintes relatives aux services de t\u00e9l\u00e9com-t\u00e9l\u00e9vision","og_description":"Nous sommes un organisme ind\u00e9pendant d\u00e9di\u00e9 \u00e0 la r\u00e9solution des plaintes des clients concernant les services de t\u00e9l\u00e9communications et de t\u00e9l\u00e9vision au Canada.","og_url":"https:\/\/www.ccts-cprst.ca\/fr\/","og_site_name":"CPRST","article_publisher":"https:\/\/www.facebook.com\/ccts.cprst\/","article_modified_time":"2026-04-29T10:23:30+00:00","og_image":[{"width":1000,"height":500,"url":"https:\/\/www.ccts-cprst.ca\/wp-content\/uploads\/2018\/02\/twitter-card-home.jpg","type":"image\/jpeg"}],"twitter_card":"summary_large_image","twitter_site":"@ccts_cprst","twitter_misc":{"Dur\u00e9e de lecture estim\u00e9e":"1 minute"},"schema":{"@context":"https:\/\/schema.org","@graph":[{"@type":"WebPage","@id":"https:\/\/www.ccts-cprst.ca\/fr\/","url":"https:\/\/www.ccts-cprst.ca\/fr\/","name":"Commission des plaintes relatives aux services de t\u00e9l\u00e9com-t\u00e9l\u00e9vision","isPartOf":{"@id":"https:\/\/www.ccts-cprst.ca\/fr\/#website"},"primaryImageOfPage":{"@id":"https:\/\/www.ccts-cprst.ca\/fr\/#primaryimage"},"image":{"@id":"https:\/\/www.ccts-cprst.ca\/fr\/#primaryimage"},"thumbnailUrl":"https:\/\/www.ccts-cprst.ca\/wp-content\/uploads\/2018\/02\/twitter-card-home.jpg","datePublished":"2016-06-22T07:21:00+00:00","dateModified":"2026-04-29T10:23:30+00:00","description":"Nous sommes un organisme ind\u00e9pendant d\u00e9di\u00e9 \u00e0 la r\u00e9solution des plaintes des clients concernant les services de t\u00e9l\u00e9communications et de t\u00e9l\u00e9vision au Canada.","breadcrumb":{"@id":"https:\/\/www.ccts-cprst.ca\/fr\/#breadcrumb"},"inLanguage":"fr-FR","potentialAction":[{"@type":"ReadAction","target":["https:\/\/www.ccts-cprst.ca\/fr\/"]}]},{"@type":"ImageObject","inLanguage":"fr-FR","@id":"https:\/\/www.ccts-cprst.ca\/fr\/#primaryimage","url":"https:\/\/www.ccts-cprst.ca\/wp-content\/uploads\/2018\/02\/twitter-card-home.jpg","contentUrl":"https:\/\/www.ccts-cprst.ca\/wp-content\/uploads\/2018\/02\/twitter-card-home.jpg","width":1000,"height":500},{"@type":"BreadcrumbList","@id":"https:\/\/www.ccts-cprst.ca\/fr\/#breadcrumb","itemListElement":[{"@type":"ListItem","position":1,"name":"Home","item":"https:\/\/www.ccts-cprst.ca\/fr\/"},{"@type":"ListItem","position":2,"name":"Accueil"}]},{"@type":"WebSite","@id":"https:\/\/www.ccts-cprst.ca\/fr\/#website","url":"https:\/\/www.ccts-cprst.ca\/fr\/","name":"CCTS \/ CPRST","description":"","publisher":{"@id":"https:\/\/www.ccts-cprst.ca\/fr\/#organization"},"potentialAction":[{"@type":"SearchAction","target":{"@type":"EntryPoint","urlTemplate":"https:\/\/www.ccts-cprst.ca\/fr\/?s={search_term_string}"},"query-input":{"@type":"PropertyValueSpecification","valueRequired":true,"valueName":"search_term_string"}}],"inLanguage":"fr-FR"},{"@type":"Organization","@id":"https:\/\/www.ccts-cprst.ca\/fr\/#organization","name":"CCTS \/ CPRST","url":"https:\/\/www.ccts-cprst.ca\/fr\/","logo":{"@type":"ImageObject","inLanguage":"fr-FR","@id":"https:\/\/www.ccts-cprst.ca\/fr\/#\/schema\/logo\/image\/","url":"https:\/\/www.ccts-cprst.ca\/wp-content\/uploads\/2024\/08\/logo-ccts-en.png","contentUrl":"https:\/\/www.ccts-cprst.ca\/wp-content\/uploads\/2024\/08\/logo-ccts-en.png","width":498,"height":180,"caption":"CCTS \/ CPRST"},"image":{"@id":"https:\/\/www.ccts-cprst.ca\/fr\/#\/schema\/logo\/image\/"},"sameAs":["https:\/\/www.facebook.com\/ccts.cprst\/","https:\/\/x.com\/ccts_cprst","https:\/\/www.youtube.com\/channel\/UCLagw5p-R3rIJWUto9wt-5Q","https:\/\/www.linkedin.com\/company\/commission-for-complaints-for-telecom-television-services\/"]}]}},"_links":{"self":[{"href":"https:\/\/www.ccts-cprst.ca\/fr\/wp-json\/wp\/v2\/pages\/641","targetHints":{"allow":["GET"]}}],"collection":[{"href":"https:\/\/www.ccts-cprst.ca\/fr\/wp-json\/wp\/v2\/pages"}],"about":[{"href":"https:\/\/www.ccts-cprst.ca\/fr\/wp-json\/wp\/v2\/types\/page"}],"author":[{"embeddable":true,"href":"https:\/\/www.ccts-cprst.ca\/fr\/wp-json\/wp\/v2\/users\/1"}],"replies":[{"embeddable":true,"href":"https:\/\/www.ccts-cprst.ca\/fr\/wp-json\/wp\/v2\/comments?post=641"}],"version-history":[{"count":239,"href":"https:\/\/www.ccts-cprst.ca\/fr\/wp-json\/wp\/v2\/pages\/641\/revisions"}],"predecessor-version":[{"id":12402,"href":"https:\/\/www.ccts-cprst.ca\/fr\/wp-json\/wp\/v2\/pages\/641\/revisions\/12402"}],"wp:featuredmedia":[{"embeddable":true,"href":"https:\/\/www.ccts-cprst.ca\/fr\/wp-json\/wp\/v2\/media\/9799"}],"wp:attachment":[{"href":"https:\/\/www.ccts-cprst.ca\/fr\/wp-json\/wp\/v2\/media?parent=641"}],"curies":[{"name":"wp","href":"https:\/\/api.w.org\/{rel}","templated":true}]}}