{"id":5588,"date":"2020-05-20T15:34:35","date_gmt":"2020-05-20T19:34:35","guid":{"rendered":"https:\/\/www.ccts-cprst.ca\/?page_id=5588\/"},"modified":"2026-02-16T10:59:49","modified_gmt":"2026-02-16T15:59:49","slug":"pourquoi-travailler-ici","status":"publish","type":"page","link":"https:\/\/www.ccts-cprst.ca\/fr\/a-notre-sujet\/faire-carriere-au-cprst\/pourquoi-travailler-ici\/","title":{"rendered":"Carri\u00e8res \u00e0 la CPRST"},"content":{"rendered":"<p>\u00c0 la Commission des plaintes relatives aux services de t\u00e9l\u00e9com-t\u00e9l\u00e9vision, notre objectif est d\u2019offrir des services de r\u00e8glement des plaintes justes et efficaces. Nous fournissons des donn\u00e9es et des renseignements aussi bien aux consommateurs et consommatrices qu\u2019aux fournisseurs de services de t\u00e9l\u00e9communication et de t\u00e9l\u00e9vision. Le service que nous offrons aux Canadiens et Canadiennes est gratuit, et nous avons besoin de personnes comme vous pour nous aider \u00e0 respecter notre engagement envers l\u2019\u00e9quit\u00e9 et la responsabilisation.<\/p>\n<h2>Atteindre de nouveaux sommets professionnels<\/h2>\n<p>\u00c0 la\u00a0CPRST, nous croyons au pouvoir de la connexion, tant pour les services que nous offrons que pour les talents que nous cultivons. Nous sommes plus qu\u2019un simple organisme de r\u00e8glement des diff\u00e9rends. Nous sommes des innovateurs et des experts en solution de probl\u00e8mes. Notre \u00e9quipe se fait un point d\u2019honneur de fournir un excellent service aux consommateurs et consommatrices ainsi qu\u2019aux fournisseurs de services de t\u00e9l\u00e9communication et de t\u00e9l\u00e9vision. Si vous cherchez \u00e0 faire un geste significatif dans la vie des gens, et cela dans un environnement dynamique, vous \u00eates au bon endroit! Nous offrons des emplois stimulants dans le domaine des t\u00e9l\u00e9communications qui vous permettent d\u2019avoir une incidence directe sur l\u2019am\u00e9lioration de l\u2019exp\u00e9rience des t\u00e9l\u00e9communications pour le public canadien.<\/p>\n<h2>Pourquoi travailler \u00e0 la CPRST?<\/h2>\n<p>Nous sommes r\u00e9guli\u00e8rement \u00e0 la recherche de talents dans divers r\u00f4les. Que vous soyez une professionnelle ou un professionnel qualifi\u00e9 ou que vous soyez en d\u00e9but de carri\u00e8re, nous avons des postes qui conviennent \u00e0 diff\u00e9rents niveaux d\u2019exp\u00e9rience. Si le secteur des t\u00e9l\u00e9communications vous passionne, nous avons des postes \u00e0 pourvoir pour tous les niveaux de comp\u00e9tence.<\/p>\n<p>\u00c0 la CPRST, nous croyons en la reconnaissance de la valeur de chaque membre du personnel par l\u2019entremise de notre programme de r\u00e9mun\u00e9ration globale. Notre personnel permanent \u00e0 temps plein b\u00e9n\u00e9ficie d\u2019une vaste gamme d\u2019avantages sociaux. Voici quelques-uns des avantages auxquels vous pouvez vous attendre lorsque vous vous joignez \u00e0 l\u2019\u00e9quipe\u00a0:<\/p>\n<ul>\n<li>Salaires concurrentiels<\/li>\n<li>Assurance m\u00e9dicale et dentaire<\/li>\n<li>Politique de travail hybride visant \u00e0 promouvoir l\u2019\u00e9quilibre entre le travail et la vie personnelle<\/li>\n<li>REER collectif \u00e0 cotisations d\u00e9termin\u00e9es assorti d\u2019une cotisation patronale de contrepartie<\/li>\n<li>Acc\u00e8s au Programme d\u2019aide aux employ\u00e9s (PAE) et aux services de t\u00e9l\u00e9m\u00e9decine pour soutenir votre sant\u00e9 mentale et physique<\/li>\n<li>R\u00e9ductions dans les pharmacies Rexall par l\u2019entremise de notre courtier en avantages sociaux, et partenariat pour des tarifs r\u00e9duits avec GoodLife Fitness<\/li>\n<li>Accent sur la formation et le perfectionnement professionnels<\/li>\n<li>Cr\u00e9dit annuel pour le programme de vie active qui vous encourage \u00e0 bouger et \u00e0 vous consacrer \u00e0 votre bien-\u00eatre<\/li>\n<\/ul>\n<h2>Votre avenir commence \u00e0 la CPRST<\/h2>\n<p>Pr\u00eat \u00e0 faire avancer les choses tous les jours? Trouvez l\u2019emploi parfait pour vous et soumettez votre candidature.<\/p>\n<p><a class=\"button orange\" href=\"https:\/\/www.ccts-cprst.ca\/about-ccts\/careers\/current-opportunities\/\">Explorer les possibilit\u00e9s de carri\u00e8res<\/a><\/p>\n<p>\u00c0 la CPRST, votre travail contribuera \u00e0 la cr\u00e9ation d\u2019un paysage des t\u00e9l\u00e9communications plus \u00e9quitable pour l\u2019ensemble de la population du Canada.<\/p>\n<p>Joignez-vous \u00e0 la CPRST et contribuez \u00e0 l\u2019am\u00e9lioration de l\u2019exp\u00e9rience t\u00e9l\u00e9visuelle et de t\u00e9l\u00e9communication des gens partout au pays. Avec nous, vous ne faites pas qu\u2019obtenir un emploi, vous pouvez tracer votre chemin et b\u00e2tir votre carri\u00e8re. Ensemble, nous pouvons cr\u00e9er un avenir meilleur pour les Canadiens et Canadiennes.<\/p>\n<h2>Engagement envers la diversit\u00e9 et l\u2019\u00e9quit\u00e9<\/h2>\n<p>\u00c0 la\u00a0CPRST, nous nous engageons \u00e0 cultiver une main-d\u2019\u0153uvre diversifi\u00e9e et \u00e9quitable, qui refl\u00e8te la richesse des collectivit\u00e9s que nous servons. Nous croyons que la diversit\u00e9 renforce notre organisation tout comme notre capacit\u00e9 \u00e0 r\u00e9pondre aux besoins des gens que nous appuyons.<\/p>\n<p>Nous nous effor\u00e7ons de cr\u00e9er une culture inclusive o\u00f9 chaque personne a un v\u00e9ritable sentiment d\u2019appartenance et d\u2019autonomisation. Nous nous engageons \u00e0 offrir des possibilit\u00e9s d\u2019emploi \u00e9gales \u00e0 tous, sans \u00e9gard \u00e0 la race, la couleur, la religion, le sexe, l\u2019orientation sexuelle, l\u2019identit\u00e9 de genre, l\u2019origine nationale, le handicap ou le statut d\u2019ancien combattant prot\u00e9g\u00e9.<\/p>\n<p>Nous faisons activement la promotion de pratiques qui reconnaissent et c\u00e9l\u00e8brent les points de vue et les exp\u00e9riences uniques de chaque personne. Nous invitons les personnes de tous horizons \u00e0 se joindre \u00e0 nous pour cr\u00e9er un environnement accueillant o\u00f9 les contributions de tous et toutes sont appr\u00e9ci\u00e9es et respect\u00e9es.<\/p>\n<p>Joignez-vous \u00e0 nous pour faire avancer les choses. Votre prochaine aventure professionnelle vous attend \u00e0 la CPRST. Que vous d\u00e9butiez dans le secteur ou que vous ayez d\u00e9j\u00e0 travaill\u00e9 dans le domaine des t\u00e9l\u00e9communications, nous avons un parcours des plus int\u00e9ressants \u00e0 vous offrir.<\/p>\n<h2>Communiquez avec nous<\/h2>\n<p>Avez-vous des questions avant de soumettre votre candidature? Notre \u00e9quipe est pr\u00eate \u00e0 vous aider. Communiquez avec nous \u00e0 <span data-teams=\"true\"><a id=\"menurum7\" class=\"fui-Link ___1q1shib f2hkw1w f3rmtva f1ewtqcl fyind8e f1k6fduh f1w7gpdv fk6fouc fjoy568 figsok6 f1s184ao f1mk8lai fnbmjn9 f1o700av f13mvf36 f1cmlufx f9n3di6 f1ids18y f1tx3yz7 f1deo86v f1eh06m1 f1iescvh fhgqx19 f1olyrje f1p93eir f1nev41a f1h8hb77 f1lqvz6u f10aw75t fsle3fq f17ae5zn\" title=\"mailto:hr-rh@ccts-cprst.ca\" href=\"mailto:HR-RH@ccts-cprst.ca\" target=\"_blank\" rel=\"noreferrer noopener\" aria-label=\"Link HR-RH@ccts-cprst.ca\">HR-RH@ccts-cprst.ca<\/a><\/span> ou visitez notre page <a href=\"https:\/\/www.ccts-cprst.ca\/fr\/a-notre-sujet\/\">\u00c0 notre sujet<\/a> pour en savoir plus.<\/p>\n<h2>T\u00e9moignages des employ\u00e9s<\/h2>\n<blockquote><p>\u00ab\u00a0Mon exp\u00e9rience de travail ici n\u2019est rien d\u2019autre que de magnifiques montagnes russes. Chaque jour apporte de nouveaux d\u00e9fis qui me tiennent en alerte. Et ce qu\u2019il y a de mieux, ce sont les gens. J\u2019adore entrer dans le bureau et \u00eatre entour\u00e9e d\u2019un merveilleux groupe de personnes qui s\u2019\u00e9treignent et se soutiennent mutuellement. Il y a aussi les collations gratuites!\u00a0\u00bb\u00a0 <strong>Patricia<\/strong><\/p>\n<p>\u00ab Je me suis joint \u00e0 la CCTS-CPRST r\u00e9cemment, et d\u00e8s le premier jour, j\u2019ai \u00e9t\u00e9 tr\u00e8s impressionn\u00e9. L\u2019\u00e9quipe est incroyablement invitante, il y a une v\u00e9ritable culture de milieu de travail sain et les gens sont vraiment motiv\u00e9s \u00e0 faire de leur mieux. Chaque jour que je passe ici, je suis plus enthousiaste, et je suis tr\u00e8s satisfait de ma d\u00e9cision de travailler ici. J\u2019esp\u00e8re b\u00e2tir une carri\u00e8re \u00e0 long terme ici. \u00bb\u00a0 <strong>Stuart<\/strong><\/p>\n<p>\u00ab\u00a0Travailler \u00e0 la CPRST, c\u2019est bien plus que la simple somme des bonnes conditions de travail et des occasions de collaborer avec une \u00e9quipe formidable. Travailler \u00e0 la CPRST, c\u2019est d\u2019abord et avant tout la chance de contribuer aux efforts quotidiens d\u2019un organisme central dans le paysage canadien des t\u00e9l\u00e9communications, un secteur qui rev\u00eat assur\u00e9ment une importance croissante pour tous.\u00a0\u00bb \u00a0<strong>Olivier<\/strong><\/p><\/blockquote>\n","protected":false},"excerpt":{"rendered":"<p>\u00c0 la Commission des plaintes relatives aux services de t\u00e9l\u00e9com-t\u00e9l\u00e9vision, notre objectif est d\u2019offrir des services de r\u00e8glement des plaintes justes et efficaces. Nous fournissons des donn\u00e9es et des renseignements aussi bien aux consommateurs et consommatrices qu\u2019aux fournisseurs de services de t\u00e9l\u00e9communication et de t\u00e9l\u00e9vision. Le service que nous offrons aux Canadiens et Canadiennes est<a class=\"excerpt-read-more\" href=\"https:\/\/www.ccts-cprst.ca\/fr\/a-notre-sujet\/faire-carriere-au-cprst\/pourquoi-travailler-ici\/\" title=\"LuCarri\u00e8res \u00e0 la CPRST\">En lire plus &raquo;<\/a><\/p>\n","protected":false},"author":15,"featured_media":0,"parent":1657,"menu_order":1,"comment_status":"closed","ping_status":"closed","template":"","meta":{"_acf_changed":false,"_relevanssi_hide_post":"","_relevanssi_hide_content":"","_relevanssi_pin_for_all":"","_relevanssi_pin_keywords":"","_relevanssi_unpin_keywords":"","_relevanssi_related_keywords":"","_relevanssi_related_include_ids":"","_relevanssi_related_exclude_ids":"","_relevanssi_related_no_append":"","_relevanssi_related_not_related":"","_relevanssi_related_posts":"","_relevanssi_noindex_reason":"","footnotes":""},"class_list":["post-5588","page","type-page","status-publish","hentry"],"acf":[],"yoast_head":"<!-- This site is optimized with the Yoast SEO plugin v26.9 - https:\/\/yoast.com\/product\/yoast-seo-wordpress\/ -->\n<title>Carri\u00e8res \u00e0 la CPRST<\/title>\n<meta name=\"description\" content=\"Joignez-vous \u00e0 la CPRST et contribuez \u00e0 fa\u00e7onner un paysage des t\u00e9l\u00e9communications \u00e9quitable au Canada. Explorez des opportunit\u00e9s de carri\u00e8re stimulantes.\" \/>\n<meta name=\"robots\" content=\"index, follow, max-snippet:-1, max-image-preview:large, max-video-preview:-1\" \/>\n<link rel=\"canonical\" href=\"https:\/\/www.ccts-cprst.ca\/fr\/a-notre-sujet\/faire-carriere-au-cprst\/pourquoi-travailler-ici\/\" \/>\n<meta property=\"og:locale\" content=\"fr_FR\" \/>\n<meta property=\"og:type\" content=\"article\" \/>\n<meta property=\"og:title\" content=\"Carri\u00e8res \u00e0 la CPRST\" \/>\n<meta property=\"og:description\" content=\"Joignez-vous \u00e0 la CPRST et contribuez \u00e0 fa\u00e7onner un paysage des t\u00e9l\u00e9communications \u00e9quitable au Canada. Explorez des opportunit\u00e9s de carri\u00e8re stimulantes.\" \/>\n<meta property=\"og:url\" content=\"https:\/\/www.ccts-cprst.ca\/fr\/a-notre-sujet\/faire-carriere-au-cprst\/pourquoi-travailler-ici\/\" \/>\n<meta property=\"og:site_name\" content=\"CPRST\" \/>\n<meta property=\"article:publisher\" content=\"https:\/\/www.facebook.com\/ccts.cprst\/\" \/>\n<meta property=\"article:modified_time\" content=\"2026-02-16T15:59:49+00:00\" \/>\n<meta name=\"twitter:card\" content=\"summary_large_image\" \/>\n<meta name=\"twitter:site\" content=\"@ccts_cprst\" \/>\n<meta name=\"twitter:label1\" content=\"Dur\u00e9e de lecture estim\u00e9e\" \/>\n\t<meta name=\"twitter:data1\" content=\"4 minutes\" \/>\n<script type=\"application\/ld+json\" class=\"yoast-schema-graph\">{\"@context\":\"https:\/\/schema.org\",\"@graph\":[{\"@type\":\"WebPage\",\"@id\":\"https:\/\/www.ccts-cprst.ca\/fr\/a-notre-sujet\/faire-carriere-au-cprst\/pourquoi-travailler-ici\/\",\"url\":\"https:\/\/www.ccts-cprst.ca\/fr\/a-notre-sujet\/faire-carriere-au-cprst\/pourquoi-travailler-ici\/\",\"name\":\"Carri\u00e8res \u00e0 la CPRST\",\"isPartOf\":{\"@id\":\"https:\/\/www.ccts-cprst.ca\/fr\/#website\"},\"datePublished\":\"2020-05-20T19:34:35+00:00\",\"dateModified\":\"2026-02-16T15:59:49+00:00\",\"description\":\"Joignez-vous \u00e0 la CPRST et contribuez \u00e0 fa\u00e7onner un paysage des t\u00e9l\u00e9communications \u00e9quitable au Canada. Explorez des opportunit\u00e9s de carri\u00e8re stimulantes.\",\"breadcrumb\":{\"@id\":\"https:\/\/www.ccts-cprst.ca\/fr\/a-notre-sujet\/faire-carriere-au-cprst\/pourquoi-travailler-ici\/#breadcrumb\"},\"inLanguage\":\"fr-FR\",\"potentialAction\":[{\"@type\":\"ReadAction\",\"target\":[\"https:\/\/www.ccts-cprst.ca\/fr\/a-notre-sujet\/faire-carriere-au-cprst\/pourquoi-travailler-ici\/\"]}]},{\"@type\":\"BreadcrumbList\",\"@id\":\"https:\/\/www.ccts-cprst.ca\/fr\/a-notre-sujet\/faire-carriere-au-cprst\/pourquoi-travailler-ici\/#breadcrumb\",\"itemListElement\":[{\"@type\":\"ListItem\",\"position\":1,\"name\":\"Home\",\"item\":\"https:\/\/www.ccts-cprst.ca\/fr\/\"},{\"@type\":\"ListItem\",\"position\":2,\"name\":\"\u00c0 notre sujet\",\"item\":\"https:\/\/www.ccts-cprst.ca\/fr\/a-notre-sujet\/\"},{\"@type\":\"ListItem\",\"position\":3,\"name\":\"Faire carri\u00e8re \u00e0 la CPRST\",\"item\":\"https:\/\/www.ccts-cprst.ca\/fr\/a-notre-sujet\/faire-carriere-au-cprst\/\"},{\"@type\":\"ListItem\",\"position\":4,\"name\":\"Carri\u00e8res \u00e0 la CPRST\"}]},{\"@type\":\"WebSite\",\"@id\":\"https:\/\/www.ccts-cprst.ca\/fr\/#website\",\"url\":\"https:\/\/www.ccts-cprst.ca\/fr\/\",\"name\":\"CCTS \/ CPRST\",\"description\":\"\",\"publisher\":{\"@id\":\"https:\/\/www.ccts-cprst.ca\/fr\/#organization\"},\"potentialAction\":[{\"@type\":\"SearchAction\",\"target\":{\"@type\":\"EntryPoint\",\"urlTemplate\":\"https:\/\/www.ccts-cprst.ca\/fr\/?s={search_term_string}\"},\"query-input\":{\"@type\":\"PropertyValueSpecification\",\"valueRequired\":true,\"valueName\":\"search_term_string\"}}],\"inLanguage\":\"fr-FR\"},{\"@type\":\"Organization\",\"@id\":\"https:\/\/www.ccts-cprst.ca\/fr\/#organization\",\"name\":\"CCTS \/ CPRST\",\"url\":\"https:\/\/www.ccts-cprst.ca\/fr\/\",\"logo\":{\"@type\":\"ImageObject\",\"inLanguage\":\"fr-FR\",\"@id\":\"https:\/\/www.ccts-cprst.ca\/fr\/#\/schema\/logo\/image\/\",\"url\":\"https:\/\/www.ccts-cprst.ca\/wp-content\/uploads\/2024\/08\/logo-ccts-en.png\",\"contentUrl\":\"https:\/\/www.ccts-cprst.ca\/wp-content\/uploads\/2024\/08\/logo-ccts-en.png\",\"width\":498,\"height\":180,\"caption\":\"CCTS \/ CPRST\"},\"image\":{\"@id\":\"https:\/\/www.ccts-cprst.ca\/fr\/#\/schema\/logo\/image\/\"},\"sameAs\":[\"https:\/\/www.facebook.com\/ccts.cprst\/\",\"https:\/\/x.com\/ccts_cprst\",\"https:\/\/www.youtube.com\/channel\/UCLagw5p-R3rIJWUto9wt-5Q\",\"https:\/\/www.linkedin.com\/company\/commission-for-complaints-for-telecom-television-services\/\"]}]}<\/script>\n<!-- \/ Yoast SEO plugin. -->","yoast_head_json":{"title":"Carri\u00e8res \u00e0 la CPRST","description":"Joignez-vous \u00e0 la CPRST et contribuez \u00e0 fa\u00e7onner un paysage des t\u00e9l\u00e9communications \u00e9quitable au Canada. Explorez des opportunit\u00e9s de carri\u00e8re stimulantes.","robots":{"index":"index","follow":"follow","max-snippet":"max-snippet:-1","max-image-preview":"max-image-preview:large","max-video-preview":"max-video-preview:-1"},"canonical":"https:\/\/www.ccts-cprst.ca\/fr\/a-notre-sujet\/faire-carriere-au-cprst\/pourquoi-travailler-ici\/","og_locale":"fr_FR","og_type":"article","og_title":"Carri\u00e8res \u00e0 la CPRST","og_description":"Joignez-vous \u00e0 la CPRST et contribuez \u00e0 fa\u00e7onner un paysage des t\u00e9l\u00e9communications \u00e9quitable au Canada. Explorez des opportunit\u00e9s de carri\u00e8re stimulantes.","og_url":"https:\/\/www.ccts-cprst.ca\/fr\/a-notre-sujet\/faire-carriere-au-cprst\/pourquoi-travailler-ici\/","og_site_name":"CPRST","article_publisher":"https:\/\/www.facebook.com\/ccts.cprst\/","article_modified_time":"2026-02-16T15:59:49+00:00","twitter_card":"summary_large_image","twitter_site":"@ccts_cprst","twitter_misc":{"Dur\u00e9e de lecture estim\u00e9e":"4 minutes"},"schema":{"@context":"https:\/\/schema.org","@graph":[{"@type":"WebPage","@id":"https:\/\/www.ccts-cprst.ca\/fr\/a-notre-sujet\/faire-carriere-au-cprst\/pourquoi-travailler-ici\/","url":"https:\/\/www.ccts-cprst.ca\/fr\/a-notre-sujet\/faire-carriere-au-cprst\/pourquoi-travailler-ici\/","name":"Carri\u00e8res \u00e0 la CPRST","isPartOf":{"@id":"https:\/\/www.ccts-cprst.ca\/fr\/#website"},"datePublished":"2020-05-20T19:34:35+00:00","dateModified":"2026-02-16T15:59:49+00:00","description":"Joignez-vous \u00e0 la CPRST et contribuez \u00e0 fa\u00e7onner un paysage des t\u00e9l\u00e9communications \u00e9quitable au Canada. Explorez des opportunit\u00e9s de carri\u00e8re stimulantes.","breadcrumb":{"@id":"https:\/\/www.ccts-cprst.ca\/fr\/a-notre-sujet\/faire-carriere-au-cprst\/pourquoi-travailler-ici\/#breadcrumb"},"inLanguage":"fr-FR","potentialAction":[{"@type":"ReadAction","target":["https:\/\/www.ccts-cprst.ca\/fr\/a-notre-sujet\/faire-carriere-au-cprst\/pourquoi-travailler-ici\/"]}]},{"@type":"BreadcrumbList","@id":"https:\/\/www.ccts-cprst.ca\/fr\/a-notre-sujet\/faire-carriere-au-cprst\/pourquoi-travailler-ici\/#breadcrumb","itemListElement":[{"@type":"ListItem","position":1,"name":"Home","item":"https:\/\/www.ccts-cprst.ca\/fr\/"},{"@type":"ListItem","position":2,"name":"\u00c0 notre sujet","item":"https:\/\/www.ccts-cprst.ca\/fr\/a-notre-sujet\/"},{"@type":"ListItem","position":3,"name":"Faire carri\u00e8re \u00e0 la CPRST","item":"https:\/\/www.ccts-cprst.ca\/fr\/a-notre-sujet\/faire-carriere-au-cprst\/"},{"@type":"ListItem","position":4,"name":"Carri\u00e8res \u00e0 la CPRST"}]},{"@type":"WebSite","@id":"https:\/\/www.ccts-cprst.ca\/fr\/#website","url":"https:\/\/www.ccts-cprst.ca\/fr\/","name":"CCTS \/ CPRST","description":"","publisher":{"@id":"https:\/\/www.ccts-cprst.ca\/fr\/#organization"},"potentialAction":[{"@type":"SearchAction","target":{"@type":"EntryPoint","urlTemplate":"https:\/\/www.ccts-cprst.ca\/fr\/?s={search_term_string}"},"query-input":{"@type":"PropertyValueSpecification","valueRequired":true,"valueName":"search_term_string"}}],"inLanguage":"fr-FR"},{"@type":"Organization","@id":"https:\/\/www.ccts-cprst.ca\/fr\/#organization","name":"CCTS \/ CPRST","url":"https:\/\/www.ccts-cprst.ca\/fr\/","logo":{"@type":"ImageObject","inLanguage":"fr-FR","@id":"https:\/\/www.ccts-cprst.ca\/fr\/#\/schema\/logo\/image\/","url":"https:\/\/www.ccts-cprst.ca\/wp-content\/uploads\/2024\/08\/logo-ccts-en.png","contentUrl":"https:\/\/www.ccts-cprst.ca\/wp-content\/uploads\/2024\/08\/logo-ccts-en.png","width":498,"height":180,"caption":"CCTS \/ CPRST"},"image":{"@id":"https:\/\/www.ccts-cprst.ca\/fr\/#\/schema\/logo\/image\/"},"sameAs":["https:\/\/www.facebook.com\/ccts.cprst\/","https:\/\/x.com\/ccts_cprst","https:\/\/www.youtube.com\/channel\/UCLagw5p-R3rIJWUto9wt-5Q","https:\/\/www.linkedin.com\/company\/commission-for-complaints-for-telecom-television-services\/"]}]}},"_links":{"self":[{"href":"https:\/\/www.ccts-cprst.ca\/fr\/wp-json\/wp\/v2\/pages\/5588","targetHints":{"allow":["GET"]}}],"collection":[{"href":"https:\/\/www.ccts-cprst.ca\/fr\/wp-json\/wp\/v2\/pages"}],"about":[{"href":"https:\/\/www.ccts-cprst.ca\/fr\/wp-json\/wp\/v2\/types\/page"}],"author":[{"embeddable":true,"href":"https:\/\/www.ccts-cprst.ca\/fr\/wp-json\/wp\/v2\/users\/15"}],"replies":[{"embeddable":true,"href":"https:\/\/www.ccts-cprst.ca\/fr\/wp-json\/wp\/v2\/comments?post=5588"}],"version-history":[{"count":14,"href":"https:\/\/www.ccts-cprst.ca\/fr\/wp-json\/wp\/v2\/pages\/5588\/revisions"}],"predecessor-version":[{"id":12241,"href":"https:\/\/www.ccts-cprst.ca\/fr\/wp-json\/wp\/v2\/pages\/5588\/revisions\/12241"}],"up":[{"embeddable":true,"href":"https:\/\/www.ccts-cprst.ca\/fr\/wp-json\/wp\/v2\/pages\/1657"}],"wp:attachment":[{"href":"https:\/\/www.ccts-cprst.ca\/fr\/wp-json\/wp\/v2\/media?parent=5588"}],"curies":[{"name":"wp","href":"https:\/\/api.w.org\/{rel}","templated":true}]}}