{"id":5420,"date":"2020-04-02T14:25:28","date_gmt":"2020-04-02T18:25:28","guid":{"rendered":"https:\/\/www.ccts-cprst.ca\/?page_id=5420\/"},"modified":"2020-09-25T14:17:38","modified_gmt":"2020-09-25T18:17:38","slug":"faire-face-a-lepidemie-de-covid-19","status":"publish","type":"page","link":"https:\/\/www.ccts-cprst.ca\/fr\/faire-face-a-lepidemie-de-covid-19\/","title":{"rendered":"Faire face \u00e0 la COVID-19"},"content":{"rendered":"<h2>\u00c9tat Actuel<\/h2>\n<p>\u00c0 la lumi\u00e8re des r\u00e9cents d\u00e9veloppements entourant la propagation de COVID-19, nous voulons faire savoir aux clients que nous sommes toujours l\u00e0 pour les aider en ces temps difficiles.<\/p>\n<h2>Comment nous rejoindre<\/h2>\n<h3>D\u00e9poser une plainte en ligne<\/h3>\n<p>Vous pouvez toujours d\u00e9poser une plainte en utilisant notre <a href=\"https:\/\/www.ccts-cprst.ca\/fr\/pour-les-consommateurs\/plaintes\/deposer-une-plainte\/\">questionnaire interactif en ligne<\/a>. D\u00e9poser une plainte est gratuit et ne prends que quelques minutes \u00e0 compl\u00e9ter.<\/p>\n<h3>Courriel<\/h3>\n<p>Vous pouvez toujours nous envoyer un courriel \u00e0 <a href=\"mailto:plaintes@ccts-cprst.ca\">plaintes@ccts-cprst.ca<\/a>. Il peut y avoir des d\u00e9lais dans le traitement de votre demande.<\/p>\n<h3>T\u00e9l\u00e9phone<\/h3>\n<p>Vous pouvez rejoindre l\u2019un(e) de nos agent(e)s au 1-888-221-1687 du lundi au vendredi, entre 9 H 00 et 17 H 00, heure de l\u2019Est. Le temps d\u2019attente pourrait \u00eatre plus long.<\/p>\n<h3>Courrier<\/h3>\n<p>Nous encourageons les clients \u00e0 d\u00e9poser leur plainte en ligne \u00e0 l&rsquo;aide de notre <a href=\"https:\/\/www.ccts-cprst.ca\/fr\/pour-les-consommateurs\/plaintes\/deposer-une-plainte\/\">questionnaire interactif en ligne<\/a> puisqu&rsquo;il y a des d\u00e9lais consid\u00e9rables en mati\u00e8re de traitement du courrier ordinaire.<\/p>\n<h2>Les fournisseurs de services r\u00e9agissent au COVID-19<\/h2>\n<p>Consultez ces liens pour savoir comment les plus grands fournisseurs de services au Canada r\u00e9agissent \u00e0 la pand\u00e9mie.<\/p>\n<ul>\n<li><a href=\"https:\/\/www.bell.ca\/nouvelles-Covid-19\">Bell<\/a><\/li>\n<li><a href=\"https:\/\/www.rogers.com\/covid-19\/updates?icid=tl-hpmbccon-hrcwrls-080119598\">Rogers<\/a><\/li>\n<li><a href=\"https:\/\/www.telus.com\/fr\/about\/covid-19-updates?linktype=notification_bar\">TELUS<\/a><\/li>\n<li><a href=\"https:\/\/www.freedommobile.ca\/en-CA\/covid-19\">Freedom Mobile<\/a><\/li>\n<li><a href=\"https:\/\/www.cogeco.ca\/fr\/covid19miseajour\">Cogeco Connexion<\/a><\/li>\n<li><a href=\"https:\/\/videotron.com\/residentiel\/p\/services\/covid-19\/A-psku13490133f\">Vid\u00e9otron<\/a><\/li>\n<li><a href=\"https:\/\/www.shaw.ca\/covid-19\">Shaw<\/a><\/li>\n<\/ul>\n","protected":false},"excerpt":{"rendered":"<p>\u00c9tat Actuel \u00c0 la lumi\u00e8re des r\u00e9cents d\u00e9veloppements entourant la propagation de COVID-19, nous voulons faire savoir aux clients que nous sommes toujours l\u00e0 pour les aider en ces temps difficiles. Comment nous rejoindre D\u00e9poser une plainte en ligne Vous pouvez toujours d\u00e9poser une plainte en utilisant notre questionnaire interactif en ligne. D\u00e9poser une plainte<a class=\"excerpt-read-more\" href=\"https:\/\/www.ccts-cprst.ca\/fr\/faire-face-a-lepidemie-de-covid-19\/\" title=\"LuFaire face \u00e0 la COVID-19\">En lire plus &raquo;<\/a><\/p>\n","protected":false},"author":15,"featured_media":0,"parent":0,"menu_order":9,"comment_status":"closed","ping_status":"closed","template":"","meta":{"_acf_changed":false,"_relevanssi_hide_post":"","_relevanssi_hide_content":"","_relevanssi_pin_for_all":"","_relevanssi_pin_keywords":"","_relevanssi_unpin_keywords":"","_relevanssi_related_keywords":"","_relevanssi_related_include_ids":"","_relevanssi_related_exclude_ids":"","_relevanssi_related_no_append":"","_relevanssi_related_not_related":"","_relevanssi_related_posts":"","_relevanssi_noindex_reason":"","footnotes":""},"class_list":["post-5420","page","type-page","status-publish","hentry"],"acf":[],"yoast_head":"<!-- This site is optimized with the Yoast SEO plugin v26.9 - https:\/\/yoast.com\/product\/yoast-seo-wordpress\/ -->\n<title>Faire face \u00e0 la COVID-19 - CPRST<\/title>\n<meta name=\"robots\" content=\"index, follow, max-snippet:-1, max-image-preview:large, max-video-preview:-1\" \/>\n<link rel=\"canonical\" href=\"https:\/\/www.ccts-cprst.ca\/fr\/faire-face-a-lepidemie-de-covid-19\/\" \/>\n<meta property=\"og:locale\" content=\"fr_FR\" \/>\n<meta property=\"og:type\" content=\"article\" \/>\n<meta property=\"og:title\" content=\"Faire face \u00e0 la COVID-19 - CPRST\" \/>\n<meta property=\"og:description\" content=\"\u00c9tat Actuel \u00c0 la lumi\u00e8re des r\u00e9cents d\u00e9veloppements entourant la propagation de COVID-19, nous voulons faire savoir aux clients que nous sommes toujours l\u00e0 pour les aider en ces temps difficiles. Comment nous rejoindre D\u00e9poser une plainte en ligne Vous pouvez toujours d\u00e9poser une plainte en utilisant notre questionnaire interactif en ligne. D\u00e9poser une plainteEn lire plus &raquo;\" \/>\n<meta property=\"og:url\" content=\"https:\/\/www.ccts-cprst.ca\/fr\/faire-face-a-lepidemie-de-covid-19\/\" \/>\n<meta property=\"og:site_name\" content=\"CPRST\" \/>\n<meta property=\"article:publisher\" content=\"https:\/\/www.facebook.com\/ccts.cprst\/\" \/>\n<meta property=\"article:modified_time\" content=\"2020-09-25T18:17:38+00:00\" \/>\n<meta name=\"twitter:card\" content=\"summary_large_image\" \/>\n<meta name=\"twitter:site\" content=\"@ccts_cprst\" \/>\n<meta name=\"twitter:label1\" content=\"Dur\u00e9e de lecture estim\u00e9e\" \/>\n\t<meta name=\"twitter:data1\" content=\"1 minute\" \/>\n<script type=\"application\/ld+json\" class=\"yoast-schema-graph\">{\"@context\":\"https:\/\/schema.org\",\"@graph\":[{\"@type\":\"WebPage\",\"@id\":\"https:\/\/www.ccts-cprst.ca\/fr\/faire-face-a-lepidemie-de-covid-19\/\",\"url\":\"https:\/\/www.ccts-cprst.ca\/fr\/faire-face-a-lepidemie-de-covid-19\/\",\"name\":\"Faire face \u00e0 la COVID-19 - CPRST\",\"isPartOf\":{\"@id\":\"https:\/\/www.ccts-cprst.ca\/fr\/#website\"},\"datePublished\":\"2020-04-02T18:25:28+00:00\",\"dateModified\":\"2020-09-25T18:17:38+00:00\",\"breadcrumb\":{\"@id\":\"https:\/\/www.ccts-cprst.ca\/fr\/faire-face-a-lepidemie-de-covid-19\/#breadcrumb\"},\"inLanguage\":\"fr-FR\",\"potentialAction\":[{\"@type\":\"ReadAction\",\"target\":[\"https:\/\/www.ccts-cprst.ca\/fr\/faire-face-a-lepidemie-de-covid-19\/\"]}]},{\"@type\":\"BreadcrumbList\",\"@id\":\"https:\/\/www.ccts-cprst.ca\/fr\/faire-face-a-lepidemie-de-covid-19\/#breadcrumb\",\"itemListElement\":[{\"@type\":\"ListItem\",\"position\":1,\"name\":\"Home\",\"item\":\"https:\/\/www.ccts-cprst.ca\/fr\/\"},{\"@type\":\"ListItem\",\"position\":2,\"name\":\"Faire face \u00e0 la COVID-19\"}]},{\"@type\":\"WebSite\",\"@id\":\"https:\/\/www.ccts-cprst.ca\/fr\/#website\",\"url\":\"https:\/\/www.ccts-cprst.ca\/fr\/\",\"name\":\"CCTS \/ CPRST\",\"description\":\"\",\"publisher\":{\"@id\":\"https:\/\/www.ccts-cprst.ca\/fr\/#organization\"},\"potentialAction\":[{\"@type\":\"SearchAction\",\"target\":{\"@type\":\"EntryPoint\",\"urlTemplate\":\"https:\/\/www.ccts-cprst.ca\/fr\/?s={search_term_string}\"},\"query-input\":{\"@type\":\"PropertyValueSpecification\",\"valueRequired\":true,\"valueName\":\"search_term_string\"}}],\"inLanguage\":\"fr-FR\"},{\"@type\":\"Organization\",\"@id\":\"https:\/\/www.ccts-cprst.ca\/fr\/#organization\",\"name\":\"CCTS \/ CPRST\",\"url\":\"https:\/\/www.ccts-cprst.ca\/fr\/\",\"logo\":{\"@type\":\"ImageObject\",\"inLanguage\":\"fr-FR\",\"@id\":\"https:\/\/www.ccts-cprst.ca\/fr\/#\/schema\/logo\/image\/\",\"url\":\"https:\/\/www.ccts-cprst.ca\/wp-content\/uploads\/2024\/08\/logo-ccts-en.png\",\"contentUrl\":\"https:\/\/www.ccts-cprst.ca\/wp-content\/uploads\/2024\/08\/logo-ccts-en.png\",\"width\":498,\"height\":180,\"caption\":\"CCTS \/ CPRST\"},\"image\":{\"@id\":\"https:\/\/www.ccts-cprst.ca\/fr\/#\/schema\/logo\/image\/\"},\"sameAs\":[\"https:\/\/www.facebook.com\/ccts.cprst\/\",\"https:\/\/x.com\/ccts_cprst\",\"https:\/\/www.youtube.com\/channel\/UCLagw5p-R3rIJWUto9wt-5Q\",\"https:\/\/www.linkedin.com\/company\/commission-for-complaints-for-telecom-television-services\/\"]}]}<\/script>\n<!-- \/ Yoast SEO plugin. -->","yoast_head_json":{"title":"Faire face \u00e0 la COVID-19 - CPRST","robots":{"index":"index","follow":"follow","max-snippet":"max-snippet:-1","max-image-preview":"max-image-preview:large","max-video-preview":"max-video-preview:-1"},"canonical":"https:\/\/www.ccts-cprst.ca\/fr\/faire-face-a-lepidemie-de-covid-19\/","og_locale":"fr_FR","og_type":"article","og_title":"Faire face \u00e0 la COVID-19 - CPRST","og_description":"\u00c9tat Actuel \u00c0 la lumi\u00e8re des r\u00e9cents d\u00e9veloppements entourant la propagation de COVID-19, nous voulons faire savoir aux clients que nous sommes toujours l\u00e0 pour les aider en ces temps difficiles. Comment nous rejoindre D\u00e9poser une plainte en ligne Vous pouvez toujours d\u00e9poser une plainte en utilisant notre questionnaire interactif en ligne. D\u00e9poser une plainteEn lire plus &raquo;","og_url":"https:\/\/www.ccts-cprst.ca\/fr\/faire-face-a-lepidemie-de-covid-19\/","og_site_name":"CPRST","article_publisher":"https:\/\/www.facebook.com\/ccts.cprst\/","article_modified_time":"2020-09-25T18:17:38+00:00","twitter_card":"summary_large_image","twitter_site":"@ccts_cprst","twitter_misc":{"Dur\u00e9e de lecture estim\u00e9e":"1 minute"},"schema":{"@context":"https:\/\/schema.org","@graph":[{"@type":"WebPage","@id":"https:\/\/www.ccts-cprst.ca\/fr\/faire-face-a-lepidemie-de-covid-19\/","url":"https:\/\/www.ccts-cprst.ca\/fr\/faire-face-a-lepidemie-de-covid-19\/","name":"Faire face \u00e0 la COVID-19 - CPRST","isPartOf":{"@id":"https:\/\/www.ccts-cprst.ca\/fr\/#website"},"datePublished":"2020-04-02T18:25:28+00:00","dateModified":"2020-09-25T18:17:38+00:00","breadcrumb":{"@id":"https:\/\/www.ccts-cprst.ca\/fr\/faire-face-a-lepidemie-de-covid-19\/#breadcrumb"},"inLanguage":"fr-FR","potentialAction":[{"@type":"ReadAction","target":["https:\/\/www.ccts-cprst.ca\/fr\/faire-face-a-lepidemie-de-covid-19\/"]}]},{"@type":"BreadcrumbList","@id":"https:\/\/www.ccts-cprst.ca\/fr\/faire-face-a-lepidemie-de-covid-19\/#breadcrumb","itemListElement":[{"@type":"ListItem","position":1,"name":"Home","item":"https:\/\/www.ccts-cprst.ca\/fr\/"},{"@type":"ListItem","position":2,"name":"Faire face \u00e0 la COVID-19"}]},{"@type":"WebSite","@id":"https:\/\/www.ccts-cprst.ca\/fr\/#website","url":"https:\/\/www.ccts-cprst.ca\/fr\/","name":"CCTS \/ CPRST","description":"","publisher":{"@id":"https:\/\/www.ccts-cprst.ca\/fr\/#organization"},"potentialAction":[{"@type":"SearchAction","target":{"@type":"EntryPoint","urlTemplate":"https:\/\/www.ccts-cprst.ca\/fr\/?s={search_term_string}"},"query-input":{"@type":"PropertyValueSpecification","valueRequired":true,"valueName":"search_term_string"}}],"inLanguage":"fr-FR"},{"@type":"Organization","@id":"https:\/\/www.ccts-cprst.ca\/fr\/#organization","name":"CCTS \/ CPRST","url":"https:\/\/www.ccts-cprst.ca\/fr\/","logo":{"@type":"ImageObject","inLanguage":"fr-FR","@id":"https:\/\/www.ccts-cprst.ca\/fr\/#\/schema\/logo\/image\/","url":"https:\/\/www.ccts-cprst.ca\/wp-content\/uploads\/2024\/08\/logo-ccts-en.png","contentUrl":"https:\/\/www.ccts-cprst.ca\/wp-content\/uploads\/2024\/08\/logo-ccts-en.png","width":498,"height":180,"caption":"CCTS \/ CPRST"},"image":{"@id":"https:\/\/www.ccts-cprst.ca\/fr\/#\/schema\/logo\/image\/"},"sameAs":["https:\/\/www.facebook.com\/ccts.cprst\/","https:\/\/x.com\/ccts_cprst","https:\/\/www.youtube.com\/channel\/UCLagw5p-R3rIJWUto9wt-5Q","https:\/\/www.linkedin.com\/company\/commission-for-complaints-for-telecom-television-services\/"]}]}},"_links":{"self":[{"href":"https:\/\/www.ccts-cprst.ca\/fr\/wp-json\/wp\/v2\/pages\/5420","targetHints":{"allow":["GET"]}}],"collection":[{"href":"https:\/\/www.ccts-cprst.ca\/fr\/wp-json\/wp\/v2\/pages"}],"about":[{"href":"https:\/\/www.ccts-cprst.ca\/fr\/wp-json\/wp\/v2\/types\/page"}],"author":[{"embeddable":true,"href":"https:\/\/www.ccts-cprst.ca\/fr\/wp-json\/wp\/v2\/users\/15"}],"replies":[{"embeddable":true,"href":"https:\/\/www.ccts-cprst.ca\/fr\/wp-json\/wp\/v2\/comments?post=5420"}],"version-history":[{"count":6,"href":"https:\/\/www.ccts-cprst.ca\/fr\/wp-json\/wp\/v2\/pages\/5420\/revisions"}],"predecessor-version":[{"id":5798,"href":"https:\/\/www.ccts-cprst.ca\/fr\/wp-json\/wp\/v2\/pages\/5420\/revisions\/5798"}],"wp:attachment":[{"href":"https:\/\/www.ccts-cprst.ca\/fr\/wp-json\/wp\/v2\/media?parent=5420"}],"curies":[{"name":"wp","href":"https:\/\/api.w.org\/{rel}","templated":true}]}}