{"id":3530,"date":"2017-12-11T13:56:42","date_gmt":"2017-12-11T18:56:42","guid":{"rendered":"https:\/\/www.ccts-cprst.ca\/?page_id=3530\/"},"modified":"2021-12-17T14:10:20","modified_gmt":"2021-12-17T19:10:20","slug":"faire-le-suivi-des-violations-aux-codes","status":"publish","type":"page","link":"https:\/\/www.ccts-cprst.ca\/fr\/codes-statistiques-et-rapports\/faire-le-suivi-des-violations-aux-codes\/","title":{"rendered":"Faire le suivi des violations aux Codes"},"content":{"rendered":"<p>Nous sommes tenus d\u2019assurer la surveillance de la conformit\u00e9 aux exigences des Codes de conduite et de faire rapport \u00e0 ce sujet afin d\u2019assurer la plus grande transparence possible en ce qui a trait au travail d\u2019administration des Codes de conduite. Nous \u00e9valuons toutes les violations confirm\u00e9es aux Codes en fonction de cinq facteurs pour d\u00e9terminer la nature et le nombre de violations qui ont \u00e9t\u00e9 trouv\u00e9es dans le contexte de la plainte pour laquelle elles ont \u00e9t\u00e9 soulev\u00e9es.<\/p>\n<h3>Facteur\u00a01<\/h3>\n<p>La CPRST assure la surveillance de la conformit\u00e9 aux Codes et signale les violations all\u00e9gu\u00e9es et confirm\u00e9es aux exigences des codes. Une exigence est une disposition du Code qui (i) n\u00e9cessite qu\u2019un fournisseur de services accomplisse une action, ou (ii) n\u00e9cessite qu\u2019un fournisseur de services s\u2019abstienne d\u2019accomplir une action. Il y a violation lorsqu\u2019un fournisseur de services (i) omet d\u2019accomplir une action prescrite par les Codes, ou (ii) accomplisse une action interdite par les Codes.<\/p>\n<h3>Facteur\u00a02<\/h3>\n<p>En g\u00e9n\u00e9ral, la CPRST <strong>assure la surveillance de la<\/strong> <strong>conformit\u00e9<\/strong> aux exigences des codes en ce qui a trait aux <strong>\u00ab\u00a0clients\u00a0\u00bb<\/strong> et non aux <strong>\u00ab\u00a0consommateurs\u00a0\u00bb<\/strong>, et elle fait rapport \u00e0 ce sujet. Le \u00ab\u00a0client\u00a0\u00bb est d\u00e9termin\u00e9 selon la consultation de la d\u00e9finition sp\u00e9cifique du code pertinent, tel qu\u2019il est interpr\u00e9t\u00e9. Il s\u2019agit g\u00e9n\u00e9ralement de la personne responsable du paiement du service. Toutefois, la CPRST <strong>assurera la surveillance de la<\/strong> <strong>conformit\u00e9<\/strong> aux articles particuliers du Code des FSTV qui portent sur les circonstances o\u00f9 le \u00ab\u00a0consommateur\u00a0\u00bb devient un \u00ab\u00a0client\u00a0\u00bb en concluant un contrat avec le fournisseur de services de t\u00e9l\u00e9vision <strong>et elle fera rapport \u00e0 ce sujet<\/strong>. Il en va de m\u00eame dans les cas o\u00f9 les clients existants de services de t\u00e9l\u00e9vision acceptent une offre de nouveaux services de t\u00e9l\u00e9vision de la part de leur fournisseur de services de t\u00e9l\u00e9vision. En outre, la CPRST assure la surveillance de <strong>questions<\/strong> li\u00e9es aux exigences du Code des FSTV en ce qui a trait aux \u00ab\u00a0consommateurs\u00a0\u00bb, et elle fait rapport \u00e0 ce sujet.<\/p>\n<h3>Facteur\u00a03<\/h3>\n<p>La CPRST signale les violations all\u00e9gu\u00e9es et confirm\u00e9es aux exigences des Codes, non les violations aux \u00e9l\u00e9ments qui forment les exigences des Codes. Si l\u2019exigence du Code qui fait l\u2019objet d\u2019une violation all\u00e9gu\u00e9e ou confirm\u00e9e comporte plusieurs \u00e9l\u00e9ments, la CPRST peut assurer la surveillance, \u00e0 des fins de suivi, de la conformit\u00e9 aux \u00e9l\u00e9ments, cependant, elle ne peut signaler qu\u2019une seule violation all\u00e9gu\u00e9e ou confirm\u00e9e, car il n\u2019y a qu\u2019une seule violation all\u00e9gu\u00e9e ou confirm\u00e9e possible par exigence. Par exemple, le Code sur les services sans fil et le Code des FSTV n\u00e9cessitent que le fournisseur de services fournisse un r\u00e9sum\u00e9 des renseignements essentiels (RRE) et que le RRE contienne \u00ab\u00a0tous\u00a0\u00bb les renseignements prescrits aux paragraphes suivants. Le contenu prescrit du RRE forme des \u00e9l\u00e9ments de l\u2019exigence\u00a0\u2013 ce ne sont pas des exigences distinctes. L\u2019omission d\u2019inclure un ou plusieurs de ces \u00e9l\u00e9ments compte pour une violation all\u00e9gu\u00e9e ou confirm\u00e9e, quel que soit le nombre d\u2019\u00e9l\u00e9ments manquants. Chaque \u00e9l\u00e9ment manquant peut cependant \u00eatre surveill\u00e9 \u00e0 des fins de suivi. La CPRST utilise trois lignes directrices pour d\u00e9terminer si une disposition de Code est un \u00ab\u00a0\u00e9l\u00e9ment\u00a0\u00bb ou une \u00ab\u00a0exigence\u00a0\u00bb.<\/p>\n<h3>Facteur\u00a04<\/h3>\n<p>La CPRST quantifie le nombre de violations all\u00e9gu\u00e9es ou confirm\u00e9es \u00e0 une exigence de Code en se fiant \u00e0 ces \u00e9l\u00e9ments (i) les d\u00e9lais, le cas \u00e9ch\u00e9ant, associ\u00e9s \u00e0 l\u2019exigence (de nature ponctuelle, suivie ou r\u00e9currente); et (ii) le nombre d\u2019applications de l\u2019exigence du Code.<\/p>\n<h3>Facteur\u00a05<\/h3>\n<p>Dans des situations exceptionnelles mettant en cause des faits ou circonstances uniques, il est possible que la CPRST assure la surveillance de la conformit\u00e9 aux Codes et fasse rapport d\u2019une mani\u00e8re diff\u00e9rente de celle d\u00e9crite aux facteurs\u00a01 \u00e0 4.<\/p>\n","protected":false},"excerpt":{"rendered":"<p>Nous sommes tenus d\u2019assurer la surveillance de la conformit\u00e9 aux exigences des Codes de conduite et de faire rapport \u00e0 ce sujet afin d\u2019assurer la plus grande transparence possible en ce qui a trait au travail d\u2019administration des Codes de conduite. Nous \u00e9valuons toutes les violations confirm\u00e9es aux Codes en fonction de cinq facteurs pour<a class=\"excerpt-read-more\" href=\"https:\/\/www.ccts-cprst.ca\/fr\/codes-statistiques-et-rapports\/faire-le-suivi-des-violations-aux-codes\/\" title=\"LuFaire le suivi des violations aux Codes\">En lire plus &raquo;<\/a><\/p>\n","protected":false},"author":15,"featured_media":0,"parent":1546,"menu_order":0,"comment_status":"closed","ping_status":"closed","template":"","meta":{"_acf_changed":false,"_relevanssi_hide_post":"","_relevanssi_hide_content":"","_relevanssi_pin_for_all":"","_relevanssi_pin_keywords":"","_relevanssi_unpin_keywords":"","_relevanssi_related_keywords":"","_relevanssi_related_include_ids":"","_relevanssi_related_exclude_ids":"","_relevanssi_related_no_append":"","_relevanssi_related_not_related":"","_relevanssi_related_posts":"","_relevanssi_noindex_reason":"","footnotes":""},"class_list":["post-3530","page","type-page","status-publish","hentry"],"acf":[],"yoast_head":"<!-- This site is optimized with the Yoast SEO plugin v26.9 - https:\/\/yoast.com\/product\/yoast-seo-wordpress\/ -->\n<title>Faire le suivi des violations aux Codes - CPRST<\/title>\n<meta name=\"robots\" content=\"index, follow, max-snippet:-1, max-image-preview:large, max-video-preview:-1\" \/>\n<link rel=\"canonical\" href=\"https:\/\/www.ccts-cprst.ca\/fr\/codes-statistiques-et-rapports\/faire-le-suivi-des-violations-aux-codes\/\" \/>\n<meta property=\"og:locale\" content=\"fr_FR\" \/>\n<meta property=\"og:type\" content=\"article\" \/>\n<meta property=\"og:title\" content=\"Faire le suivi des violations aux Codes - CPRST\" \/>\n<meta property=\"og:description\" content=\"Nous sommes tenus d\u2019assurer la surveillance de la conformit\u00e9 aux exigences des Codes de conduite et de faire rapport \u00e0 ce sujet afin d\u2019assurer la plus grande transparence possible en ce qui a trait au travail d\u2019administration des Codes de conduite. Nous \u00e9valuons toutes les violations confirm\u00e9es aux Codes en fonction de cinq facteurs pourEn lire plus &raquo;\" \/>\n<meta property=\"og:url\" content=\"https:\/\/www.ccts-cprst.ca\/fr\/codes-statistiques-et-rapports\/faire-le-suivi-des-violations-aux-codes\/\" \/>\n<meta property=\"og:site_name\" content=\"CPRST\" \/>\n<meta property=\"article:publisher\" content=\"https:\/\/www.facebook.com\/ccts.cprst\/\" \/>\n<meta property=\"article:modified_time\" content=\"2021-12-17T19:10:20+00:00\" \/>\n<meta name=\"twitter:card\" content=\"summary_large_image\" \/>\n<meta name=\"twitter:site\" content=\"@ccts_cprst\" \/>\n<meta name=\"twitter:label1\" content=\"Dur\u00e9e de lecture estim\u00e9e\" \/>\n\t<meta name=\"twitter:data1\" content=\"3 minutes\" \/>\n<script type=\"application\/ld+json\" class=\"yoast-schema-graph\">{\"@context\":\"https:\/\/schema.org\",\"@graph\":[{\"@type\":\"WebPage\",\"@id\":\"https:\/\/www.ccts-cprst.ca\/fr\/codes-statistiques-et-rapports\/faire-le-suivi-des-violations-aux-codes\/\",\"url\":\"https:\/\/www.ccts-cprst.ca\/fr\/codes-statistiques-et-rapports\/faire-le-suivi-des-violations-aux-codes\/\",\"name\":\"Faire le suivi des violations aux Codes - CPRST\",\"isPartOf\":{\"@id\":\"https:\/\/www.ccts-cprst.ca\/fr\/#website\"},\"datePublished\":\"2017-12-11T18:56:42+00:00\",\"dateModified\":\"2021-12-17T19:10:20+00:00\",\"breadcrumb\":{\"@id\":\"https:\/\/www.ccts-cprst.ca\/fr\/codes-statistiques-et-rapports\/faire-le-suivi-des-violations-aux-codes\/#breadcrumb\"},\"inLanguage\":\"fr-FR\",\"potentialAction\":[{\"@type\":\"ReadAction\",\"target\":[\"https:\/\/www.ccts-cprst.ca\/fr\/codes-statistiques-et-rapports\/faire-le-suivi-des-violations-aux-codes\/\"]}]},{\"@type\":\"BreadcrumbList\",\"@id\":\"https:\/\/www.ccts-cprst.ca\/fr\/codes-statistiques-et-rapports\/faire-le-suivi-des-violations-aux-codes\/#breadcrumb\",\"itemListElement\":[{\"@type\":\"ListItem\",\"position\":1,\"name\":\"Home\",\"item\":\"https:\/\/www.ccts-cprst.ca\/fr\/\"},{\"@type\":\"ListItem\",\"position\":2,\"name\":\"Codes, statistiques et rapports\",\"item\":\"https:\/\/www.ccts-cprst.ca\/fr\/codes-statistiques-et-rapports\/\"},{\"@type\":\"ListItem\",\"position\":3,\"name\":\"Faire le suivi des violations aux Codes\"}]},{\"@type\":\"WebSite\",\"@id\":\"https:\/\/www.ccts-cprst.ca\/fr\/#website\",\"url\":\"https:\/\/www.ccts-cprst.ca\/fr\/\",\"name\":\"CCTS \/ CPRST\",\"description\":\"\",\"publisher\":{\"@id\":\"https:\/\/www.ccts-cprst.ca\/fr\/#organization\"},\"potentialAction\":[{\"@type\":\"SearchAction\",\"target\":{\"@type\":\"EntryPoint\",\"urlTemplate\":\"https:\/\/www.ccts-cprst.ca\/fr\/?s={search_term_string}\"},\"query-input\":{\"@type\":\"PropertyValueSpecification\",\"valueRequired\":true,\"valueName\":\"search_term_string\"}}],\"inLanguage\":\"fr-FR\"},{\"@type\":\"Organization\",\"@id\":\"https:\/\/www.ccts-cprst.ca\/fr\/#organization\",\"name\":\"CCTS \/ CPRST\",\"url\":\"https:\/\/www.ccts-cprst.ca\/fr\/\",\"logo\":{\"@type\":\"ImageObject\",\"inLanguage\":\"fr-FR\",\"@id\":\"https:\/\/www.ccts-cprst.ca\/fr\/#\/schema\/logo\/image\/\",\"url\":\"https:\/\/www.ccts-cprst.ca\/wp-content\/uploads\/2024\/08\/logo-ccts-en.png\",\"contentUrl\":\"https:\/\/www.ccts-cprst.ca\/wp-content\/uploads\/2024\/08\/logo-ccts-en.png\",\"width\":498,\"height\":180,\"caption\":\"CCTS \/ CPRST\"},\"image\":{\"@id\":\"https:\/\/www.ccts-cprst.ca\/fr\/#\/schema\/logo\/image\/\"},\"sameAs\":[\"https:\/\/www.facebook.com\/ccts.cprst\/\",\"https:\/\/x.com\/ccts_cprst\",\"https:\/\/www.youtube.com\/channel\/UCLagw5p-R3rIJWUto9wt-5Q\",\"https:\/\/www.linkedin.com\/company\/commission-for-complaints-for-telecom-television-services\/\"]}]}<\/script>\n<!-- \/ Yoast SEO plugin. -->","yoast_head_json":{"title":"Faire le suivi des violations aux Codes - CPRST","robots":{"index":"index","follow":"follow","max-snippet":"max-snippet:-1","max-image-preview":"max-image-preview:large","max-video-preview":"max-video-preview:-1"},"canonical":"https:\/\/www.ccts-cprst.ca\/fr\/codes-statistiques-et-rapports\/faire-le-suivi-des-violations-aux-codes\/","og_locale":"fr_FR","og_type":"article","og_title":"Faire le suivi des violations aux Codes - CPRST","og_description":"Nous sommes tenus d\u2019assurer la surveillance de la conformit\u00e9 aux exigences des Codes de conduite et de faire rapport \u00e0 ce sujet afin d\u2019assurer la plus grande transparence possible en ce qui a trait au travail d\u2019administration des Codes de conduite. Nous \u00e9valuons toutes les violations confirm\u00e9es aux Codes en fonction de cinq facteurs pourEn lire plus &raquo;","og_url":"https:\/\/www.ccts-cprst.ca\/fr\/codes-statistiques-et-rapports\/faire-le-suivi-des-violations-aux-codes\/","og_site_name":"CPRST","article_publisher":"https:\/\/www.facebook.com\/ccts.cprst\/","article_modified_time":"2021-12-17T19:10:20+00:00","twitter_card":"summary_large_image","twitter_site":"@ccts_cprst","twitter_misc":{"Dur\u00e9e de lecture estim\u00e9e":"3 minutes"},"schema":{"@context":"https:\/\/schema.org","@graph":[{"@type":"WebPage","@id":"https:\/\/www.ccts-cprst.ca\/fr\/codes-statistiques-et-rapports\/faire-le-suivi-des-violations-aux-codes\/","url":"https:\/\/www.ccts-cprst.ca\/fr\/codes-statistiques-et-rapports\/faire-le-suivi-des-violations-aux-codes\/","name":"Faire le suivi des violations aux Codes - CPRST","isPartOf":{"@id":"https:\/\/www.ccts-cprst.ca\/fr\/#website"},"datePublished":"2017-12-11T18:56:42+00:00","dateModified":"2021-12-17T19:10:20+00:00","breadcrumb":{"@id":"https:\/\/www.ccts-cprst.ca\/fr\/codes-statistiques-et-rapports\/faire-le-suivi-des-violations-aux-codes\/#breadcrumb"},"inLanguage":"fr-FR","potentialAction":[{"@type":"ReadAction","target":["https:\/\/www.ccts-cprst.ca\/fr\/codes-statistiques-et-rapports\/faire-le-suivi-des-violations-aux-codes\/"]}]},{"@type":"BreadcrumbList","@id":"https:\/\/www.ccts-cprst.ca\/fr\/codes-statistiques-et-rapports\/faire-le-suivi-des-violations-aux-codes\/#breadcrumb","itemListElement":[{"@type":"ListItem","position":1,"name":"Home","item":"https:\/\/www.ccts-cprst.ca\/fr\/"},{"@type":"ListItem","position":2,"name":"Codes, statistiques et rapports","item":"https:\/\/www.ccts-cprst.ca\/fr\/codes-statistiques-et-rapports\/"},{"@type":"ListItem","position":3,"name":"Faire le suivi des violations aux Codes"}]},{"@type":"WebSite","@id":"https:\/\/www.ccts-cprst.ca\/fr\/#website","url":"https:\/\/www.ccts-cprst.ca\/fr\/","name":"CCTS \/ CPRST","description":"","publisher":{"@id":"https:\/\/www.ccts-cprst.ca\/fr\/#organization"},"potentialAction":[{"@type":"SearchAction","target":{"@type":"EntryPoint","urlTemplate":"https:\/\/www.ccts-cprst.ca\/fr\/?s={search_term_string}"},"query-input":{"@type":"PropertyValueSpecification","valueRequired":true,"valueName":"search_term_string"}}],"inLanguage":"fr-FR"},{"@type":"Organization","@id":"https:\/\/www.ccts-cprst.ca\/fr\/#organization","name":"CCTS \/ CPRST","url":"https:\/\/www.ccts-cprst.ca\/fr\/","logo":{"@type":"ImageObject","inLanguage":"fr-FR","@id":"https:\/\/www.ccts-cprst.ca\/fr\/#\/schema\/logo\/image\/","url":"https:\/\/www.ccts-cprst.ca\/wp-content\/uploads\/2024\/08\/logo-ccts-en.png","contentUrl":"https:\/\/www.ccts-cprst.ca\/wp-content\/uploads\/2024\/08\/logo-ccts-en.png","width":498,"height":180,"caption":"CCTS \/ CPRST"},"image":{"@id":"https:\/\/www.ccts-cprst.ca\/fr\/#\/schema\/logo\/image\/"},"sameAs":["https:\/\/www.facebook.com\/ccts.cprst\/","https:\/\/x.com\/ccts_cprst","https:\/\/www.youtube.com\/channel\/UCLagw5p-R3rIJWUto9wt-5Q","https:\/\/www.linkedin.com\/company\/commission-for-complaints-for-telecom-television-services\/"]}]}},"_links":{"self":[{"href":"https:\/\/www.ccts-cprst.ca\/fr\/wp-json\/wp\/v2\/pages\/3530","targetHints":{"allow":["GET"]}}],"collection":[{"href":"https:\/\/www.ccts-cprst.ca\/fr\/wp-json\/wp\/v2\/pages"}],"about":[{"href":"https:\/\/www.ccts-cprst.ca\/fr\/wp-json\/wp\/v2\/types\/page"}],"author":[{"embeddable":true,"href":"https:\/\/www.ccts-cprst.ca\/fr\/wp-json\/wp\/v2\/users\/15"}],"replies":[{"embeddable":true,"href":"https:\/\/www.ccts-cprst.ca\/fr\/wp-json\/wp\/v2\/comments?post=3530"}],"version-history":[{"count":8,"href":"https:\/\/www.ccts-cprst.ca\/fr\/wp-json\/wp\/v2\/pages\/3530\/revisions"}],"predecessor-version":[{"id":7183,"href":"https:\/\/www.ccts-cprst.ca\/fr\/wp-json\/wp\/v2\/pages\/3530\/revisions\/7183"}],"up":[{"embeddable":true,"href":"https:\/\/www.ccts-cprst.ca\/fr\/wp-json\/wp\/v2\/pages\/1546"}],"wp:attachment":[{"href":"https:\/\/www.ccts-cprst.ca\/fr\/wp-json\/wp\/v2\/media?parent=3530"}],"curies":[{"name":"wp","href":"https:\/\/api.w.org\/{rel}","templated":true}]}}