{"id":3282,"date":"2017-10-10T14:47:55","date_gmt":"2017-10-10T18:47:55","guid":{"rendered":"https:\/\/www.ccts-cprst.ca\/?page_id=3282\/"},"modified":"2024-04-05T12:23:58","modified_gmt":"2024-04-05T16:23:58","slug":"contactez-nous","status":"publish","type":"page","link":"https:\/\/www.ccts-cprst.ca\/fr\/contactez-nous\/","title":{"rendered":"Coordonn\u00e9es"},"content":{"rendered":"<h2>Pour les renseignements g\u00e9n\u00e9raux<\/h2>\n<p>Vous pouvez nous rejoindre pour discuter de votre plainte ou nous poser une question. Nos bureaux sont ouverts du lundi au vendredi, de 9h \u00e0 17h, heure de l\u2019Est.<\/p>\n<p>Appel sans frais :\u00a01 888-221-1687<br \/>\nATS : 1 844-713-3010<br \/>\ncourriel : <a href=\"mailto:plaintes@ccts-cprst.ca\">plaintes@ccts-cprst.ca<\/a><br \/>\nt\u00e9l\u00e9copieur : 1 877-782-2924<br \/>\nla poste :\u00a0C.P. 56067 &#8211; Place Minto RO,\u00a0Ottawa, (Ontario)\u00a0K1R 7Z1<\/p>\n<h2>Pour les fournisseurs de services<\/h2>\n<p>Les fournisseurs de services de t\u00e9l\u00e9communications et de t\u00e9l\u00e9vision qui ont des questions concernant la CPRST, le processus d\u2019adh\u00e9sion ou le portail Web peuvent rejoindre le d\u00e9partement des relations avec les intervenants \u00e0 l&rsquo;adresse\u00a0<a href=\"mailto:StakeholderRelations@ccts-cprst.ca\">StakeholderRelations@ccts-cprst.ca<\/a><\/p>\n<h2>Pour les demandes m\u00e9diatiques<\/h2>\n<p>Pour toute requ\u00eate de la part des m\u00e9dias et demande d\u2019entrevue, rejoindre le d\u00e9partement des communications au 1 855-512-9783 ou par courriel \u00e0 l&rsquo;adresse\u00a0<a href=\"mailto:communications@ccts-cprst.ca\">communications@ccts-cprst.ca<\/a><\/p>\n<h2>Pour les possibilit\u00e9s de carri\u00e8re<\/h2>\n<p>Pour toutes questions li\u00e9es aux possibilit\u00e9s de carri\u00e8re au sein de la CPRST, rejoindre les Ressources Humaines \u00e0 l&rsquo;adresse\u00a0<strong><a href=\"mailto:hr-rh@ccts-cprst.ca\">hr-rh@ccts-cprst.ca<\/a><\/strong><\/p>\n","protected":false},"excerpt":{"rendered":"<p>Pour les renseignements g\u00e9n\u00e9raux Vous pouvez nous rejoindre pour discuter de votre plainte ou nous poser une question. Nos bureaux sont ouverts du lundi au vendredi, de 9h \u00e0 17h, heure de l\u2019Est. Appel sans frais :\u00a01 888-221-1687 ATS : 1 844-713-3010 courriel : plaintes@ccts-cprst.ca t\u00e9l\u00e9copieur : 1 877-782-2924 la poste :\u00a0C.P. 56067 &#8211; Place<a class=\"excerpt-read-more\" href=\"https:\/\/www.ccts-cprst.ca\/fr\/contactez-nous\/\" title=\"LuCoordonn\u00e9es\">En lire plus &raquo;<\/a><\/p>\n","protected":false},"author":6,"featured_media":0,"parent":0,"menu_order":5,"comment_status":"closed","ping_status":"closed","template":"page-contact.php","meta":{"_acf_changed":false,"_relevanssi_hide_post":"","_relevanssi_hide_content":"","_relevanssi_pin_for_all":"","_relevanssi_pin_keywords":"","_relevanssi_unpin_keywords":"","_relevanssi_related_keywords":"","_relevanssi_related_include_ids":"","_relevanssi_related_exclude_ids":"","_relevanssi_related_no_append":"","_relevanssi_related_not_related":"","_relevanssi_related_posts":"","_relevanssi_noindex_reason":"","footnotes":""},"class_list":["post-3282","page","type-page","status-publish","hentry"],"acf":[],"yoast_head":"<!-- This site is optimized with the Yoast SEO plugin v26.9 - https:\/\/yoast.com\/product\/yoast-seo-wordpress\/ -->\n<title>Coordonn\u00e9es - CPRST<\/title>\n<meta name=\"robots\" content=\"index, follow, max-snippet:-1, max-image-preview:large, max-video-preview:-1\" \/>\n<link rel=\"canonical\" href=\"https:\/\/www.ccts-cprst.ca\/fr\/contactez-nous\/\" \/>\n<meta property=\"og:locale\" content=\"fr_FR\" \/>\n<meta property=\"og:type\" content=\"article\" \/>\n<meta property=\"og:title\" content=\"Coordonn\u00e9es - CPRST\" \/>\n<meta property=\"og:description\" content=\"Pour les renseignements g\u00e9n\u00e9raux Vous pouvez nous rejoindre pour discuter de votre plainte ou nous poser une question. Nos bureaux sont ouverts du lundi au vendredi, de 9h \u00e0 17h, heure de l\u2019Est. Appel sans frais :\u00a01 888-221-1687 ATS : 1 844-713-3010 courriel : plaintes@ccts-cprst.ca t\u00e9l\u00e9copieur : 1 877-782-2924 la poste :\u00a0C.P. 56067 &#8211; PlaceEn lire plus &raquo;\" \/>\n<meta property=\"og:url\" content=\"https:\/\/www.ccts-cprst.ca\/fr\/contactez-nous\/\" \/>\n<meta property=\"og:site_name\" content=\"CPRST\" \/>\n<meta property=\"article:publisher\" content=\"https:\/\/www.facebook.com\/ccts.cprst\/\" \/>\n<meta property=\"article:modified_time\" content=\"2024-04-05T16:23:58+00:00\" \/>\n<meta name=\"twitter:card\" content=\"summary_large_image\" \/>\n<meta name=\"twitter:site\" content=\"@ccts_cprst\" \/>\n<meta name=\"twitter:label1\" content=\"Dur\u00e9e de lecture estim\u00e9e\" \/>\n\t<meta name=\"twitter:data1\" content=\"1 minute\" \/>\n<script type=\"application\/ld+json\" class=\"yoast-schema-graph\">{\"@context\":\"https:\/\/schema.org\",\"@graph\":[{\"@type\":\"WebPage\",\"@id\":\"https:\/\/www.ccts-cprst.ca\/fr\/contactez-nous\/\",\"url\":\"https:\/\/www.ccts-cprst.ca\/fr\/contactez-nous\/\",\"name\":\"Coordonn\u00e9es - CPRST\",\"isPartOf\":{\"@id\":\"https:\/\/www.ccts-cprst.ca\/fr\/#website\"},\"datePublished\":\"2017-10-10T18:47:55+00:00\",\"dateModified\":\"2024-04-05T16:23:58+00:00\",\"breadcrumb\":{\"@id\":\"https:\/\/www.ccts-cprst.ca\/fr\/contactez-nous\/#breadcrumb\"},\"inLanguage\":\"fr-FR\",\"potentialAction\":[{\"@type\":\"ReadAction\",\"target\":[\"https:\/\/www.ccts-cprst.ca\/fr\/contactez-nous\/\"]}]},{\"@type\":\"BreadcrumbList\",\"@id\":\"https:\/\/www.ccts-cprst.ca\/fr\/contactez-nous\/#breadcrumb\",\"itemListElement\":[{\"@type\":\"ListItem\",\"position\":1,\"name\":\"Home\",\"item\":\"https:\/\/www.ccts-cprst.ca\/fr\/\"},{\"@type\":\"ListItem\",\"position\":2,\"name\":\"Coordonn\u00e9es\"}]},{\"@type\":\"WebSite\",\"@id\":\"https:\/\/www.ccts-cprst.ca\/fr\/#website\",\"url\":\"https:\/\/www.ccts-cprst.ca\/fr\/\",\"name\":\"CCTS \/ CPRST\",\"description\":\"\",\"publisher\":{\"@id\":\"https:\/\/www.ccts-cprst.ca\/fr\/#organization\"},\"potentialAction\":[{\"@type\":\"SearchAction\",\"target\":{\"@type\":\"EntryPoint\",\"urlTemplate\":\"https:\/\/www.ccts-cprst.ca\/fr\/?s={search_term_string}\"},\"query-input\":{\"@type\":\"PropertyValueSpecification\",\"valueRequired\":true,\"valueName\":\"search_term_string\"}}],\"inLanguage\":\"fr-FR\"},{\"@type\":\"Organization\",\"@id\":\"https:\/\/www.ccts-cprst.ca\/fr\/#organization\",\"name\":\"CCTS \/ CPRST\",\"url\":\"https:\/\/www.ccts-cprst.ca\/fr\/\",\"logo\":{\"@type\":\"ImageObject\",\"inLanguage\":\"fr-FR\",\"@id\":\"https:\/\/www.ccts-cprst.ca\/fr\/#\/schema\/logo\/image\/\",\"url\":\"https:\/\/www.ccts-cprst.ca\/wp-content\/uploads\/2024\/08\/logo-ccts-en.png\",\"contentUrl\":\"https:\/\/www.ccts-cprst.ca\/wp-content\/uploads\/2024\/08\/logo-ccts-en.png\",\"width\":498,\"height\":180,\"caption\":\"CCTS \/ CPRST\"},\"image\":{\"@id\":\"https:\/\/www.ccts-cprst.ca\/fr\/#\/schema\/logo\/image\/\"},\"sameAs\":[\"https:\/\/www.facebook.com\/ccts.cprst\/\",\"https:\/\/x.com\/ccts_cprst\",\"https:\/\/www.youtube.com\/channel\/UCLagw5p-R3rIJWUto9wt-5Q\",\"https:\/\/www.linkedin.com\/company\/commission-for-complaints-for-telecom-television-services\/\"]}]}<\/script>\n<!-- \/ Yoast SEO plugin. -->","yoast_head_json":{"title":"Coordonn\u00e9es - CPRST","robots":{"index":"index","follow":"follow","max-snippet":"max-snippet:-1","max-image-preview":"max-image-preview:large","max-video-preview":"max-video-preview:-1"},"canonical":"https:\/\/www.ccts-cprst.ca\/fr\/contactez-nous\/","og_locale":"fr_FR","og_type":"article","og_title":"Coordonn\u00e9es - CPRST","og_description":"Pour les renseignements g\u00e9n\u00e9raux Vous pouvez nous rejoindre pour discuter de votre plainte ou nous poser une question. Nos bureaux sont ouverts du lundi au vendredi, de 9h \u00e0 17h, heure de l\u2019Est. Appel sans frais :\u00a01 888-221-1687 ATS : 1 844-713-3010 courriel : plaintes@ccts-cprst.ca t\u00e9l\u00e9copieur : 1 877-782-2924 la poste :\u00a0C.P. 56067 &#8211; PlaceEn lire plus &raquo;","og_url":"https:\/\/www.ccts-cprst.ca\/fr\/contactez-nous\/","og_site_name":"CPRST","article_publisher":"https:\/\/www.facebook.com\/ccts.cprst\/","article_modified_time":"2024-04-05T16:23:58+00:00","twitter_card":"summary_large_image","twitter_site":"@ccts_cprst","twitter_misc":{"Dur\u00e9e de lecture estim\u00e9e":"1 minute"},"schema":{"@context":"https:\/\/schema.org","@graph":[{"@type":"WebPage","@id":"https:\/\/www.ccts-cprst.ca\/fr\/contactez-nous\/","url":"https:\/\/www.ccts-cprst.ca\/fr\/contactez-nous\/","name":"Coordonn\u00e9es - CPRST","isPartOf":{"@id":"https:\/\/www.ccts-cprst.ca\/fr\/#website"},"datePublished":"2017-10-10T18:47:55+00:00","dateModified":"2024-04-05T16:23:58+00:00","breadcrumb":{"@id":"https:\/\/www.ccts-cprst.ca\/fr\/contactez-nous\/#breadcrumb"},"inLanguage":"fr-FR","potentialAction":[{"@type":"ReadAction","target":["https:\/\/www.ccts-cprst.ca\/fr\/contactez-nous\/"]}]},{"@type":"BreadcrumbList","@id":"https:\/\/www.ccts-cprst.ca\/fr\/contactez-nous\/#breadcrumb","itemListElement":[{"@type":"ListItem","position":1,"name":"Home","item":"https:\/\/www.ccts-cprst.ca\/fr\/"},{"@type":"ListItem","position":2,"name":"Coordonn\u00e9es"}]},{"@type":"WebSite","@id":"https:\/\/www.ccts-cprst.ca\/fr\/#website","url":"https:\/\/www.ccts-cprst.ca\/fr\/","name":"CCTS \/ CPRST","description":"","publisher":{"@id":"https:\/\/www.ccts-cprst.ca\/fr\/#organization"},"potentialAction":[{"@type":"SearchAction","target":{"@type":"EntryPoint","urlTemplate":"https:\/\/www.ccts-cprst.ca\/fr\/?s={search_term_string}"},"query-input":{"@type":"PropertyValueSpecification","valueRequired":true,"valueName":"search_term_string"}}],"inLanguage":"fr-FR"},{"@type":"Organization","@id":"https:\/\/www.ccts-cprst.ca\/fr\/#organization","name":"CCTS \/ CPRST","url":"https:\/\/www.ccts-cprst.ca\/fr\/","logo":{"@type":"ImageObject","inLanguage":"fr-FR","@id":"https:\/\/www.ccts-cprst.ca\/fr\/#\/schema\/logo\/image\/","url":"https:\/\/www.ccts-cprst.ca\/wp-content\/uploads\/2024\/08\/logo-ccts-en.png","contentUrl":"https:\/\/www.ccts-cprst.ca\/wp-content\/uploads\/2024\/08\/logo-ccts-en.png","width":498,"height":180,"caption":"CCTS \/ CPRST"},"image":{"@id":"https:\/\/www.ccts-cprst.ca\/fr\/#\/schema\/logo\/image\/"},"sameAs":["https:\/\/www.facebook.com\/ccts.cprst\/","https:\/\/x.com\/ccts_cprst","https:\/\/www.youtube.com\/channel\/UCLagw5p-R3rIJWUto9wt-5Q","https:\/\/www.linkedin.com\/company\/commission-for-complaints-for-telecom-television-services\/"]}]}},"_links":{"self":[{"href":"https:\/\/www.ccts-cprst.ca\/fr\/wp-json\/wp\/v2\/pages\/3282","targetHints":{"allow":["GET"]}}],"collection":[{"href":"https:\/\/www.ccts-cprst.ca\/fr\/wp-json\/wp\/v2\/pages"}],"about":[{"href":"https:\/\/www.ccts-cprst.ca\/fr\/wp-json\/wp\/v2\/types\/page"}],"author":[{"embeddable":true,"href":"https:\/\/www.ccts-cprst.ca\/fr\/wp-json\/wp\/v2\/users\/6"}],"replies":[{"embeddable":true,"href":"https:\/\/www.ccts-cprst.ca\/fr\/wp-json\/wp\/v2\/comments?post=3282"}],"version-history":[{"count":20,"href":"https:\/\/www.ccts-cprst.ca\/fr\/wp-json\/wp\/v2\/pages\/3282\/revisions"}],"predecessor-version":[{"id":10578,"href":"https:\/\/www.ccts-cprst.ca\/fr\/wp-json\/wp\/v2\/pages\/3282\/revisions\/10578"}],"wp:attachment":[{"href":"https:\/\/www.ccts-cprst.ca\/fr\/wp-json\/wp\/v2\/media?parent=3282"}],"curies":[{"name":"wp","href":"https:\/\/api.w.org\/{rel}","templated":true}]}}