{"id":1905,"date":"2017-07-18T15:16:46","date_gmt":"2017-07-18T19:16:46","guid":{"rendered":"https:\/\/www.ccts-cprst.ca\/for-consumers\/plaintes\/complaint-form\/"},"modified":"2026-02-11T15:52:57","modified_gmt":"2026-02-11T20:52:57","slug":"deposer-une-plainte","status":"publish","type":"page","link":"https:\/\/www.ccts-cprst.ca\/fr\/pour-les-consommateurs\/plaintes\/deposer-une-plainte\/","title":{"rendered":"Formulaire de plainte en ligne"},"content":{"rendered":"<p class=\"hide\">Notre service de r\u00e8glement des diff\u00e9rends est totalement gratuit pour tous les consommateurs.<\/p>\n<h2>Soumettez votre formulaire de plainte en une seule \u00e9tape<\/h2>\n<p>La fa\u00e7on la plus rapide de d\u00e9poser une plainte est de remplir notre formulaire en ligne. Nous examinerons votre plainte et d\u00e9terminerons si nous pouvons vous aider. Les renseignements que vous nous fournissez nous aideront \u00e0 comprendre ce qui s\u2019est pass\u00e9 et comment vous voulez que le fournisseur de services r\u00e9solve le probl\u00e8me.<\/p>\n<p>Si nous acceptons votre plainte, <a href=\"https:\/\/www.ccts-cprst.ca\/fr\/pour-les-consommateurs\/plaintes\/processus-de-traitement-des-plaintes\/\">la premi\u00e8re chose que nous ferons<\/a> sera d\u2019envoyer une copie de votre plainte \u00e0 votre fournisseur de services. Celui-ci devra collaborer directement avec vous pour tenter de r\u00e9soudre le probl\u00e8me. Cela signifie que, dans le cadre de notre processus de r\u00e8glement des plaintes, vos renseignements seront communiqu\u00e9s \u00e0 votre fournisseur de services.<\/p>\n<h2>Avant de soumettre votre formulaire de plainte de la CPRST<\/h2>\n<h3>V\u00e9rifiez si la CPRST peut vous aider \u00e0 r\u00e9gler votre plainte<\/h3>\n<p>Les services de la CPRST sont offerts aux clients et clientes ainsi qu\u2019aux petites entreprises du Canada, \u00e0 quelques exceptions pr\u00e8s. En g\u00e9n\u00e9ral, nous acceptons les plaintes li\u00e9es aux diff\u00e9rends contractuels, aux erreurs de facturation, aux probl\u00e8mes de prestation de services et \u00e0 la gestion du cr\u00e9dit.<\/p>\n<p><u>Voyez la liste des probl\u00e8mes accept\u00e9s et des exclusions<\/u>.<\/p>\n<h3>Recueillez des renseignements et des documents justificatifs<\/h3>\n<p>Pour que la CPRST puisse traiter votre plainte, nous avons besoin de renseignements pr\u00e9cis de votre part. Nous vous recommandons d\u2019avoir en main tous les renseignements n\u00e9cessaires avant de commencer le d\u00e9p\u00f4t de votre plainte.<\/p>\n<h2>Commencez le d\u00e9p\u00f4t de votre plainte<\/h2>\n<p>D\u00e9posez une plainte en ligne aupr\u00e8s de la CPRST en remplissant un court formulaire.<\/p>\n<p><a class=\"button orange\" href=\"https:\/\/customervoice.microsoft.com\/Pages\/ResponsePage.aspx?lang=fr&amp;id=M-0t2FuABEmsWJ5uVT7p8NMdJNCDYbhIhyKlbtiwuV9URFpRWlk3NEhQODNCRTc4VzAyTjNXWFM1Ni4u\" target=\"_blank\" rel=\"noopener\">Commencer ma plainte <img decoding=\"async\" style=\"width: 15px; height: 15px; margin-left: 10px;\" src=\"https:\/\/www.ccts-cprst.ca\/wp-content\/uploads\/2024\/11\/external-link-white.png\" alt=\"\" \/><span class=\"screen-reader-text\">ouvre une nouvelle fen\u00eatre<\/span><\/a><\/p>\n<p>Si vous n\u2019\u00eates pas en mesure d\u2019utiliser le formulaire en ligne, nous offrons d\u2019autres m\u00e9thodes pour soumettre une plainte.<\/p>\n<p>Vous avez besoin d\u2019aide pour d\u00e9poser votre plainte? Commencez une s\u00e9ance de clavardage en direct ou \u00e9crivez-nous \u00e0 response@ccts-cprst.ca. Si vous avez besoin du service\u00a0ATS, veuillez communiquer avec nous au +1\u00a0844\u00a0713-3010.<\/p>\n<p><u>Lisez notre Politique sur les communications respectueuses<\/u>.<\/p>\n<h2>En savoir plus sur la CPRST<\/h2>\n<p>En tant que service d\u2019ombudsman ind\u00e9pendant, la CPRST offre un service de r\u00e8glement des plaintes \u00e9quitable et impartial pour les probl\u00e8mes li\u00e9s aux services de t\u00e9l\u00e9phone mobile, de t\u00e9l\u00e9phonie r\u00e9sidentielle, d\u2019internet et de t\u00e9l\u00e9vision partout au Canada.<\/p>\n<p>Notre Code de proc\u00e9dures et notre processus de r\u00e8glement des plaintes d\u00e9finissent notre fa\u00e7on de r\u00e9gler les plaintes.<\/p>\n","protected":false},"excerpt":{"rendered":"<p>Notre service de r\u00e8glement des diff\u00e9rends est totalement gratuit pour tous les consommateurs. Soumettez votre formulaire de plainte en une seule \u00e9tape La fa\u00e7on la plus rapide de d\u00e9poser une plainte est de remplir notre formulaire en ligne. Nous examinerons votre plainte et d\u00e9terminerons si nous pouvons vous aider. Les renseignements que vous nous fournissez<a class=\"excerpt-read-more\" href=\"https:\/\/www.ccts-cprst.ca\/fr\/pour-les-consommateurs\/plaintes\/deposer-une-plainte\/\" title=\"LuFormulaire de plainte en ligne\">En lire plus &raquo;<\/a><\/p>\n","protected":false},"author":1,"featured_media":0,"parent":1555,"menu_order":0,"comment_status":"closed","ping_status":"closed","template":"","meta":{"_acf_changed":false,"_relevanssi_hide_post":"","_relevanssi_hide_content":"","_relevanssi_pin_for_all":"","_relevanssi_pin_keywords":"","_relevanssi_unpin_keywords":"","_relevanssi_related_keywords":"","_relevanssi_related_include_ids":"","_relevanssi_related_exclude_ids":"","_relevanssi_related_no_append":"","_relevanssi_related_not_related":"","_relevanssi_related_posts":"","_relevanssi_noindex_reason":"","footnotes":""},"class_list":["post-1905","page","type-page","status-publish","hentry"],"acf":[],"yoast_head":"<!-- This site is optimized with the Yoast SEO plugin v26.9 - https:\/\/yoast.com\/product\/yoast-seo-wordpress\/ -->\n<title>Comment d\u00e9poser une plainte t\u00e9l\u00e9com | CPRST<\/title>\n<meta name=\"description\" content=\"La CPRST offre un service de r\u00e8glement de plainte pour les clients de t\u00e9l\u00e9com-t\u00e9l\u00e9vision. D\u00e9posez une plainte en ligne, gratuitement!\" \/>\n<meta name=\"robots\" content=\"index, follow, max-snippet:-1, max-image-preview:large, max-video-preview:-1\" \/>\n<link rel=\"canonical\" href=\"https:\/\/www.ccts-cprst.ca\/fr\/pour-les-consommateurs\/plaintes\/deposer-une-plainte\/\" \/>\n<meta property=\"og:locale\" content=\"fr_FR\" \/>\n<meta property=\"og:type\" content=\"article\" \/>\n<meta property=\"og:title\" content=\"Comment d\u00e9poser une plainte t\u00e9l\u00e9com | CPRST\" \/>\n<meta property=\"og:description\" content=\"La CPRST offre un service de r\u00e8glement de plainte pour les clients de t\u00e9l\u00e9com-t\u00e9l\u00e9vision. D\u00e9posez une plainte en ligne, gratuitement!\" \/>\n<meta property=\"og:url\" content=\"https:\/\/www.ccts-cprst.ca\/fr\/pour-les-consommateurs\/plaintes\/deposer-une-plainte\/\" \/>\n<meta property=\"og:site_name\" content=\"CPRST\" \/>\n<meta property=\"article:publisher\" content=\"https:\/\/www.facebook.com\/ccts.cprst\/\" \/>\n<meta property=\"article:modified_time\" content=\"2026-02-11T20:52:57+00:00\" \/>\n<meta property=\"og:image\" content=\"https:\/\/www.ccts-cprst.ca\/wp-content\/uploads\/2024\/11\/external-link-white.png\" \/>\n<meta name=\"twitter:card\" content=\"summary_large_image\" \/>\n<meta name=\"twitter:site\" content=\"@ccts_cprst\" \/>\n<meta name=\"twitter:label1\" content=\"Dur\u00e9e de lecture estim\u00e9e\" \/>\n\t<meta name=\"twitter:data1\" content=\"2 minutes\" \/>\n<script type=\"application\/ld+json\" class=\"yoast-schema-graph\">{\"@context\":\"https:\/\/schema.org\",\"@graph\":[{\"@type\":\"WebPage\",\"@id\":\"https:\/\/www.ccts-cprst.ca\/fr\/pour-les-consommateurs\/plaintes\/deposer-une-plainte\/\",\"url\":\"https:\/\/www.ccts-cprst.ca\/fr\/pour-les-consommateurs\/plaintes\/deposer-une-plainte\/\",\"name\":\"Comment d\u00e9poser une plainte t\u00e9l\u00e9com | CPRST\",\"isPartOf\":{\"@id\":\"https:\/\/www.ccts-cprst.ca\/fr\/#website\"},\"primaryImageOfPage\":{\"@id\":\"https:\/\/www.ccts-cprst.ca\/fr\/pour-les-consommateurs\/plaintes\/deposer-une-plainte\/#primaryimage\"},\"image\":{\"@id\":\"https:\/\/www.ccts-cprst.ca\/fr\/pour-les-consommateurs\/plaintes\/deposer-une-plainte\/#primaryimage\"},\"thumbnailUrl\":\"https:\/\/www.ccts-cprst.ca\/wp-content\/uploads\/2024\/11\/external-link-white.png\",\"datePublished\":\"2017-07-18T19:16:46+00:00\",\"dateModified\":\"2026-02-11T20:52:57+00:00\",\"description\":\"La CPRST offre un service de r\u00e8glement de plainte pour les clients de t\u00e9l\u00e9com-t\u00e9l\u00e9vision. D\u00e9posez une plainte en ligne, gratuitement!\",\"breadcrumb\":{\"@id\":\"https:\/\/www.ccts-cprst.ca\/fr\/pour-les-consommateurs\/plaintes\/deposer-une-plainte\/#breadcrumb\"},\"inLanguage\":\"fr-FR\",\"potentialAction\":[{\"@type\":\"ReadAction\",\"target\":[\"https:\/\/www.ccts-cprst.ca\/fr\/pour-les-consommateurs\/plaintes\/deposer-une-plainte\/\"]}]},{\"@type\":\"ImageObject\",\"inLanguage\":\"fr-FR\",\"@id\":\"https:\/\/www.ccts-cprst.ca\/fr\/pour-les-consommateurs\/plaintes\/deposer-une-plainte\/#primaryimage\",\"url\":\"https:\/\/www.ccts-cprst.ca\/wp-content\/uploads\/2024\/11\/external-link-white.png\",\"contentUrl\":\"https:\/\/www.ccts-cprst.ca\/wp-content\/uploads\/2024\/11\/external-link-white.png\"},{\"@type\":\"BreadcrumbList\",\"@id\":\"https:\/\/www.ccts-cprst.ca\/fr\/pour-les-consommateurs\/plaintes\/deposer-une-plainte\/#breadcrumb\",\"itemListElement\":[{\"@type\":\"ListItem\",\"position\":1,\"name\":\"Home\",\"item\":\"https:\/\/www.ccts-cprst.ca\/fr\/\"},{\"@type\":\"ListItem\",\"position\":2,\"name\":\"Pour les consommateurs\",\"item\":\"https:\/\/www.ccts-cprst.ca\/fr\/pour-les-consommateurs\/\"},{\"@type\":\"ListItem\",\"position\":3,\"name\":\"Plaintes\",\"item\":\"https:\/\/www.ccts-cprst.ca\/fr\/pour-les-consommateurs\/plaintes\/\"},{\"@type\":\"ListItem\",\"position\":4,\"name\":\"Formulaire de plainte en ligne\"}]},{\"@type\":\"WebSite\",\"@id\":\"https:\/\/www.ccts-cprst.ca\/fr\/#website\",\"url\":\"https:\/\/www.ccts-cprst.ca\/fr\/\",\"name\":\"CCTS \/ CPRST\",\"description\":\"\",\"publisher\":{\"@id\":\"https:\/\/www.ccts-cprst.ca\/fr\/#organization\"},\"potentialAction\":[{\"@type\":\"SearchAction\",\"target\":{\"@type\":\"EntryPoint\",\"urlTemplate\":\"https:\/\/www.ccts-cprst.ca\/fr\/?s={search_term_string}\"},\"query-input\":{\"@type\":\"PropertyValueSpecification\",\"valueRequired\":true,\"valueName\":\"search_term_string\"}}],\"inLanguage\":\"fr-FR\"},{\"@type\":\"Organization\",\"@id\":\"https:\/\/www.ccts-cprst.ca\/fr\/#organization\",\"name\":\"CCTS \/ CPRST\",\"url\":\"https:\/\/www.ccts-cprst.ca\/fr\/\",\"logo\":{\"@type\":\"ImageObject\",\"inLanguage\":\"fr-FR\",\"@id\":\"https:\/\/www.ccts-cprst.ca\/fr\/#\/schema\/logo\/image\/\",\"url\":\"https:\/\/www.ccts-cprst.ca\/wp-content\/uploads\/2024\/08\/logo-ccts-en.png\",\"contentUrl\":\"https:\/\/www.ccts-cprst.ca\/wp-content\/uploads\/2024\/08\/logo-ccts-en.png\",\"width\":498,\"height\":180,\"caption\":\"CCTS \/ CPRST\"},\"image\":{\"@id\":\"https:\/\/www.ccts-cprst.ca\/fr\/#\/schema\/logo\/image\/\"},\"sameAs\":[\"https:\/\/www.facebook.com\/ccts.cprst\/\",\"https:\/\/x.com\/ccts_cprst\",\"https:\/\/www.youtube.com\/channel\/UCLagw5p-R3rIJWUto9wt-5Q\",\"https:\/\/www.linkedin.com\/company\/commission-for-complaints-for-telecom-television-services\/\"]}]}<\/script>\n<!-- \/ Yoast SEO plugin. -->","yoast_head_json":{"title":"Comment d\u00e9poser une plainte t\u00e9l\u00e9com | CPRST","description":"La CPRST offre un service de r\u00e8glement de plainte pour les clients de t\u00e9l\u00e9com-t\u00e9l\u00e9vision. D\u00e9posez une plainte en ligne, gratuitement!","robots":{"index":"index","follow":"follow","max-snippet":"max-snippet:-1","max-image-preview":"max-image-preview:large","max-video-preview":"max-video-preview:-1"},"canonical":"https:\/\/www.ccts-cprst.ca\/fr\/pour-les-consommateurs\/plaintes\/deposer-une-plainte\/","og_locale":"fr_FR","og_type":"article","og_title":"Comment d\u00e9poser une plainte t\u00e9l\u00e9com | CPRST","og_description":"La CPRST offre un service de r\u00e8glement de plainte pour les clients de t\u00e9l\u00e9com-t\u00e9l\u00e9vision. D\u00e9posez une plainte en ligne, gratuitement!","og_url":"https:\/\/www.ccts-cprst.ca\/fr\/pour-les-consommateurs\/plaintes\/deposer-une-plainte\/","og_site_name":"CPRST","article_publisher":"https:\/\/www.facebook.com\/ccts.cprst\/","article_modified_time":"2026-02-11T20:52:57+00:00","og_image":[{"url":"https:\/\/www.ccts-cprst.ca\/wp-content\/uploads\/2024\/11\/external-link-white.png","type":"","width":"","height":""}],"twitter_card":"summary_large_image","twitter_site":"@ccts_cprst","twitter_misc":{"Dur\u00e9e de lecture estim\u00e9e":"2 minutes"},"schema":{"@context":"https:\/\/schema.org","@graph":[{"@type":"WebPage","@id":"https:\/\/www.ccts-cprst.ca\/fr\/pour-les-consommateurs\/plaintes\/deposer-une-plainte\/","url":"https:\/\/www.ccts-cprst.ca\/fr\/pour-les-consommateurs\/plaintes\/deposer-une-plainte\/","name":"Comment d\u00e9poser une plainte t\u00e9l\u00e9com | CPRST","isPartOf":{"@id":"https:\/\/www.ccts-cprst.ca\/fr\/#website"},"primaryImageOfPage":{"@id":"https:\/\/www.ccts-cprst.ca\/fr\/pour-les-consommateurs\/plaintes\/deposer-une-plainte\/#primaryimage"},"image":{"@id":"https:\/\/www.ccts-cprst.ca\/fr\/pour-les-consommateurs\/plaintes\/deposer-une-plainte\/#primaryimage"},"thumbnailUrl":"https:\/\/www.ccts-cprst.ca\/wp-content\/uploads\/2024\/11\/external-link-white.png","datePublished":"2017-07-18T19:16:46+00:00","dateModified":"2026-02-11T20:52:57+00:00","description":"La CPRST offre un service de r\u00e8glement de plainte pour les clients de t\u00e9l\u00e9com-t\u00e9l\u00e9vision. D\u00e9posez une plainte en ligne, gratuitement!","breadcrumb":{"@id":"https:\/\/www.ccts-cprst.ca\/fr\/pour-les-consommateurs\/plaintes\/deposer-une-plainte\/#breadcrumb"},"inLanguage":"fr-FR","potentialAction":[{"@type":"ReadAction","target":["https:\/\/www.ccts-cprst.ca\/fr\/pour-les-consommateurs\/plaintes\/deposer-une-plainte\/"]}]},{"@type":"ImageObject","inLanguage":"fr-FR","@id":"https:\/\/www.ccts-cprst.ca\/fr\/pour-les-consommateurs\/plaintes\/deposer-une-plainte\/#primaryimage","url":"https:\/\/www.ccts-cprst.ca\/wp-content\/uploads\/2024\/11\/external-link-white.png","contentUrl":"https:\/\/www.ccts-cprst.ca\/wp-content\/uploads\/2024\/11\/external-link-white.png"},{"@type":"BreadcrumbList","@id":"https:\/\/www.ccts-cprst.ca\/fr\/pour-les-consommateurs\/plaintes\/deposer-une-plainte\/#breadcrumb","itemListElement":[{"@type":"ListItem","position":1,"name":"Home","item":"https:\/\/www.ccts-cprst.ca\/fr\/"},{"@type":"ListItem","position":2,"name":"Pour les consommateurs","item":"https:\/\/www.ccts-cprst.ca\/fr\/pour-les-consommateurs\/"},{"@type":"ListItem","position":3,"name":"Plaintes","item":"https:\/\/www.ccts-cprst.ca\/fr\/pour-les-consommateurs\/plaintes\/"},{"@type":"ListItem","position":4,"name":"Formulaire de plainte en ligne"}]},{"@type":"WebSite","@id":"https:\/\/www.ccts-cprst.ca\/fr\/#website","url":"https:\/\/www.ccts-cprst.ca\/fr\/","name":"CCTS \/ CPRST","description":"","publisher":{"@id":"https:\/\/www.ccts-cprst.ca\/fr\/#organization"},"potentialAction":[{"@type":"SearchAction","target":{"@type":"EntryPoint","urlTemplate":"https:\/\/www.ccts-cprst.ca\/fr\/?s={search_term_string}"},"query-input":{"@type":"PropertyValueSpecification","valueRequired":true,"valueName":"search_term_string"}}],"inLanguage":"fr-FR"},{"@type":"Organization","@id":"https:\/\/www.ccts-cprst.ca\/fr\/#organization","name":"CCTS \/ CPRST","url":"https:\/\/www.ccts-cprst.ca\/fr\/","logo":{"@type":"ImageObject","inLanguage":"fr-FR","@id":"https:\/\/www.ccts-cprst.ca\/fr\/#\/schema\/logo\/image\/","url":"https:\/\/www.ccts-cprst.ca\/wp-content\/uploads\/2024\/08\/logo-ccts-en.png","contentUrl":"https:\/\/www.ccts-cprst.ca\/wp-content\/uploads\/2024\/08\/logo-ccts-en.png","width":498,"height":180,"caption":"CCTS \/ CPRST"},"image":{"@id":"https:\/\/www.ccts-cprst.ca\/fr\/#\/schema\/logo\/image\/"},"sameAs":["https:\/\/www.facebook.com\/ccts.cprst\/","https:\/\/x.com\/ccts_cprst","https:\/\/www.youtube.com\/channel\/UCLagw5p-R3rIJWUto9wt-5Q","https:\/\/www.linkedin.com\/company\/commission-for-complaints-for-telecom-television-services\/"]}]}},"_links":{"self":[{"href":"https:\/\/www.ccts-cprst.ca\/fr\/wp-json\/wp\/v2\/pages\/1905","targetHints":{"allow":["GET"]}}],"collection":[{"href":"https:\/\/www.ccts-cprst.ca\/fr\/wp-json\/wp\/v2\/pages"}],"about":[{"href":"https:\/\/www.ccts-cprst.ca\/fr\/wp-json\/wp\/v2\/types\/page"}],"author":[{"embeddable":true,"href":"https:\/\/www.ccts-cprst.ca\/fr\/wp-json\/wp\/v2\/users\/1"}],"replies":[{"embeddable":true,"href":"https:\/\/www.ccts-cprst.ca\/fr\/wp-json\/wp\/v2\/comments?post=1905"}],"version-history":[{"count":34,"href":"https:\/\/www.ccts-cprst.ca\/fr\/wp-json\/wp\/v2\/pages\/1905\/revisions"}],"predecessor-version":[{"id":12219,"href":"https:\/\/www.ccts-cprst.ca\/fr\/wp-json\/wp\/v2\/pages\/1905\/revisions\/12219"}],"up":[{"embeddable":true,"href":"https:\/\/www.ccts-cprst.ca\/fr\/wp-json\/wp\/v2\/pages\/1555"}],"wp:attachment":[{"href":"https:\/\/www.ccts-cprst.ca\/fr\/wp-json\/wp\/v2\/media?parent=1905"}],"curies":[{"name":"wp","href":"https:\/\/api.w.org\/{rel}","templated":true}]}}