{"id":1649,"date":"2017-07-14T14:21:43","date_gmt":"2017-07-14T18:21:43","guid":{"rendered":"https:\/\/www.ccts-cprst.ca\/?page_id=1649\/"},"modified":"2026-02-02T15:14:59","modified_gmt":"2026-02-02T20:14:59","slug":"rapport-de-rendement-du-cprst","status":"publish","type":"page","link":"https:\/\/www.ccts-cprst.ca\/fr\/codes-statistiques-et-rapports\/rapports-du-cprst\/rapport-de-rendement-du-cprst\/","title":{"rendered":"Rapport de rendement"},"content":{"rendered":"<p>Pour la p\u00e9riode allant du 1<sup>er <\/sup>ao\u00fbt 2025 au 31 janvier 2026.<\/p>\n<h2>Centre d&rsquo;appels<\/h2>\n<table style=\"border-collapse: collapse; width: 100%;\">\n<tbody>\n<tr>\n<th style=\"padding-top: 12px; padding-bottom: 12px; text-align: left; background-color: #4577a1; color: white; border: 1px solid #ddd; padding: 8px;\">Processus<\/th>\n<th style=\"padding-top: 12px; padding-bottom: 12px; text-align: left; background-color: #4577a1; color: white; border: 1px solid #ddd; padding: 8px;\">Objectif<\/th>\n<th style=\"padding-top: 12px; padding-bottom: 12px; text-align: left; background-color: #4577a1; color: white; border: 1px solid #ddd; padding: 8px;\">1er Trimestre<\/th>\n<th style=\"padding-top: 12px; padding-bottom: 12px; text-align: left; background-color: #4577a1; color: white; border: 1px solid #ddd; padding: 8px;\">2e Trimestre<\/th>\n<th style=\"padding-top: 12px; padding-bottom: 12px; text-align: left; background-color: #4577a1; color: white; border: 1px solid #ddd; padding: 8px;\">3e Trimestre<\/th>\n<th style=\"padding-top: 12px; padding-bottom: 12px; text-align: left; background-color: #4577a1; color: white; border: 1px solid #ddd; padding: 8px;\">4e Trimestre<\/th>\n<th style=\"padding-top: 12px; padding-bottom: 12px; text-align: left; background-color: #4577a1; color: white; border: 1px solid #ddd; padding: 8px;\">Depuis le d\u00e9but de l\u2019ann\u00e9e<\/th>\n<\/tr>\n<tr>\n<td style=\"border: 1px solid #ddd; padding: 8px;\">R\u00e9pondre aux appels t\u00e9l\u00e9phoniques dans les 120 secondes<\/td>\n<td style=\"border: 1px solid #ddd; padding: 8px;\">80 %<\/td>\n<td style=\"border: 1px solid #ddd; padding: 8px;\">87,00 %<\/td>\n<td style=\"border: 1px solid #ddd; padding: 8px;\">80,26 %<\/td>\n<td style=\"border: 1px solid #ddd; padding: 8px;\"><\/td>\n<td style=\"border: 1px solid #ddd; padding: 8px;\"><\/td>\n<td style=\"border: 1px solid #ddd; padding: 8px;\">83,56 %<\/td>\n<\/tr>\n<tr>\n<td style=\"border: 1px solid #ddd; padding: 8px;\">Traiter les communications \u00e9crites de la client\u00e8le dans les 5 jours ouvrables<\/td>\n<td style=\"border: 1px solid #ddd; padding: 8px;\">80 %<\/td>\n<td style=\"border: 1px solid #ddd; padding: 8px;\">98,70 %<\/td>\n<td style=\"border: 1px solid #ddd; padding: 8px;\">99,35 %<\/td>\n<td style=\"border: 1px solid #ddd; padding: 8px;\"><\/td>\n<td style=\"border: 1px solid #ddd; padding: 8px;\"><\/td>\n<td style=\"border: 1px solid #ddd; padding: 8px;\">99,09 %<\/td>\n<\/tr>\n<\/tbody>\n<\/table>\n<p>&nbsp;<\/p>\n<h2>Traitement des plaintes<\/h2>\n<table style=\"border-collapse: collapse; width: 100%;\">\n<tbody>\n<tr>\n<th style=\"padding-top: 12px; padding-bottom: 12px; text-align: left; background-color: #4577a1; color: white; border: 1px solid #ddd; padding: 8px;\">Processus<\/th>\n<th style=\"padding-top: 12px; padding-bottom: 12px; text-align: left; background-color: #4577a1; color: white; border: 1px solid #ddd; padding: 8px;\">Objectif<\/th>\n<th style=\"padding-top: 12px; padding-bottom: 12px; text-align: left; background-color: #4577a1; color: white; border: 1px solid #ddd; padding: 8px;\">1er Trimestre<\/th>\n<th style=\"padding-top: 12px; padding-bottom: 12px; text-align: left; background-color: #4577a1; color: white; border: 1px solid #ddd; padding: 8px;\">2e Trimestre<\/th>\n<th style=\"padding-top: 12px; padding-bottom: 12px; text-align: left; background-color: #4577a1; color: white; border: 1px solid #ddd; padding: 8px;\">3e Trimestre<\/th>\n<th style=\"padding-top: 12px; padding-bottom: 12px; text-align: left; background-color: #4577a1; color: white; border: 1px solid #ddd; padding: 8px;\">4e Trimestre<\/th>\n<th style=\"padding-top: 12px; padding-bottom: 12px; text-align: left; background-color: #4577a1; color: white; border: 1px solid #ddd; padding: 8px;\">Depuis le d\u00e9but de l\u2019ann\u00e9e<\/th>\n<\/tr>\n<tr>\n<td style=\"border: 1px solid #ddd; padding: 8px;\">\u00c9valuer les plaintes pour d\u00e9terminer si elles r\u00e9pondent aux crit\u00e8res d\u2019admissibilit\u00e9 dans un d\u00e9lai de 3 jours ouvrables<\/td>\n<td style=\"border: 1px solid #ddd; padding: 8px;\">80 %<\/td>\n<td style=\"border: 1px solid #ddd; padding: 8px;\">98,64 %<\/td>\n<td style=\"border: 1px solid #ddd; padding: 8px;\">98,15 %<\/td>\n<td style=\"border: 1px solid #ddd; padding: 8px;\"><\/td>\n<td style=\"border: 1px solid #ddd; padding: 8px;\"><\/td>\n<td style=\"border: 1px solid #ddd; padding: 8px;\">98,36 %<\/td>\n<\/tr>\n<tr>\n<td style=\"border: 1px solid #ddd; padding: 8px;\">Plaintes conclues \u00e0 toutes les \u00e9tapes dans un d\u00e9lai de 60 jours<\/td>\n<td style=\"border: 1px solid #ddd; padding: 8px;\">80 %<\/td>\n<td style=\"border: 1px solid #ddd; padding: 8px;\">86,60 %<\/td>\n<td style=\"border: 1px solid #ddd; padding: 8px;\">82,69 %<\/td>\n<td style=\"border: 1px solid #ddd; padding: 8px;\"><\/td>\n<td style=\"border: 1px solid #ddd; padding: 8px;\"><\/td>\n<td style=\"border: 1px solid #ddd; padding: 8px;\">84,58 %<\/td>\n<\/tr>\n<tr>\n<td style=\"border: 1px solid #ddd; padding: 8px;\">Plaintes conclues \u00e0 l\u2019\u00e9tape du Renvoi initial au fournisseur de services dans les 30 jours de leur acceptation<\/td>\n<td style=\"border: 1px solid #ddd; padding: 8px;\">80 %<\/td>\n<td style=\"border: 1px solid #ddd; padding: 8px;\">89,13 %<\/td>\n<td style=\"border: 1px solid #ddd; padding: 8px;\">89,96 %<\/td>\n<td style=\"border: 1px solid #ddd; padding: 8px;\"><\/td>\n<td style=\"border: 1px solid #ddd; padding: 8px;\"><\/td>\n<td style=\"border: 1px solid #ddd; padding: 8px;\">89,55 %<\/td>\n<\/tr>\n<tr>\n<td style=\"border: 1px solid #dddddd; padding: 8px; text-align: right;\"><em>Partie des plaintes conclues \u00e0 l\u2019\u00e9tape du Renvoi initial au fournisseur de servicese<\/em><\/td>\n<td style=\"border: 1px solid #ddd; padding: 8px;\"><\/td>\n<td style=\"border: 1px solid #ddd; padding: 8px;\"><em>83,35<\/em> <em>%<\/em><\/td>\n<td style=\"border: 1px solid #ddd; padding: 8px;\">81,86 %<\/td>\n<td style=\"border: 1px solid #ddd; padding: 8px;\"><\/td>\n<td style=\"border: 1px solid #ddd; padding: 8px;\"><\/td>\n<td style=\"border: 1px solid #ddd; padding: 8px;\"><em>82,57 %<\/em><\/td>\n<\/tr>\n<tr>\n<td style=\"border: 1px solid #ddd; padding: 8px;\">Plaintes conclues \u00e0 l\u2019\u00e9tape de la Conciliation dans les 60 jours de leur renvoi \u00e0 la Conciliation (aucune enqu\u00eate requise)<\/td>\n<td style=\"border: 1px solid #ddd; padding: 8px;\">80 %<\/td>\n<td style=\"border: 1px solid #ddd; padding: 8px;\">82,50 %<\/td>\n<td style=\"border: 1px solid #ddd; padding: 8px;\">58,24 %<\/td>\n<td style=\"border: 1px solid #ddd; padding: 8px;\"><\/td>\n<td style=\"border: 1px solid #ddd; padding: 8px;\"><\/td>\n<td style=\"border: 1px solid #ddd; padding: 8px;\">69,06 %<\/td>\n<\/tr>\n<tr>\n<td style=\"border: 1px solid #dddddd; padding: 8px; text-align: right;\"><em>Partie des plaintes conclues \u00e0 l\u2019\u00e9tape de la Conciliation (aucune enqu\u00eate requise)<\/em><\/td>\n<td style=\"border: 1px solid #ddd; padding: 8px;\"><\/td>\n<td style=\"border: 1px solid #ddd; padding: 8px;\"><em>10,80 %<\/em><\/td>\n<td style=\"border: 1px solid #ddd; padding: 8px;\">12,51 %<\/td>\n<td style=\"border: 1px solid #ddd; padding: 8px;\"><\/td>\n<td style=\"border: 1px solid #ddd; padding: 8px;\"><\/td>\n<td style=\"border: 1px solid #ddd; padding: 8px;\"><em>11,69 %<\/em><\/td>\n<\/tr>\n<tr>\n<td style=\"border: 1px solid #ddd; padding: 8px;\">Plaintes examin\u00e9es ou conclues \u00e0\u00a0l\u2019\u00e9tape de l\u2019Enqu\u00eate dans les 90 jours de leur renvoi \u00e0 l\u2019Enqu\u00eate<\/td>\n<td style=\"border: 1px solid #ddd; padding: 8px;\">80 %<\/td>\n<td style=\"border: 1px solid #ddd; padding: 8px;\">37,70 %<\/td>\n<td style=\"border: 1px solid #ddd; padding: 8px;\">55,97 %<\/td>\n<td style=\"border: 1px solid #ddd; padding: 8px;\"><\/td>\n<td style=\"border: 1px solid #ddd; padding: 8px;\"><\/td>\n<td style=\"border: 1px solid #ddd; padding: 8px;\">47,01 %<\/td>\n<\/tr>\n<tr>\n<td style=\"border: 1px solid #dddddd; padding: 8px; text-align: right;\"><em>Partie des plaintes examin\u00e9es ou conclues \u00e0 l\u2019\u00e9tape de l\u2019Enqu\u00eate<\/em><\/td>\n<td style=\"border: 1px solid #ddd; padding: 8px;\"><\/td>\n<td style=\"border: 1px solid #ddd; padding: 8px;\"><em>5,60 %<\/em><\/td>\n<td style=\"border: 1px solid #ddd; padding: 8px;\">5,42 %<\/td>\n<td style=\"border: 1px solid #ddd; padding: 8px;\"><\/td>\n<td style=\"border: 1px solid #ddd; padding: 8px;\"><\/td>\n<td style=\"border: 1px solid #ddd; padding: 8px;\"><em>5,50 %<\/em><\/td>\n<\/tr>\n<\/tbody>\n<\/table>\n<p class=\"footnote\">\n","protected":false},"excerpt":{"rendered":"<p>Pour la p\u00e9riode allant du 1er ao\u00fbt 2025 au 31 janvier 2026. Centre d&rsquo;appels Processus Objectif 1er Trimestre 2e Trimestre 3e Trimestre 4e Trimestre Depuis le d\u00e9but de l\u2019ann\u00e9e R\u00e9pondre aux appels t\u00e9l\u00e9phoniques dans les 120 secondes 80 % 87,00 % 80,26 % 83,56 % Traiter les communications \u00e9crites de la client\u00e8le dans les 5<a class=\"excerpt-read-more\" href=\"https:\/\/www.ccts-cprst.ca\/fr\/codes-statistiques-et-rapports\/rapports-du-cprst\/rapport-de-rendement-du-cprst\/\" title=\"LuRapport de rendement\">En lire plus &raquo;<\/a><\/p>\n","protected":false},"author":4,"featured_media":0,"parent":1642,"menu_order":6,"comment_status":"closed","ping_status":"closed","template":"","meta":{"_acf_changed":false,"_relevanssi_hide_post":"","_relevanssi_hide_content":"","_relevanssi_pin_for_all":"","_relevanssi_pin_keywords":"","_relevanssi_unpin_keywords":"","_relevanssi_related_keywords":"","_relevanssi_related_include_ids":"","_relevanssi_related_exclude_ids":"","_relevanssi_related_no_append":"","_relevanssi_related_not_related":"","_relevanssi_related_posts":"","_relevanssi_noindex_reason":"","footnotes":""},"class_list":["post-1649","page","type-page","status-publish","hentry"],"acf":[],"yoast_head":"<!-- This site is optimized with the Yoast SEO plugin v26.9 - https:\/\/yoast.com\/product\/yoast-seo-wordpress\/ -->\n<title>Rapport de rendement - CPRST<\/title>\n<meta name=\"robots\" content=\"index, follow, max-snippet:-1, max-image-preview:large, max-video-preview:-1\" \/>\n<link rel=\"canonical\" href=\"https:\/\/www.ccts-cprst.ca\/fr\/codes-statistiques-et-rapports\/rapports-du-cprst\/rapport-de-rendement-du-cprst\/\" \/>\n<meta property=\"og:locale\" content=\"fr_FR\" \/>\n<meta property=\"og:type\" content=\"article\" \/>\n<meta property=\"og:title\" content=\"Rapport de rendement - CPRST\" \/>\n<meta property=\"og:description\" content=\"Pour la p\u00e9riode allant du 1er ao\u00fbt 2025 au 31 janvier 2026. Centre d&rsquo;appels Processus Objectif 1er Trimestre 2e Trimestre 3e Trimestre 4e Trimestre Depuis le d\u00e9but de l\u2019ann\u00e9e R\u00e9pondre aux appels t\u00e9l\u00e9phoniques dans les 120 secondes 80 % 87,00 % 80,26 % 83,56 % Traiter les communications \u00e9crites de la client\u00e8le dans les 5En lire plus &raquo;\" \/>\n<meta property=\"og:url\" content=\"https:\/\/www.ccts-cprst.ca\/fr\/codes-statistiques-et-rapports\/rapports-du-cprst\/rapport-de-rendement-du-cprst\/\" \/>\n<meta property=\"og:site_name\" content=\"CPRST\" \/>\n<meta property=\"article:publisher\" content=\"https:\/\/www.facebook.com\/ccts.cprst\/\" \/>\n<meta property=\"article:modified_time\" content=\"2026-02-02T20:14:59+00:00\" \/>\n<meta name=\"twitter:card\" content=\"summary_large_image\" \/>\n<meta name=\"twitter:site\" content=\"@ccts_cprst\" \/>\n<meta name=\"twitter:label1\" content=\"Dur\u00e9e de lecture estim\u00e9e\" \/>\n\t<meta name=\"twitter:data1\" content=\"2 minutes\" \/>\n<script type=\"application\/ld+json\" class=\"yoast-schema-graph\">{\"@context\":\"https:\/\/schema.org\",\"@graph\":[{\"@type\":\"WebPage\",\"@id\":\"https:\/\/www.ccts-cprst.ca\/fr\/codes-statistiques-et-rapports\/rapports-du-cprst\/rapport-de-rendement-du-cprst\/\",\"url\":\"https:\/\/www.ccts-cprst.ca\/fr\/codes-statistiques-et-rapports\/rapports-du-cprst\/rapport-de-rendement-du-cprst\/\",\"name\":\"Rapport de rendement - CPRST\",\"isPartOf\":{\"@id\":\"https:\/\/www.ccts-cprst.ca\/fr\/#website\"},\"datePublished\":\"2017-07-14T18:21:43+00:00\",\"dateModified\":\"2026-02-02T20:14:59+00:00\",\"breadcrumb\":{\"@id\":\"https:\/\/www.ccts-cprst.ca\/fr\/codes-statistiques-et-rapports\/rapports-du-cprst\/rapport-de-rendement-du-cprst\/#breadcrumb\"},\"inLanguage\":\"fr-FR\",\"potentialAction\":[{\"@type\":\"ReadAction\",\"target\":[\"https:\/\/www.ccts-cprst.ca\/fr\/codes-statistiques-et-rapports\/rapports-du-cprst\/rapport-de-rendement-du-cprst\/\"]}]},{\"@type\":\"BreadcrumbList\",\"@id\":\"https:\/\/www.ccts-cprst.ca\/fr\/codes-statistiques-et-rapports\/rapports-du-cprst\/rapport-de-rendement-du-cprst\/#breadcrumb\",\"itemListElement\":[{\"@type\":\"ListItem\",\"position\":1,\"name\":\"Home\",\"item\":\"https:\/\/www.ccts-cprst.ca\/fr\/\"},{\"@type\":\"ListItem\",\"position\":2,\"name\":\"Codes, statistiques et rapports\",\"item\":\"https:\/\/www.ccts-cprst.ca\/fr\/codes-statistiques-et-rapports\/\"},{\"@type\":\"ListItem\",\"position\":3,\"name\":\"Rapports\",\"item\":\"https:\/\/www.ccts-cprst.ca\/fr\/codes-statistiques-et-rapports\/rapports-du-cprst\/\"},{\"@type\":\"ListItem\",\"position\":4,\"name\":\"Rapport de rendement\"}]},{\"@type\":\"WebSite\",\"@id\":\"https:\/\/www.ccts-cprst.ca\/fr\/#website\",\"url\":\"https:\/\/www.ccts-cprst.ca\/fr\/\",\"name\":\"CCTS \/ CPRST\",\"description\":\"\",\"publisher\":{\"@id\":\"https:\/\/www.ccts-cprst.ca\/fr\/#organization\"},\"potentialAction\":[{\"@type\":\"SearchAction\",\"target\":{\"@type\":\"EntryPoint\",\"urlTemplate\":\"https:\/\/www.ccts-cprst.ca\/fr\/?s={search_term_string}\"},\"query-input\":{\"@type\":\"PropertyValueSpecification\",\"valueRequired\":true,\"valueName\":\"search_term_string\"}}],\"inLanguage\":\"fr-FR\"},{\"@type\":\"Organization\",\"@id\":\"https:\/\/www.ccts-cprst.ca\/fr\/#organization\",\"name\":\"CCTS \/ CPRST\",\"url\":\"https:\/\/www.ccts-cprst.ca\/fr\/\",\"logo\":{\"@type\":\"ImageObject\",\"inLanguage\":\"fr-FR\",\"@id\":\"https:\/\/www.ccts-cprst.ca\/fr\/#\/schema\/logo\/image\/\",\"url\":\"https:\/\/www.ccts-cprst.ca\/wp-content\/uploads\/2024\/08\/logo-ccts-en.png\",\"contentUrl\":\"https:\/\/www.ccts-cprst.ca\/wp-content\/uploads\/2024\/08\/logo-ccts-en.png\",\"width\":498,\"height\":180,\"caption\":\"CCTS \/ CPRST\"},\"image\":{\"@id\":\"https:\/\/www.ccts-cprst.ca\/fr\/#\/schema\/logo\/image\/\"},\"sameAs\":[\"https:\/\/www.facebook.com\/ccts.cprst\/\",\"https:\/\/x.com\/ccts_cprst\",\"https:\/\/www.youtube.com\/channel\/UCLagw5p-R3rIJWUto9wt-5Q\",\"https:\/\/www.linkedin.com\/company\/commission-for-complaints-for-telecom-television-services\/\"]}]}<\/script>\n<!-- \/ Yoast SEO plugin. -->","yoast_head_json":{"title":"Rapport de rendement - CPRST","robots":{"index":"index","follow":"follow","max-snippet":"max-snippet:-1","max-image-preview":"max-image-preview:large","max-video-preview":"max-video-preview:-1"},"canonical":"https:\/\/www.ccts-cprst.ca\/fr\/codes-statistiques-et-rapports\/rapports-du-cprst\/rapport-de-rendement-du-cprst\/","og_locale":"fr_FR","og_type":"article","og_title":"Rapport de rendement - CPRST","og_description":"Pour la p\u00e9riode allant du 1er ao\u00fbt 2025 au 31 janvier 2026. Centre d&rsquo;appels Processus Objectif 1er Trimestre 2e Trimestre 3e Trimestre 4e Trimestre Depuis le d\u00e9but de l\u2019ann\u00e9e R\u00e9pondre aux appels t\u00e9l\u00e9phoniques dans les 120 secondes 80 % 87,00 % 80,26 % 83,56 % Traiter les communications \u00e9crites de la client\u00e8le dans les 5En lire plus &raquo;","og_url":"https:\/\/www.ccts-cprst.ca\/fr\/codes-statistiques-et-rapports\/rapports-du-cprst\/rapport-de-rendement-du-cprst\/","og_site_name":"CPRST","article_publisher":"https:\/\/www.facebook.com\/ccts.cprst\/","article_modified_time":"2026-02-02T20:14:59+00:00","twitter_card":"summary_large_image","twitter_site":"@ccts_cprst","twitter_misc":{"Dur\u00e9e de lecture estim\u00e9e":"2 minutes"},"schema":{"@context":"https:\/\/schema.org","@graph":[{"@type":"WebPage","@id":"https:\/\/www.ccts-cprst.ca\/fr\/codes-statistiques-et-rapports\/rapports-du-cprst\/rapport-de-rendement-du-cprst\/","url":"https:\/\/www.ccts-cprst.ca\/fr\/codes-statistiques-et-rapports\/rapports-du-cprst\/rapport-de-rendement-du-cprst\/","name":"Rapport de rendement - CPRST","isPartOf":{"@id":"https:\/\/www.ccts-cprst.ca\/fr\/#website"},"datePublished":"2017-07-14T18:21:43+00:00","dateModified":"2026-02-02T20:14:59+00:00","breadcrumb":{"@id":"https:\/\/www.ccts-cprst.ca\/fr\/codes-statistiques-et-rapports\/rapports-du-cprst\/rapport-de-rendement-du-cprst\/#breadcrumb"},"inLanguage":"fr-FR","potentialAction":[{"@type":"ReadAction","target":["https:\/\/www.ccts-cprst.ca\/fr\/codes-statistiques-et-rapports\/rapports-du-cprst\/rapport-de-rendement-du-cprst\/"]}]},{"@type":"BreadcrumbList","@id":"https:\/\/www.ccts-cprst.ca\/fr\/codes-statistiques-et-rapports\/rapports-du-cprst\/rapport-de-rendement-du-cprst\/#breadcrumb","itemListElement":[{"@type":"ListItem","position":1,"name":"Home","item":"https:\/\/www.ccts-cprst.ca\/fr\/"},{"@type":"ListItem","position":2,"name":"Codes, statistiques et rapports","item":"https:\/\/www.ccts-cprst.ca\/fr\/codes-statistiques-et-rapports\/"},{"@type":"ListItem","position":3,"name":"Rapports","item":"https:\/\/www.ccts-cprst.ca\/fr\/codes-statistiques-et-rapports\/rapports-du-cprst\/"},{"@type":"ListItem","position":4,"name":"Rapport de rendement"}]},{"@type":"WebSite","@id":"https:\/\/www.ccts-cprst.ca\/fr\/#website","url":"https:\/\/www.ccts-cprst.ca\/fr\/","name":"CCTS \/ CPRST","description":"","publisher":{"@id":"https:\/\/www.ccts-cprst.ca\/fr\/#organization"},"potentialAction":[{"@type":"SearchAction","target":{"@type":"EntryPoint","urlTemplate":"https:\/\/www.ccts-cprst.ca\/fr\/?s={search_term_string}"},"query-input":{"@type":"PropertyValueSpecification","valueRequired":true,"valueName":"search_term_string"}}],"inLanguage":"fr-FR"},{"@type":"Organization","@id":"https:\/\/www.ccts-cprst.ca\/fr\/#organization","name":"CCTS \/ CPRST","url":"https:\/\/www.ccts-cprst.ca\/fr\/","logo":{"@type":"ImageObject","inLanguage":"fr-FR","@id":"https:\/\/www.ccts-cprst.ca\/fr\/#\/schema\/logo\/image\/","url":"https:\/\/www.ccts-cprst.ca\/wp-content\/uploads\/2024\/08\/logo-ccts-en.png","contentUrl":"https:\/\/www.ccts-cprst.ca\/wp-content\/uploads\/2024\/08\/logo-ccts-en.png","width":498,"height":180,"caption":"CCTS \/ CPRST"},"image":{"@id":"https:\/\/www.ccts-cprst.ca\/fr\/#\/schema\/logo\/image\/"},"sameAs":["https:\/\/www.facebook.com\/ccts.cprst\/","https:\/\/x.com\/ccts_cprst","https:\/\/www.youtube.com\/channel\/UCLagw5p-R3rIJWUto9wt-5Q","https:\/\/www.linkedin.com\/company\/commission-for-complaints-for-telecom-television-services\/"]}]}},"_links":{"self":[{"href":"https:\/\/www.ccts-cprst.ca\/fr\/wp-json\/wp\/v2\/pages\/1649","targetHints":{"allow":["GET"]}}],"collection":[{"href":"https:\/\/www.ccts-cprst.ca\/fr\/wp-json\/wp\/v2\/pages"}],"about":[{"href":"https:\/\/www.ccts-cprst.ca\/fr\/wp-json\/wp\/v2\/types\/page"}],"author":[{"embeddable":true,"href":"https:\/\/www.ccts-cprst.ca\/fr\/wp-json\/wp\/v2\/users\/4"}],"replies":[{"embeddable":true,"href":"https:\/\/www.ccts-cprst.ca\/fr\/wp-json\/wp\/v2\/comments?post=1649"}],"version-history":[{"count":78,"href":"https:\/\/www.ccts-cprst.ca\/fr\/wp-json\/wp\/v2\/pages\/1649\/revisions"}],"predecessor-version":[{"id":12200,"href":"https:\/\/www.ccts-cprst.ca\/fr\/wp-json\/wp\/v2\/pages\/1649\/revisions\/12200"}],"up":[{"embeddable":true,"href":"https:\/\/www.ccts-cprst.ca\/fr\/wp-json\/wp\/v2\/pages\/1642"}],"wp:attachment":[{"href":"https:\/\/www.ccts-cprst.ca\/fr\/wp-json\/wp\/v2\/media?parent=1649"}],"curies":[{"name":"wp","href":"https:\/\/api.w.org\/{rel}","templated":true}]}}