{"id":1647,"date":"2017-07-14T14:21:09","date_gmt":"2017-07-14T18:21:09","guid":{"rendered":"https:\/\/www.ccts-cprst.ca\/?page_id=1647\/"},"modified":"2020-08-27T10:20:13","modified_gmt":"2020-08-27T14:20:13","slug":"normes-de-rendement","status":"publish","type":"page","link":"https:\/\/www.ccts-cprst.ca\/fr\/codes-statistiques-et-rapports\/rapports-du-cprst\/normes-de-rendement\/","title":{"rendered":"Normes de rendement"},"content":{"rendered":"<p>La CPRST s\u2019engage \u00e0 fournir un service \u00e0 la client\u00e8le efficace et convenable dans tous les secteurs d\u2019activit\u00e9, y compris le traitement des plaintes. Nos normes de rendement sont \u00e9tablies en fonction des principes directeurs de la norme ISO 10003 de l\u2019Organisation internationale de normalisation (ISO). Dans nos interactions avec le public en g\u00e9n\u00e9ral, avec les consommateurs qui d\u00e9posent des plaintes et avec les fournisseurs de services de t\u00e9l\u00e9communications, nous nous engageons \u00e0 respecter ces normes qui repr\u00e9sentent les meilleures pratiques.<\/p>\n<table>\n<thead>\n<tr>\n<td><strong>Principe et description<\/strong><\/td>\n<td><strong>Engagement de la CPRST<\/strong><\/td>\n<\/tr>\n<\/thead>\n<tbody>\n<tr>\n<td><strong>1. Consentement \u00e0 participer<\/strong>\u00a0La participation devrait \u00eatre facultative<\/td>\n<td>\n<ul>\n<li>Nous prendrons des mesures relativement \u00e0 une plainte seulement apr\u00e8s avoir obtenu le consentement du consommateur \u00e0 notre Code de proc\u00e9dures et \u00e0 notre politique de protection des renseignements personnels.<\/li>\n<li>Ce consentement peut \u00eatre r\u00e9voqu\u00e9 en tout temps.<\/li>\n<\/ul>\n<\/td>\n<\/tr>\n<tr>\n<td><strong>2. Accessibilit\u00e9<\/strong>\u00a0Le processus devrait \u00eatre facile \u00e0 trouver et \u00e0 utiliser<\/td>\n<td>\n<ul>\n<li>Nos fournisseurs de service participants feront conna\u00eetre aux consommateurs notre existence et notre r\u00f4le lorsqu&rsquo;une plainte ne peut \u00eatre r\u00e9solue.<\/li>\n<li>Nous aurons un site Web assorti de liens vers les fournisseurs de service participants.<\/li>\n<li>Nous offrirons un questionnaire interactif en ligne, une adresse de courriel, un num\u00e9ro de t\u00e9l\u00e9phone sans frais, un num\u00e9ro de t\u00e9l\u00e9copieur et un service ATS.<\/li>\n<li>Nos services seront offerts dans les deux langues officielles.<\/li>\n<li>Nos services seront accessibles aux personnes handicap\u00e9es.<\/li>\n<li>Nos services seront offerts gratuitement aux clients.<\/li>\n<li>Nos services seront fournis dans un contexte non juridique.<\/li>\n<li>Nous nous efforcerons d&rsquo;accro\u00eetre et de maintenir la sensibilisation du public \u00e0 l&rsquo;\u00e9gard de notre mission.<\/li>\n<\/ul>\n<\/td>\n<\/tr>\n<tr>\n<td><strong>3. Pertinence<\/strong>\u00a0La m\u00e9thode de r\u00e9solution des conflits offerte aux parties et les recours envisag\u00e9s doivent convenir au caract\u00e8re du conflit<\/td>\n<td>\n<ul>\n<li>Le processus que nous utiliserons pour l&rsquo;examen des plaintes sera rigoureux et approfondi.<\/li>\n<li>Ce processus sera particuli\u00e8rement adapt\u00e9 aux questions de nature urgente.<\/li>\n<li>Nous fournirons une solution appropri\u00e9e \u00e0 la nature et aux circonstances du litige et conforme au mandat \u00e9nonc\u00e9 dans notre code de proc\u00e9dures.<\/li>\n<\/ul>\n<\/td>\n<\/tr>\n<tr>\n<td><strong>4. Impartialit\u00e9<\/strong>\u00a0La r\u00e9solution de conflits devrait s&rsquo;effectuer avec impartialit\u00e9 et honn\u00eatet\u00e9. Nous nous devons d&rsquo;agir de mani\u00e8re juste et objective et les d\u00e9cisions devraient \u00eatre \u00e9quitables et neutres<\/td>\n<td>\n<ul>\n<li>Nous effectuerons l&rsquo;examen des plaintes de mani\u00e8re juste et impartiale. Nous en sommes capables en raison de notre autonomie par rapport \u00e0 l&rsquo;industrie et aux organismes charg\u00e9s de la r\u00e9glementation. La plupart des membres de notre conseil et le commissaire jouissent d&rsquo;une ind\u00e9pendance de l&rsquo;industrie. Le conseil n&rsquo;a aucun pouvoir d\u00e9cisionnel en ce qui concerne les plaintes.<\/li>\n<\/ul>\n<\/td>\n<\/tr>\n<tr>\n<td><strong>5. Comp\u00e9tence<\/strong>\u00a0Notre personnel devrait poss\u00e9der les qualit\u00e9s, les comp\u00e9tences et l&rsquo;exp\u00e9rience n\u00e9cessaires et avoir suivi la formation requise pour faire son travail<\/td>\n<td>\n<ul>\n<li>Notre personnel poss\u00e9dera l&rsquo;ensemble des comp\u00e9tences, de formations, d&rsquo;exp\u00e9riences et de connaissances de l&rsquo;industrie qui leur permettra de comprendre, d&rsquo;examiner et de r\u00e9soudre les plaintes.<\/li>\n<\/ul>\n<\/td>\n<\/tr>\n<tr>\n<td><strong>6. Rapidit\u00e9 d&rsquo;ex\u00e9cution<\/strong>\u00a0Les conflits devraient \u00eatre r\u00e9solus aussi rapidement que possible selon la nature du conflit et le processus utilis\u00e9<\/td>\n<td>Centre d&rsquo;appels et traitement des plaintes \u00e0 l&rsquo;\u00e9tape de la pr\u00e9-enqu\u00eate :<\/p>\n<ul>\n<li>Le centre d&rsquo;appels r\u00e9pondra aux appels t\u00e9l\u00e9phoniques dans un d\u00e9lai de 120 secondes.\u00a0 Nous esp\u00e9rons atteindre cet objectif dans 80% des cas.<\/li>\n<li>Le centre d&rsquo;appels examinera et \u00e9valuera toutes les demandes \u00e9crites et y r\u00e9pondra dans les 3 jours ouvrables. Nous esp\u00e9rons atteindre cet objectif dans 80% des cas.<\/li>\n<li>Une grande proportion des plaintes des clients est pleinement trait\u00e9e \u00e0 ce stade. Notre objectif est de compl\u00e9ter le traitement de 80% de ces plaintes dans les 40 jours suivants leur acceptation.<\/li>\n<\/ul>\n<p>Enqu\u00eates :<\/p>\n<ul>\n<li>Nous remettrons le dossier \u00e0 un membre du personnel dont les coordonn\u00e9es seront disponibles;<\/li>\n<li>Les parties impliqu\u00e9es seront r\u00e9guli\u00e8rement inform\u00e9es du d\u00e9roulement de l&rsquo;enqu\u00eate;<\/li>\n<li>Nous utiliserons le processus le plus efficace \u00e0 notre disposition pour compl\u00e9ter l&rsquo;enqu\u00eate le plus rapidement possible.\u00a0 Parall\u00e8lement \u00e0 l\u2019enqu\u00eate, nous poursuivrons nos efforts de rapprochement des parties afin de les aider \u00e0 r\u00e9soudre la plainte de mani\u00e8re informelle.<\/li>\n<li>Le temps requis pour mener une enqu\u00eate au sujet d&rsquo;une plainte d\u00e9pendra de plusieurs facteurs, dont:\n<ul>\n<li>La quantit\u00e9 courante de plaintes et les ressources disponibles pour effectuer l&rsquo;enqu\u00eate;<\/li>\n<li>La complexit\u00e9 du probl\u00e8me ou le nombre de questions devant \u00eatre r\u00e9solues, surtout si des experts ind\u00e9pendants doivent \u00eatre consult\u00e9s;<\/li>\n<li>La coop\u00e9ration du client et du fournisseur de services;<\/li>\n<li>Les retards inh\u00e9rents aux efforts infructueux de r\u00e9solution durant l&rsquo;enqu\u00eate.<\/li>\n<\/ul>\n<\/li>\n<li>Au sujet des plaintes qui sont trait\u00e9es \u00e0 ce stade, notre objectif est de compl\u00e9ter le traitement de 80% de ces plaintes dans les 60 jours de leur transfert au stade de l\u2019enqu\u00eate.<\/li>\n<li>Nos r\u00e9sultats relativement \u00e0 ces objectifs seront publi\u00e9s sur notre site Web sur une base trimestrielle.<\/li>\n<\/ul>\n<\/td>\n<\/tr>\n<tr>\n<td><strong>7. Confidentialit\u00e9\u00a0<\/strong>Les renseignements personnels des clients, ainsi que les secrets commerciaux des fournisseurs doivent \u00eatre trait\u00e9s de mani\u00e8re confidentielle et \u00eatre prot\u00e9g\u00e9s, \u00e0 moins que leur divulgation ne soit exig\u00e9e par la loi, ou que l&rsquo;on obtienne le consentement des parties concern\u00e9es pour les divulguer<\/td>\n<td>\n<ul>\n<li>Notre politique sur la protection des renseignements personnels, qui est accessible sur notre site Web ou fournie sur demande, r\u00e9git nos activit\u00e9s en ce qui a trait \u00e0 l&rsquo;utilisation, la cueillette et la divulgation de renseignements personnels.<\/li>\n<li>Notre Code de proc\u00e9dures nous permet de recevoir des renseignements ou des documents de mani\u00e8re confidentielle (sous certaines conditions d&rsquo;utilisation).<\/li>\n<li>Nous prot\u00e9gerons les renseignements confidentiels dans nos bureaux en n&rsquo;accordant le droit d&rsquo;y acc\u00e9der qu&rsquo;aux membres du personnel concern\u00e9s. De m\u00eame, nous mettrons en place des mesures de protection pour les renseignements que l&rsquo;on recueille et que l&rsquo;on emmagasine sous forme \u00e9lectronique.<\/li>\n<\/ul>\n<\/td>\n<\/tr>\n<tr>\n<td><strong>8. Transparence<\/strong>\u00a0Des renseignements suffisants concernant le processus, le fournisseur et son rendement devront \u00eatre divulgu\u00e9s aux plaignants, aux fournisseurs et au public<\/td>\n<td>\n<ul>\n<li>Nos coordonn\u00e9es, notre mandat, notre processus, notre Code de proc\u00e9dures ainsi que nos normes de rendement seront tous accessibles au public.<\/li>\n<li>Nos d\u00e9cisions seront publi\u00e9es sur notre site Web.<\/li>\n<li>Nous produirons un rapport annuel comprenant de l&rsquo;information pertinente, telle que des statistiques, un rapport de rendement et des \u00e9tudes de cas.<\/li>\n<\/ul>\n<\/td>\n<\/tr>\n<tr>\n<td><strong>9. Respect des lois<\/strong>\u00a0Le processus devra \u00eatre suivi conform\u00e9ment aux lois en vigueur et aux ententes avec les diff\u00e9rentes parties<\/td>\n<td>\n<ul>\n<li>Nous travaillerons en conformit\u00e9 avec les lois f\u00e9d\u00e9rales et provinciales.<\/li>\n<li>Notre processus est une solution de rechange au processus juridique et est informel, par sa conception.<\/li>\n<li>Les clients qui choisissent de ne pas accepter notre recommandation ou notre d\u00e9cision concernant la r\u00e9solution de leur plainte ont le droit de recourir au processus juridique.<\/li>\n<li><\/li>\n<\/ul>\n<\/td>\n<\/tr>\n<tr>\n<td><strong>10. Capacit\u00e9<\/strong>\u00a0Des ressources en nombre suffisant devraient \u00eatre disponibles et mobilis\u00e9es pour la r\u00e9solution des plaintes tout en \u00e9tant g\u00e9r\u00e9es de mani\u00e8re efficace et rentable<\/td>\n<td>\n<ul>\n<li>Nous nous assurerons qu&rsquo;un nombre suffisant de ressources est en place pour respecter ces normes de rendement.<\/li>\n<\/ul>\n<\/td>\n<\/tr>\n<tr>\n<td><strong>11. Am\u00e9lioration continue<\/strong>\u00a0L&rsquo;am\u00e9lioration de l&rsquo;efficacit\u00e9 et de l&rsquo;efficience devrait faire partie des objectifs essentiels<\/td>\n<td>\n<ul>\n<li>Nous nous assurerons d&rsquo;\u00eatre \u00e0 l&rsquo;aff\u00fbt de chaque possibilit\u00e9 d&rsquo;am\u00e9liorer notre processus et d&rsquo;\u00eatre \u00e0 l&rsquo;\u00e9coute des utilisateurs quant \u00e0 leur exp\u00e9rience avec ce processus, en les consultant et en nous entretenant avec nos intervenants<\/li>\n<\/ul>\n<\/td>\n<\/tr>\n<\/tbody>\n<\/table>\n<p>Reproduit avec la permission de l&rsquo;Association canadienne de normalisation et tir\u00e9 de\u00a0<strong>\u00abCAN\/CSA ISO 10003 08, Management de la qualit\u00e9 &#8211; Satisfaction du client &#8211; Lignes directrices relatives \u00e0 la r\u00e9solution externe de conflits aux organismes (norme ISO 10003:2007 adopt\u00e9e, premi\u00e8re \u00e9dition, 2007 12 01)\u00bb<\/strong>, lequel document est prot\u00e9g\u00e9 par le droit d&rsquo;auteur de l&rsquo;Association canadienne de normalisation, 5060 Spectrum Way, bureau 100 Mississauga (Ontario) L4W 5N6. Bien que l&rsquo;utilisation de ce document ait \u00e9t\u00e9 autoris\u00e9e, la CSA n&rsquo;est pas responsable de la mani\u00e8re dont les renseignements sont pr\u00e9sent\u00e9s ni de toute interpr\u00e9tation correspondante qui en d\u00e9coule.<\/p>\n<p>Approuv\u00e9 par le conseil d\u2019administration de la CPRST, le 29 octobre 2013.<\/p>\n","protected":false},"excerpt":{"rendered":"<p>La CPRST s\u2019engage \u00e0 fournir un service \u00e0 la client\u00e8le efficace et convenable dans tous les secteurs d\u2019activit\u00e9, y compris le traitement des plaintes. Nos normes de rendement sont \u00e9tablies en fonction des principes directeurs de la norme ISO 10003 de l\u2019Organisation internationale de normalisation (ISO). Dans nos interactions avec le public en g\u00e9n\u00e9ral, avec<a class=\"excerpt-read-more\" href=\"https:\/\/www.ccts-cprst.ca\/fr\/codes-statistiques-et-rapports\/rapports-du-cprst\/normes-de-rendement\/\" title=\"LuNormes de rendement\">En lire plus &raquo;<\/a><\/p>\n","protected":false},"author":4,"featured_media":0,"parent":1642,"menu_order":4,"comment_status":"closed","ping_status":"closed","template":"","meta":{"_acf_changed":false,"_relevanssi_hide_post":"","_relevanssi_hide_content":"","_relevanssi_pin_for_all":"","_relevanssi_pin_keywords":"","_relevanssi_unpin_keywords":"","_relevanssi_related_keywords":"","_relevanssi_related_include_ids":"","_relevanssi_related_exclude_ids":"","_relevanssi_related_no_append":"","_relevanssi_related_not_related":"","_relevanssi_related_posts":"","_relevanssi_noindex_reason":"","footnotes":""},"class_list":["post-1647","page","type-page","status-publish","hentry"],"acf":[],"yoast_head":"<!-- This site is optimized with the Yoast SEO plugin v26.9 - https:\/\/yoast.com\/product\/yoast-seo-wordpress\/ -->\n<title>Normes de rendement - CPRST<\/title>\n<meta name=\"robots\" content=\"index, follow, max-snippet:-1, max-image-preview:large, max-video-preview:-1\" \/>\n<link rel=\"canonical\" href=\"https:\/\/www.ccts-cprst.ca\/fr\/codes-statistiques-et-rapports\/rapports-du-cprst\/normes-de-rendement\/\" \/>\n<meta property=\"og:locale\" content=\"fr_FR\" \/>\n<meta property=\"og:type\" content=\"article\" \/>\n<meta property=\"og:title\" content=\"Normes de rendement - CPRST\" \/>\n<meta property=\"og:description\" content=\"La CPRST s\u2019engage \u00e0 fournir un service \u00e0 la client\u00e8le efficace et convenable dans tous les secteurs d\u2019activit\u00e9, y compris le traitement des plaintes. Nos normes de rendement sont \u00e9tablies en fonction des principes directeurs de la norme ISO 10003 de l\u2019Organisation internationale de normalisation (ISO). Dans nos interactions avec le public en g\u00e9n\u00e9ral, avecEn lire plus &raquo;\" \/>\n<meta property=\"og:url\" content=\"https:\/\/www.ccts-cprst.ca\/fr\/codes-statistiques-et-rapports\/rapports-du-cprst\/normes-de-rendement\/\" \/>\n<meta property=\"og:site_name\" content=\"CPRST\" \/>\n<meta property=\"article:publisher\" content=\"https:\/\/www.facebook.com\/ccts.cprst\/\" \/>\n<meta property=\"article:modified_time\" content=\"2020-08-27T14:20:13+00:00\" \/>\n<meta name=\"twitter:card\" content=\"summary_large_image\" \/>\n<meta name=\"twitter:site\" content=\"@ccts_cprst\" \/>\n<meta name=\"twitter:label1\" content=\"Dur\u00e9e de lecture estim\u00e9e\" \/>\n\t<meta name=\"twitter:data1\" content=\"7 minutes\" \/>\n<script type=\"application\/ld+json\" class=\"yoast-schema-graph\">{\"@context\":\"https:\/\/schema.org\",\"@graph\":[{\"@type\":\"WebPage\",\"@id\":\"https:\/\/www.ccts-cprst.ca\/fr\/codes-statistiques-et-rapports\/rapports-du-cprst\/normes-de-rendement\/\",\"url\":\"https:\/\/www.ccts-cprst.ca\/fr\/codes-statistiques-et-rapports\/rapports-du-cprst\/normes-de-rendement\/\",\"name\":\"Normes de rendement - CPRST\",\"isPartOf\":{\"@id\":\"https:\/\/www.ccts-cprst.ca\/fr\/#website\"},\"datePublished\":\"2017-07-14T18:21:09+00:00\",\"dateModified\":\"2020-08-27T14:20:13+00:00\",\"breadcrumb\":{\"@id\":\"https:\/\/www.ccts-cprst.ca\/fr\/codes-statistiques-et-rapports\/rapports-du-cprst\/normes-de-rendement\/#breadcrumb\"},\"inLanguage\":\"fr-FR\",\"potentialAction\":[{\"@type\":\"ReadAction\",\"target\":[\"https:\/\/www.ccts-cprst.ca\/fr\/codes-statistiques-et-rapports\/rapports-du-cprst\/normes-de-rendement\/\"]}]},{\"@type\":\"BreadcrumbList\",\"@id\":\"https:\/\/www.ccts-cprst.ca\/fr\/codes-statistiques-et-rapports\/rapports-du-cprst\/normes-de-rendement\/#breadcrumb\",\"itemListElement\":[{\"@type\":\"ListItem\",\"position\":1,\"name\":\"Home\",\"item\":\"https:\/\/www.ccts-cprst.ca\/fr\/\"},{\"@type\":\"ListItem\",\"position\":2,\"name\":\"Codes, statistiques et rapports\",\"item\":\"https:\/\/www.ccts-cprst.ca\/fr\/codes-statistiques-et-rapports\/\"},{\"@type\":\"ListItem\",\"position\":3,\"name\":\"Rapports\",\"item\":\"https:\/\/www.ccts-cprst.ca\/fr\/codes-statistiques-et-rapports\/rapports-du-cprst\/\"},{\"@type\":\"ListItem\",\"position\":4,\"name\":\"Normes de rendement\"}]},{\"@type\":\"WebSite\",\"@id\":\"https:\/\/www.ccts-cprst.ca\/fr\/#website\",\"url\":\"https:\/\/www.ccts-cprst.ca\/fr\/\",\"name\":\"CCTS \/ CPRST\",\"description\":\"\",\"publisher\":{\"@id\":\"https:\/\/www.ccts-cprst.ca\/fr\/#organization\"},\"potentialAction\":[{\"@type\":\"SearchAction\",\"target\":{\"@type\":\"EntryPoint\",\"urlTemplate\":\"https:\/\/www.ccts-cprst.ca\/fr\/?s={search_term_string}\"},\"query-input\":{\"@type\":\"PropertyValueSpecification\",\"valueRequired\":true,\"valueName\":\"search_term_string\"}}],\"inLanguage\":\"fr-FR\"},{\"@type\":\"Organization\",\"@id\":\"https:\/\/www.ccts-cprst.ca\/fr\/#organization\",\"name\":\"CCTS \/ CPRST\",\"url\":\"https:\/\/www.ccts-cprst.ca\/fr\/\",\"logo\":{\"@type\":\"ImageObject\",\"inLanguage\":\"fr-FR\",\"@id\":\"https:\/\/www.ccts-cprst.ca\/fr\/#\/schema\/logo\/image\/\",\"url\":\"https:\/\/www.ccts-cprst.ca\/wp-content\/uploads\/2024\/08\/logo-ccts-en.png\",\"contentUrl\":\"https:\/\/www.ccts-cprst.ca\/wp-content\/uploads\/2024\/08\/logo-ccts-en.png\",\"width\":498,\"height\":180,\"caption\":\"CCTS \/ CPRST\"},\"image\":{\"@id\":\"https:\/\/www.ccts-cprst.ca\/fr\/#\/schema\/logo\/image\/\"},\"sameAs\":[\"https:\/\/www.facebook.com\/ccts.cprst\/\",\"https:\/\/x.com\/ccts_cprst\",\"https:\/\/www.youtube.com\/channel\/UCLagw5p-R3rIJWUto9wt-5Q\",\"https:\/\/www.linkedin.com\/company\/commission-for-complaints-for-telecom-television-services\/\"]}]}<\/script>\n<!-- \/ Yoast SEO plugin. -->","yoast_head_json":{"title":"Normes de rendement - CPRST","robots":{"index":"index","follow":"follow","max-snippet":"max-snippet:-1","max-image-preview":"max-image-preview:large","max-video-preview":"max-video-preview:-1"},"canonical":"https:\/\/www.ccts-cprst.ca\/fr\/codes-statistiques-et-rapports\/rapports-du-cprst\/normes-de-rendement\/","og_locale":"fr_FR","og_type":"article","og_title":"Normes de rendement - CPRST","og_description":"La CPRST s\u2019engage \u00e0 fournir un service \u00e0 la client\u00e8le efficace et convenable dans tous les secteurs d\u2019activit\u00e9, y compris le traitement des plaintes. Nos normes de rendement sont \u00e9tablies en fonction des principes directeurs de la norme ISO 10003 de l\u2019Organisation internationale de normalisation (ISO). Dans nos interactions avec le public en g\u00e9n\u00e9ral, avecEn lire plus &raquo;","og_url":"https:\/\/www.ccts-cprst.ca\/fr\/codes-statistiques-et-rapports\/rapports-du-cprst\/normes-de-rendement\/","og_site_name":"CPRST","article_publisher":"https:\/\/www.facebook.com\/ccts.cprst\/","article_modified_time":"2020-08-27T14:20:13+00:00","twitter_card":"summary_large_image","twitter_site":"@ccts_cprst","twitter_misc":{"Dur\u00e9e de lecture estim\u00e9e":"7 minutes"},"schema":{"@context":"https:\/\/schema.org","@graph":[{"@type":"WebPage","@id":"https:\/\/www.ccts-cprst.ca\/fr\/codes-statistiques-et-rapports\/rapports-du-cprst\/normes-de-rendement\/","url":"https:\/\/www.ccts-cprst.ca\/fr\/codes-statistiques-et-rapports\/rapports-du-cprst\/normes-de-rendement\/","name":"Normes de rendement - CPRST","isPartOf":{"@id":"https:\/\/www.ccts-cprst.ca\/fr\/#website"},"datePublished":"2017-07-14T18:21:09+00:00","dateModified":"2020-08-27T14:20:13+00:00","breadcrumb":{"@id":"https:\/\/www.ccts-cprst.ca\/fr\/codes-statistiques-et-rapports\/rapports-du-cprst\/normes-de-rendement\/#breadcrumb"},"inLanguage":"fr-FR","potentialAction":[{"@type":"ReadAction","target":["https:\/\/www.ccts-cprst.ca\/fr\/codes-statistiques-et-rapports\/rapports-du-cprst\/normes-de-rendement\/"]}]},{"@type":"BreadcrumbList","@id":"https:\/\/www.ccts-cprst.ca\/fr\/codes-statistiques-et-rapports\/rapports-du-cprst\/normes-de-rendement\/#breadcrumb","itemListElement":[{"@type":"ListItem","position":1,"name":"Home","item":"https:\/\/www.ccts-cprst.ca\/fr\/"},{"@type":"ListItem","position":2,"name":"Codes, statistiques et rapports","item":"https:\/\/www.ccts-cprst.ca\/fr\/codes-statistiques-et-rapports\/"},{"@type":"ListItem","position":3,"name":"Rapports","item":"https:\/\/www.ccts-cprst.ca\/fr\/codes-statistiques-et-rapports\/rapports-du-cprst\/"},{"@type":"ListItem","position":4,"name":"Normes de rendement"}]},{"@type":"WebSite","@id":"https:\/\/www.ccts-cprst.ca\/fr\/#website","url":"https:\/\/www.ccts-cprst.ca\/fr\/","name":"CCTS \/ CPRST","description":"","publisher":{"@id":"https:\/\/www.ccts-cprst.ca\/fr\/#organization"},"potentialAction":[{"@type":"SearchAction","target":{"@type":"EntryPoint","urlTemplate":"https:\/\/www.ccts-cprst.ca\/fr\/?s={search_term_string}"},"query-input":{"@type":"PropertyValueSpecification","valueRequired":true,"valueName":"search_term_string"}}],"inLanguage":"fr-FR"},{"@type":"Organization","@id":"https:\/\/www.ccts-cprst.ca\/fr\/#organization","name":"CCTS \/ CPRST","url":"https:\/\/www.ccts-cprst.ca\/fr\/","logo":{"@type":"ImageObject","inLanguage":"fr-FR","@id":"https:\/\/www.ccts-cprst.ca\/fr\/#\/schema\/logo\/image\/","url":"https:\/\/www.ccts-cprst.ca\/wp-content\/uploads\/2024\/08\/logo-ccts-en.png","contentUrl":"https:\/\/www.ccts-cprst.ca\/wp-content\/uploads\/2024\/08\/logo-ccts-en.png","width":498,"height":180,"caption":"CCTS \/ CPRST"},"image":{"@id":"https:\/\/www.ccts-cprst.ca\/fr\/#\/schema\/logo\/image\/"},"sameAs":["https:\/\/www.facebook.com\/ccts.cprst\/","https:\/\/x.com\/ccts_cprst","https:\/\/www.youtube.com\/channel\/UCLagw5p-R3rIJWUto9wt-5Q","https:\/\/www.linkedin.com\/company\/commission-for-complaints-for-telecom-television-services\/"]}]}},"_links":{"self":[{"href":"https:\/\/www.ccts-cprst.ca\/fr\/wp-json\/wp\/v2\/pages\/1647","targetHints":{"allow":["GET"]}}],"collection":[{"href":"https:\/\/www.ccts-cprst.ca\/fr\/wp-json\/wp\/v2\/pages"}],"about":[{"href":"https:\/\/www.ccts-cprst.ca\/fr\/wp-json\/wp\/v2\/types\/page"}],"author":[{"embeddable":true,"href":"https:\/\/www.ccts-cprst.ca\/fr\/wp-json\/wp\/v2\/users\/4"}],"replies":[{"embeddable":true,"href":"https:\/\/www.ccts-cprst.ca\/fr\/wp-json\/wp\/v2\/comments?post=1647"}],"version-history":[{"count":7,"href":"https:\/\/www.ccts-cprst.ca\/fr\/wp-json\/wp\/v2\/pages\/1647\/revisions"}],"predecessor-version":[{"id":5740,"href":"https:\/\/www.ccts-cprst.ca\/fr\/wp-json\/wp\/v2\/pages\/1647\/revisions\/5740"}],"up":[{"embeddable":true,"href":"https:\/\/www.ccts-cprst.ca\/fr\/wp-json\/wp\/v2\/pages\/1642"}],"wp:attachment":[{"href":"https:\/\/www.ccts-cprst.ca\/fr\/wp-json\/wp\/v2\/media?parent=1647"}],"curies":[{"name":"wp","href":"https:\/\/api.w.org\/{rel}","templated":true}]}}