{"id":1616,"date":"2017-07-14T14:08:53","date_gmt":"2017-07-14T18:08:53","guid":{"rendered":"https:\/\/www.ccts-cprst.ca\/?page_id=1616\/"},"modified":"2023-11-01T13:38:38","modified_gmt":"2023-11-01T17:38:38","slug":"renseignements-necessaires","status":"publish","type":"page","link":"https:\/\/www.ccts-cprst.ca\/fr\/pour-les-consommateurs\/plaintes\/renseignements-necessaires\/","title":{"rendered":"Renseignements n\u00e9cessaires"},"content":{"rendered":"<p>Notre objectif est d\u2019\u00e9valuer votre plainte rapidement et profond\u00e9ment, mais pour y arriver, nous avons besoin de votre aide. Veuillez donc nous fournir les renseignements requis et recommand\u00e9s qui suivent.<\/p>\n<p>Quand vous serez pr\u00eat \u00e0 d\u00e9poser votre plainte, consultez la page <a href=\"https:\/\/www.ccts-cprst.ca\/fr\/pour-les-consommateurs\/plaintes\/methodes-de-depot-dune-plainte\/\">M\u00e9thodes de d\u00e9p\u00f4t d\u2019une plainte<\/a>.<\/p>\n<h2><strong>Renseignements n\u00e9cessaires<\/strong><\/h2>\n<p>Pour que la Commission des plaintes relatives aux services de t\u00e9l\u00e9com-t\u00e9l\u00e9vision (CPRST) puisse traiter votre plainte, vous devez fournir <strong><em>tous les renseignements requis<\/em><\/strong> suivants\u00a0:<\/p>\n<p>vos nom, adresse, num\u00e9ro de t\u00e9l\u00e9phone et, si c\u2019est possible, le num\u00e9ro de compte qui vous est assign\u00e9 par le fournisseur de services faisant l\u2019objet de votre plainte<\/p>\n<ul>\n<li>les renseignements pr\u00e9cis sur votre plainte, comme les services ou les produits en cause ainsi que les dates des circonstances faisant l\u2019objet de votre plainte et o\u00f9 vous en avez pris connaissance<\/li>\n<li>les d\u00e9marches que vous avez entreprises pour r\u00e9soudre la plainte directement aupr\u00e8s de votre fournisseur de services et sa r\u00e9ponse (vous devez donner une chance raisonnable \u00e0 votre fournisseur de service de r\u00e9soudre votre plainte avant de communiquer avec nous)<\/li>\n<li>ce qui constituerait pour vous un r\u00e8glement raisonnable. La CPRST peut notamment demander au fournisseur de vous fournir des explications ou de vous pr\u00e9senter des excuses, de faire ou de cesser de faire une action pr\u00e9cise \u00e0 votre \u00e9gard ou de vous verser un d\u00e9dommagement financier jusqu\u2019\u00e0 concurrence du maximum indiqu\u00e9 dans le Code de proc\u00e9dures de la CPRST<\/li>\n<li>une d\u00e9claration indiquant que vous acceptez d\u2019\u00eatre li\u00e9 par les conditions du <span style=\"font-size: inherit;\"><span style=\"font-size: inherit;\"><a href=\"https:\/\/www.ccts-cprst.ca\/fr\/codes-statistiques-et-rapports\/code-de-procedures\/\">Code de proc\u00e9dures<\/a>, du\u00a0<\/span><\/span><a href=\"https:\/\/www.ccts-cprst.ca\/fr\/politique-sur-les-communications\/\">Politique sur les communications et les comportements respectueux<\/a>\u00a0<span style=\"font-size: inherit;\">et de la <\/span><a style=\"font-size: inherit; background-color: #ffffff;\" href=\"https:\/\/www.ccts-cprst.ca\/fr\/politique-de-confidentialite\/\">Politique de confidentialit\u00e9 de la CPRST<\/a><\/li>\n<\/ul>\n<h2><strong>Renseignements recommand\u00e9s<\/strong><\/h2>\n<p>Pour nous aider \u00e0 traiter votre plainte rapidement, nous vous sugg\u00e9rons fortement de fournir \u00e0 la CPRST les <strong><em>renseignements recommand\u00e9s<\/em><\/strong> applicables qui suivent.<\/p>\n<p>&nbsp;<\/p>\n<h2><strong>Plaintes li\u00e9es \u00e0 la facturation<\/strong><\/h2>\n<p>Il s\u2019agit de plaintes qui portent sur une erreur de facturation du plan tarifaire mensuel ou des frais ponctuels. Si c\u2019est possible, veuillez fournir les renseignements suivants\u00a0:<\/p>\n<ul>\n<li>des renseignements sur les frais contest\u00e9s ou l\u2019erreur de facturation, y compris le montant, la date de la facture o\u00f9 figurent les frais et la raison pour laquelle vous les contestez<\/li>\n<li>tout autre document pertinent, comme une copie des factures, des preuves de paiement ou de toute correspondance pertinente entre vous et le fournisseur de services<\/li>\n<\/ul>\n<h2><strong>Plaintes li\u00e9es au contrat<\/strong><\/h2>\n<p>Il s\u2019agit de plaintes qui portent sur le d\u00e9faut de votre fournisseur de services de se conformer aux conditions du contrat de service ou aux conditions g\u00e9n\u00e9rales de service. Si c\u2019est possible, veuillez fournir les renseignements suivants\u00a0:<\/p>\n<ul>\n<li>une explication des conditions qui n\u2019ont pas \u00e9t\u00e9 respect\u00e9es<\/li>\n<li>une copie du contrat, le cas \u00e9ch\u00e9ant, ou les dates de d\u00e9but et de fin ou encore la date de renouvellement du contrat<\/li>\n<li>tout autre document pertinent, comme une copie des factures, des preuves de paiement ou de toute correspondance pertinente entre vous et le fournisseur de services<\/li>\n<\/ul>\n<p>&nbsp;<\/p>\n<h2><strong>Plaintes li\u00e9es \u00e0 la prestation de service<\/strong><\/h2>\n<p>Il s\u2019agit de plaintes qui portent notamment sur le mauvais fonctionnement d\u2019un service ainsi que sur l\u2019installation, la r\u00e9paration ou le d\u00e9branchement d\u2019un service. Si c\u2019est possible, veuillez fournir les renseignements suivants\u00a0:<\/p>\n<ul>\n<li>des renseignements d\u00e9taill\u00e9s sur les probl\u00e8mes de prestation du service, comme tout d\u00e9pannage que vous ou votre fournisseur de services avez fait<\/li>\n<li>la date des d\u00e9pannages, des r\u00e9parations, de l\u2019installation ou du d\u00e9branchement<\/li>\n<li>tout autre document pertinent\u00a0\u2013 rapports de d\u00e9pannage, bons de travail, copies de factures, preuves de paiement (pour les plaintes li\u00e9es \u00e0 un d\u00e9branchement)\u00a0\u2013 ou toute correspondance pertinente entre vous et le fournisseur de services<\/li>\n<\/ul>\n<p>&nbsp;<\/p>\n<h2><strong>Plaintes li\u00e9es \u00e0 la gestion du cr\u00e9dit<\/strong><\/h2>\n<p>Il s\u2019agit de plaintes qui portent sur les limites de cr\u00e9dit, l\u2019\u00e9valuation du cr\u00e9dit et les d\u00e9p\u00f4ts de s\u00e9curit\u00e9. Si c\u2019est possible, veuillez fournir les renseignements suivants\u00a0:<\/p>\n<ul>\n<li>des renseignements sur le diff\u00e9rend, y compris le montant des limites de cr\u00e9dit appliqu\u00e9es ou des d\u00e9p\u00f4ts de s\u00e9curit\u00e9 exig\u00e9s, le nom des agences d\u2019\u00e9valuation du cr\u00e9dit vis\u00e9es et les dates pertinentes<\/li>\n<li>tout autre renseignement ou document pertinent ou toute correspondance pertinente entre vous et le fournisseur de services.<\/li>\n<\/ul>\n","protected":false},"excerpt":{"rendered":"<p>Notre objectif est d\u2019\u00e9valuer votre plainte rapidement et profond\u00e9ment, mais pour y arriver, nous avons besoin de votre aide. Veuillez donc nous fournir les renseignements requis et recommand\u00e9s qui suivent. Quand vous serez pr\u00eat \u00e0 d\u00e9poser votre plainte, consultez la page M\u00e9thodes de d\u00e9p\u00f4t d\u2019une plainte. Renseignements n\u00e9cessaires Pour que la Commission des plaintes relatives<a class=\"excerpt-read-more\" href=\"https:\/\/www.ccts-cprst.ca\/fr\/pour-les-consommateurs\/plaintes\/renseignements-necessaires\/\" title=\"LuRenseignements n\u00e9cessaires\">En lire plus &raquo;<\/a><\/p>\n","protected":false},"author":4,"featured_media":0,"parent":1555,"menu_order":3,"comment_status":"closed","ping_status":"closed","template":"","meta":{"_acf_changed":false,"_relevanssi_hide_post":"","_relevanssi_hide_content":"","_relevanssi_pin_for_all":"","_relevanssi_pin_keywords":"","_relevanssi_unpin_keywords":"","_relevanssi_related_keywords":"","_relevanssi_related_include_ids":"","_relevanssi_related_exclude_ids":"","_relevanssi_related_no_append":"","_relevanssi_related_not_related":"","_relevanssi_related_posts":"","_relevanssi_noindex_reason":"","footnotes":""},"class_list":["post-1616","page","type-page","status-publish","hentry"],"acf":[],"yoast_head":"<!-- This site is optimized with the Yoast SEO plugin v26.9 - https:\/\/yoast.com\/product\/yoast-seo-wordpress\/ -->\n<title>Renseignements n\u00e9cessaires - CPRST<\/title>\n<meta name=\"robots\" content=\"index, follow, max-snippet:-1, max-image-preview:large, max-video-preview:-1\" \/>\n<link rel=\"canonical\" href=\"https:\/\/www.ccts-cprst.ca\/fr\/pour-les-consommateurs\/plaintes\/renseignements-necessaires\/\" \/>\n<meta property=\"og:locale\" content=\"fr_FR\" \/>\n<meta property=\"og:type\" content=\"article\" \/>\n<meta property=\"og:title\" content=\"Renseignements n\u00e9cessaires - CPRST\" \/>\n<meta property=\"og:description\" content=\"Notre objectif est d\u2019\u00e9valuer votre plainte rapidement et profond\u00e9ment, mais pour y arriver, nous avons besoin de votre aide. Veuillez donc nous fournir les renseignements requis et recommand\u00e9s qui suivent. Quand vous serez pr\u00eat \u00e0 d\u00e9poser votre plainte, consultez la page M\u00e9thodes de d\u00e9p\u00f4t d\u2019une plainte. Renseignements n\u00e9cessaires Pour que la Commission des plaintes relativesEn lire plus &raquo;\" \/>\n<meta property=\"og:url\" content=\"https:\/\/www.ccts-cprst.ca\/fr\/pour-les-consommateurs\/plaintes\/renseignements-necessaires\/\" \/>\n<meta property=\"og:site_name\" content=\"CPRST\" \/>\n<meta property=\"article:publisher\" content=\"https:\/\/www.facebook.com\/ccts.cprst\/\" \/>\n<meta property=\"article:modified_time\" content=\"2023-11-01T17:38:38+00:00\" \/>\n<meta name=\"twitter:card\" content=\"summary_large_image\" \/>\n<meta name=\"twitter:site\" content=\"@ccts_cprst\" \/>\n<meta name=\"twitter:label1\" content=\"Dur\u00e9e de lecture estim\u00e9e\" \/>\n\t<meta name=\"twitter:data1\" content=\"4 minutes\" \/>\n<script type=\"application\/ld+json\" class=\"yoast-schema-graph\">{\"@context\":\"https:\/\/schema.org\",\"@graph\":[{\"@type\":\"WebPage\",\"@id\":\"https:\/\/www.ccts-cprst.ca\/fr\/pour-les-consommateurs\/plaintes\/renseignements-necessaires\/\",\"url\":\"https:\/\/www.ccts-cprst.ca\/fr\/pour-les-consommateurs\/plaintes\/renseignements-necessaires\/\",\"name\":\"Renseignements n\u00e9cessaires - CPRST\",\"isPartOf\":{\"@id\":\"https:\/\/www.ccts-cprst.ca\/fr\/#website\"},\"datePublished\":\"2017-07-14T18:08:53+00:00\",\"dateModified\":\"2023-11-01T17:38:38+00:00\",\"breadcrumb\":{\"@id\":\"https:\/\/www.ccts-cprst.ca\/fr\/pour-les-consommateurs\/plaintes\/renseignements-necessaires\/#breadcrumb\"},\"inLanguage\":\"fr-FR\",\"potentialAction\":[{\"@type\":\"ReadAction\",\"target\":[\"https:\/\/www.ccts-cprst.ca\/fr\/pour-les-consommateurs\/plaintes\/renseignements-necessaires\/\"]}]},{\"@type\":\"BreadcrumbList\",\"@id\":\"https:\/\/www.ccts-cprst.ca\/fr\/pour-les-consommateurs\/plaintes\/renseignements-necessaires\/#breadcrumb\",\"itemListElement\":[{\"@type\":\"ListItem\",\"position\":1,\"name\":\"Home\",\"item\":\"https:\/\/www.ccts-cprst.ca\/fr\/\"},{\"@type\":\"ListItem\",\"position\":2,\"name\":\"Pour les consommateurs\",\"item\":\"https:\/\/www.ccts-cprst.ca\/fr\/pour-les-consommateurs\/\"},{\"@type\":\"ListItem\",\"position\":3,\"name\":\"Plaintes\",\"item\":\"https:\/\/www.ccts-cprst.ca\/fr\/pour-les-consommateurs\/plaintes\/\"},{\"@type\":\"ListItem\",\"position\":4,\"name\":\"Renseignements n\u00e9cessaires\"}]},{\"@type\":\"WebSite\",\"@id\":\"https:\/\/www.ccts-cprst.ca\/fr\/#website\",\"url\":\"https:\/\/www.ccts-cprst.ca\/fr\/\",\"name\":\"CCTS \/ CPRST\",\"description\":\"\",\"publisher\":{\"@id\":\"https:\/\/www.ccts-cprst.ca\/fr\/#organization\"},\"potentialAction\":[{\"@type\":\"SearchAction\",\"target\":{\"@type\":\"EntryPoint\",\"urlTemplate\":\"https:\/\/www.ccts-cprst.ca\/fr\/?s={search_term_string}\"},\"query-input\":{\"@type\":\"PropertyValueSpecification\",\"valueRequired\":true,\"valueName\":\"search_term_string\"}}],\"inLanguage\":\"fr-FR\"},{\"@type\":\"Organization\",\"@id\":\"https:\/\/www.ccts-cprst.ca\/fr\/#organization\",\"name\":\"CCTS \/ CPRST\",\"url\":\"https:\/\/www.ccts-cprst.ca\/fr\/\",\"logo\":{\"@type\":\"ImageObject\",\"inLanguage\":\"fr-FR\",\"@id\":\"https:\/\/www.ccts-cprst.ca\/fr\/#\/schema\/logo\/image\/\",\"url\":\"https:\/\/www.ccts-cprst.ca\/wp-content\/uploads\/2024\/08\/logo-ccts-en.png\",\"contentUrl\":\"https:\/\/www.ccts-cprst.ca\/wp-content\/uploads\/2024\/08\/logo-ccts-en.png\",\"width\":498,\"height\":180,\"caption\":\"CCTS \/ CPRST\"},\"image\":{\"@id\":\"https:\/\/www.ccts-cprst.ca\/fr\/#\/schema\/logo\/image\/\"},\"sameAs\":[\"https:\/\/www.facebook.com\/ccts.cprst\/\",\"https:\/\/x.com\/ccts_cprst\",\"https:\/\/www.youtube.com\/channel\/UCLagw5p-R3rIJWUto9wt-5Q\",\"https:\/\/www.linkedin.com\/company\/commission-for-complaints-for-telecom-television-services\/\"]}]}<\/script>\n<!-- \/ Yoast SEO plugin. -->","yoast_head_json":{"title":"Renseignements n\u00e9cessaires - CPRST","robots":{"index":"index","follow":"follow","max-snippet":"max-snippet:-1","max-image-preview":"max-image-preview:large","max-video-preview":"max-video-preview:-1"},"canonical":"https:\/\/www.ccts-cprst.ca\/fr\/pour-les-consommateurs\/plaintes\/renseignements-necessaires\/","og_locale":"fr_FR","og_type":"article","og_title":"Renseignements n\u00e9cessaires - CPRST","og_description":"Notre objectif est d\u2019\u00e9valuer votre plainte rapidement et profond\u00e9ment, mais pour y arriver, nous avons besoin de votre aide. Veuillez donc nous fournir les renseignements requis et recommand\u00e9s qui suivent. Quand vous serez pr\u00eat \u00e0 d\u00e9poser votre plainte, consultez la page M\u00e9thodes de d\u00e9p\u00f4t d\u2019une plainte. Renseignements n\u00e9cessaires Pour que la Commission des plaintes relativesEn lire plus &raquo;","og_url":"https:\/\/www.ccts-cprst.ca\/fr\/pour-les-consommateurs\/plaintes\/renseignements-necessaires\/","og_site_name":"CPRST","article_publisher":"https:\/\/www.facebook.com\/ccts.cprst\/","article_modified_time":"2023-11-01T17:38:38+00:00","twitter_card":"summary_large_image","twitter_site":"@ccts_cprst","twitter_misc":{"Dur\u00e9e de lecture estim\u00e9e":"4 minutes"},"schema":{"@context":"https:\/\/schema.org","@graph":[{"@type":"WebPage","@id":"https:\/\/www.ccts-cprst.ca\/fr\/pour-les-consommateurs\/plaintes\/renseignements-necessaires\/","url":"https:\/\/www.ccts-cprst.ca\/fr\/pour-les-consommateurs\/plaintes\/renseignements-necessaires\/","name":"Renseignements n\u00e9cessaires - CPRST","isPartOf":{"@id":"https:\/\/www.ccts-cprst.ca\/fr\/#website"},"datePublished":"2017-07-14T18:08:53+00:00","dateModified":"2023-11-01T17:38:38+00:00","breadcrumb":{"@id":"https:\/\/www.ccts-cprst.ca\/fr\/pour-les-consommateurs\/plaintes\/renseignements-necessaires\/#breadcrumb"},"inLanguage":"fr-FR","potentialAction":[{"@type":"ReadAction","target":["https:\/\/www.ccts-cprst.ca\/fr\/pour-les-consommateurs\/plaintes\/renseignements-necessaires\/"]}]},{"@type":"BreadcrumbList","@id":"https:\/\/www.ccts-cprst.ca\/fr\/pour-les-consommateurs\/plaintes\/renseignements-necessaires\/#breadcrumb","itemListElement":[{"@type":"ListItem","position":1,"name":"Home","item":"https:\/\/www.ccts-cprst.ca\/fr\/"},{"@type":"ListItem","position":2,"name":"Pour les consommateurs","item":"https:\/\/www.ccts-cprst.ca\/fr\/pour-les-consommateurs\/"},{"@type":"ListItem","position":3,"name":"Plaintes","item":"https:\/\/www.ccts-cprst.ca\/fr\/pour-les-consommateurs\/plaintes\/"},{"@type":"ListItem","position":4,"name":"Renseignements n\u00e9cessaires"}]},{"@type":"WebSite","@id":"https:\/\/www.ccts-cprst.ca\/fr\/#website","url":"https:\/\/www.ccts-cprst.ca\/fr\/","name":"CCTS \/ CPRST","description":"","publisher":{"@id":"https:\/\/www.ccts-cprst.ca\/fr\/#organization"},"potentialAction":[{"@type":"SearchAction","target":{"@type":"EntryPoint","urlTemplate":"https:\/\/www.ccts-cprst.ca\/fr\/?s={search_term_string}"},"query-input":{"@type":"PropertyValueSpecification","valueRequired":true,"valueName":"search_term_string"}}],"inLanguage":"fr-FR"},{"@type":"Organization","@id":"https:\/\/www.ccts-cprst.ca\/fr\/#organization","name":"CCTS \/ CPRST","url":"https:\/\/www.ccts-cprst.ca\/fr\/","logo":{"@type":"ImageObject","inLanguage":"fr-FR","@id":"https:\/\/www.ccts-cprst.ca\/fr\/#\/schema\/logo\/image\/","url":"https:\/\/www.ccts-cprst.ca\/wp-content\/uploads\/2024\/08\/logo-ccts-en.png","contentUrl":"https:\/\/www.ccts-cprst.ca\/wp-content\/uploads\/2024\/08\/logo-ccts-en.png","width":498,"height":180,"caption":"CCTS \/ CPRST"},"image":{"@id":"https:\/\/www.ccts-cprst.ca\/fr\/#\/schema\/logo\/image\/"},"sameAs":["https:\/\/www.facebook.com\/ccts.cprst\/","https:\/\/x.com\/ccts_cprst","https:\/\/www.youtube.com\/channel\/UCLagw5p-R3rIJWUto9wt-5Q","https:\/\/www.linkedin.com\/company\/commission-for-complaints-for-telecom-television-services\/"]}]}},"_links":{"self":[{"href":"https:\/\/www.ccts-cprst.ca\/fr\/wp-json\/wp\/v2\/pages\/1616","targetHints":{"allow":["GET"]}}],"collection":[{"href":"https:\/\/www.ccts-cprst.ca\/fr\/wp-json\/wp\/v2\/pages"}],"about":[{"href":"https:\/\/www.ccts-cprst.ca\/fr\/wp-json\/wp\/v2\/types\/page"}],"author":[{"embeddable":true,"href":"https:\/\/www.ccts-cprst.ca\/fr\/wp-json\/wp\/v2\/users\/4"}],"replies":[{"embeddable":true,"href":"https:\/\/www.ccts-cprst.ca\/fr\/wp-json\/wp\/v2\/comments?post=1616"}],"version-history":[{"count":14,"href":"https:\/\/www.ccts-cprst.ca\/fr\/wp-json\/wp\/v2\/pages\/1616\/revisions"}],"predecessor-version":[{"id":9162,"href":"https:\/\/www.ccts-cprst.ca\/fr\/wp-json\/wp\/v2\/pages\/1616\/revisions\/9162"}],"up":[{"embeddable":true,"href":"https:\/\/www.ccts-cprst.ca\/fr\/wp-json\/wp\/v2\/pages\/1555"}],"wp:attachment":[{"href":"https:\/\/www.ccts-cprst.ca\/fr\/wp-json\/wp\/v2\/media?parent=1616"}],"curies":[{"name":"wp","href":"https:\/\/api.w.org\/{rel}","templated":true}]}}