{"id":1614,"date":"2017-07-14T14:08:28","date_gmt":"2017-07-14T18:08:28","guid":{"rendered":"https:\/\/www.ccts-cprst.ca\/?page_id=1614\/"},"modified":"2025-05-16T16:51:47","modified_gmt":"2025-05-16T20:51:47","slug":"sondage-de-2016-sur-la-sensibilisation","status":"publish","type":"page","link":"https:\/\/www.ccts-cprst.ca\/fr\/industrie\/sensibilisation\/sondage-de-2016-sur-la-sensibilisation\/","title":{"rendered":"Sondage de 2016 sur la sensibilisation"},"content":{"rendered":"<p>Les r\u00e9sultats du sondage sur la sensibilisation du public \u00e0 la CPRST ont \u00e9t\u00e9 publi\u00e9s.<\/p>\n<p>Afin de mieux comprendre les r\u00e9sultats, nous avons pr\u00e9par\u00e9 ce document pour en illustrer le contexte.<\/p>\n<h3>Faits saillants<\/h3>\n<ul>\n<li>20 % de tous les r\u00e9pondants connaissent la CPRST<\/li>\n<li>27 % de ceux qui ont d\u00e9j\u00e0 eu une plainte non r\u00e9solue connaissent la CPRST<\/li>\n<li>49 % des Canadiens croient que les consommateurs ont des recours si une plainte de t\u00e9l\u00e9com est non r\u00e9solue<\/li>\n<li>peu de r\u00e9pondants indiquent avoir appris l\u2019existence de la CPRST de leur fournisseur de t\u00e9l\u00e9coms, ce qui correspond aux r\u00e9sultats du sondage interne de la CPRST<\/li>\n<li>les principales sources d\u2019information sur la CPRST proviennent des m\u00e9dias, des recherches en ligne et du bouche-\u00e0-oreille<\/li>\n<\/ul>\n<h2>Sensibilisation du public aux ombudsmans<\/h2>\n<p>Une \u00e9tude britannique de 2011 par trois professeurs de droit, intitul\u00e9e \u00ab The Ombudsman Enterprise and Administrative Justice \u00bb notait ceci\u00a0: \u00ab\u00a0la sensibilisation du public au travail d\u2019un ombudsman est une pr\u00e9occupation permanente pour la plupart des organisations de ce type dans le monde et les quelques sondages disponibles sur la question sugg\u00e8rent que l\u2019institution d\u2019ombudsman n\u2019est pas tr\u00e8s connue du grand public\u00a0\u00bb\u00a0<sup><a href=\"#_ftn1\" name=\"_ftnref1\">[1]<\/a><\/sup>\u00a0\u00a0(<em>notre traduction<\/em>).<\/p>\n<p>Selon les plus r\u00e9centes donn\u00e9es fournies par l\u2019organisme r\u00e9glementaire britannique des communications (Ofcom), le taux de sensibilisation du public \u00e0 l\u2019Ombudsman britannique des t\u00e9l\u00e9communications n\u2019est que de 8 %. Ce taux grimpe \u00e0 15 % parmi ceux qui se sont d\u00e9j\u00e0 plaints \u00e0 une compagnie de t\u00e9l\u00e9communications.<sup><a href=\"#_ftn2\" name=\"_ftnref2\">[2]<\/a><\/sup><\/p>\n<p>Le niveau de sensibilisation du public aux ombudsmans est traditionnellement bas au Canada. En janvier 2016, Sarah Bradley, qui a pris la t\u00eate de l\u2019Ombudsman des services bancaires et d\u2019investissement (l\u2019OSBI est le principal ombudsman des services bancaires au Canada) disait que \u00ab\u00a0l\u2019un des principaux d\u00e9fis auquel doit faire face l\u2019OSBI est la sensibilisation du public\u00a0\u00bb<sup><a href=\"#_ftn3\" name=\"_ftnref3\">[3]<\/a><\/sup>\u00a0(<em>notre traduction<\/em>).\u00a0 Son pr\u00e9d\u00e9cesseur avait fait le commentaire suivant dans un document de 2012: \u00ab\u00a0faire conna\u00eetre la r\u00e9solution des diff\u00e9rends financiers\u00a0est difficile \u00bb (<em>notre traduction<\/em>). Soulignant le faible taux de sensibilisation non assist\u00e9e (&lt; 2 %), il poursuivait en disant que la sensibilisation \u00ab\u00a0d\u00e9pendait de communications et d\u2019orientations solides fond\u00e9es sur des r\u00e8gles pr\u00e9cises \u00bb<sup><a href=\"#_ftn4\" name=\"_ftnref4\">[4]<\/a><\/sup>\u00a0(<em>notre traduction<\/em>).<\/p>\n<p>L\u2019Ombudsman de l\u2019industrie des t\u00e9l\u00e9communications de l\u2019Australie (TIO) semble faire exception \u00e0 la faible sensibilisation aux ombudsmans. Les donn\u00e9es d\u2019un sondage indiquent que la sensibilisation au TIO a atteint un niveau record en 2012, avec un taux de 57 %. La diff\u00e9rence majeure entre les contextes australien et canadien, est que l\u2019Australie poss\u00e8de un syst\u00e8me bien implant\u00e9 d\u2019ombudsmans pour diverses industries et que les Australiens ont l\u2019habitude de se tourner vers les bureaux des ombudsmans pour faire valoir leurs droits. Ce contexte historique est absent au Canada.<\/p>\n<p>Le 6 juin 2016, l\u2019OSBI a publi\u00e9 les r\u00e9sultats de sa r\u00e9cente \u00e9tude ind\u00e9pendante, men\u00e9e par l\u2019ancien Ombudsman bancaire de la Nouvelle-Z\u00e9lande. L\u2019auteur a examin\u00e9 les activit\u00e9s de sensibilisation du public de l\u2019OSBI et a \u00e9crit\u00a0: \u00ab\u00a0L\u2019objectif ne devrait pas \u00eatre de faire de la sensibilisation \u00e0 tout prix; de toute mani\u00e8re, cela est g\u00e9n\u00e9ralement inefficace\u00a0\u00bb<sup><a href=\"#_ftn5\" name=\"_ftnref5\">[5]<\/a><\/sup>\u00a0(<em>notre traduction)<\/em>. Cela correspond \u00e0 l\u2019approche de sensibilisation adopt\u00e9e par la CPRST, qui est de rendre l\u2019information disponible et facile \u00e0 trouver pour les consommateurs lorsqu\u2019ils ont un probl\u00e8me et qu\u2019ils ont besoin de l\u2019aide de l\u2019Ombudsman. Nous y parvenons en permettant aux consommateurs de nous joindre par divers moyens, en fournissant l\u2019information pertinente au bon moment et en obligeant les fournisseurs de services \u00e0 donner de l\u2019information sur la CPRST \u00e0 des \u00e9tapes pr\u00e9cises de leur processus interne de traitement des plaintes.<\/p>\n<p>L\u2019auteur de l\u2019\u00e9tude sur l\u2019OSBI indiquait \u00e9galement ceci\u00a0: \u00ab\u00a0nous consid\u00e9rons que l\u2019objectif devrait \u00eatre la\u00a0<em>pr\u00e9vention<\/em>\u00a0: partager les r\u00e9sultats et le\u00e7ons tir\u00e9s des diff\u00e9rends r\u00e9solus afin d\u2019aider tous les intervenants \u00e0 \u00e9viter les erreurs et r\u00e9duire le nombre de plaintes. Partager les r\u00e9cits \u2013 les mises en garde, les r\u00e9ussites, et fournir un encadrement utile, sont des actions g\u00e9n\u00e9ralement appr\u00e9ci\u00e9es par les compagnies et leurs clients\u00a0\u00bb<sup><a href=\"#_ftn6\" name=\"_ftnref6\">[6]<\/a><\/sup>\u00a0(<em>notre traduction<\/em>). Voil\u00e0 le type d\u2019activit\u00e9s que la CPRST m\u00e8ne avec succ\u00e8s depuis plusieurs ann\u00e9es.<\/p>\n<h3>Sommaire<\/h3>\n<p>Les r\u00e9sultats de notre sondage sur la sensibilisation du public sont comparables aux r\u00e9sultats de plusieurs sondages d\u2019autres ombudsmans; en fait, le niveau global de sensibilisation \u00e0 la CPRST est plus \u00e9lev\u00e9 que celui not\u00e9 dans ces autres sondages.<\/p>\n<p>Il n\u2019y a pas de consensus, dans le milieu des ombudsmans ou parmi les universitaires, sur le niveau appropri\u00e9 de sensibilisation du public. La CPRST ne conna\u00eet aucune organisation similaire avec un objectif pr\u00e9cis de sensibilisation.<\/p>\n<p>La CPRST garde \u00e0 l\u2019esprit qu\u2019il est important d\u2019assurer le respect des engagements des fournisseurs de services sur la sensibilisation du public et, en accord avec la direction prise par le CRTC dans la\u00a0<em>Politique r\u00e9glementaire de radiodiffusion et de t\u00e9l\u00e9com 2016-102 \u2013 Examen de la structure et du mandat du Commissaire aux plaintes relatives aux services de t\u00e9l\u00e9communications Inc.<\/em>, augmentera ses activit\u00e9s de contr\u00f4le de ces engagements.<\/p>\n<p>Bien qu\u2019il n\u2019y ait pas de norme d\u00e9finitive de mesure du degr\u00e9 optimal de sensibilisation pour une organisation comme la CPRST, les futurs sondages permettront de voir si la sensibilisation augmente avec le temps et d\u00e9terminer les initiatives qui contribuent le plus \u00e0 cette augmentation.<\/p>\n<p>Les r\u00e9sultats du sondage sur la sensibilisation du public \u00e0 la CPRST sont disponibles \u00e0: <a href=\"https:\/\/www.ccts-cprst.ca\/wp-content\/uploads\/2017\/07\/Environics_-_Sondage_sur_la_connaissance_du_CPRST.pdf\">Environics &#8211; Sondage sur la connaissance de la CPRST<\/a><\/p>\n<hr \/>\n<p><a href=\"https:\/\/www.ccts-cprst.ca\/fr\/industrie\/sensibilisation\/sondage-de-2016-sur-la-sensibilisation\/#_ftnref1\" name=\"_ftn1\">[1]<\/a>Trevor Buck, Richard Kirkham et Brian Thompson, \u00ab The Ombudsman Enterprise and Administrative Justice \u00bb, \u00c9d. Ashgate, 2011, p. 94.<\/p>\n<p><a href=\"https:\/\/www.ccts-cprst.ca\/fr\/industrie\/sensibilisation\/sondage-de-2016-sur-la-sensibilisation\/#_ftnref2\" name=\"_ftn2\">[2]<\/a>\u00a0Cosmo Graham, \u00ab Complaints handling and telecommunications in the United Kingdom and Australia \u00bb pr\u00e9sentation \u00e0 la conf\u00e9rence nationale organis\u00e9e \u00e0 Melbourne par le \u00ab\u00a0Australian Communications Consumer Action Network\u00a0\u00bb (ACCAN), le 28 juin 2010, pp. 8-9. Voir aussi Ofcom, \u00ab A Review of Consumer Complaints Procedures \u00bb 2009, fig. 6, p. 23.<\/p>\n<p><a href=\"https:\/\/www.ccts-cprst.ca\/fr\/industrie\/sensibilisation\/sondage-de-2016-sur-la-sensibilisation\/#_ftnref3\" name=\"_ftn3\">[3]<\/a>\u00a0<a href=\"https:\/\/www.getsmarteraboutmoney.ca\/\">https:\/\/www,getsmarteraboutmoney.ca<\/a><\/p>\n<p><a href=\"https:\/\/www.ccts-cprst.ca\/fr\/industrie\/sensibilisation\/sondage-de-2016-sur-la-sensibilisation\/#_ftnref4\" name=\"_ftn4\">[4]<\/a>\u00a0Douglas Melville, \u00ab The Role of Financial Dispute Resolution Schemes in Enhancing Consumer Trust and Confidence. Perspective of Canada\u2019s Ombudsman for Banking Services and Investments (OBSI) \u00bb, HKMA-SFC-OECD s\u00e9minaire asiatique, Hong Kong, 13 et 14 d\u00e9cembre 2012, p. 7.<\/p>\n<p><a href=\"https:\/\/www.ccts-cprst.ca\/fr\/industrie\/sensibilisation\/sondage-de-2016-sur-la-sensibilisation\/#_ftnref5\" name=\"_ftn5\">[5]<\/a>\u00a0<a href=\"https:\/\/www.obsi.ca\/en\/news-and-publications\/resources\/PresentationsandSubmissions\/2016-Independent-Evaluation-Investment-Mandate.pdf\">https:\/\/www.obsi.ca\/en\/news-and-publications\/resources\/PresentationsandSubmissions\/2016-Independent-Evaluation-Investment-Mandate.pdf<\/a>, p.56.<\/p>\n<p><a href=\"https:\/\/www.ccts-cprst.ca\/fr\/industrie\/sensibilisation\/sondage-de-2016-sur-la-sensibilisation\/#_ftnref6\" name=\"_ftn6\">[6]<\/a>\u00a0Ibid.<\/p>\n","protected":false},"excerpt":{"rendered":"<p>Les r\u00e9sultats du sondage sur la sensibilisation du public \u00e0 la CPRST ont \u00e9t\u00e9 publi\u00e9s. Afin de mieux comprendre les r\u00e9sultats, nous avons pr\u00e9par\u00e9 ce document pour en illustrer le contexte. Faits saillants 20 % de tous les r\u00e9pondants connaissent la CPRST 27 % de ceux qui ont d\u00e9j\u00e0 eu une plainte non r\u00e9solue connaissent<a class=\"excerpt-read-more\" href=\"https:\/\/www.ccts-cprst.ca\/fr\/industrie\/sensibilisation\/sondage-de-2016-sur-la-sensibilisation\/\" title=\"LuSondage de 2016 sur la sensibilisation\">En lire plus &raquo;<\/a><\/p>\n","protected":false},"author":4,"featured_media":0,"parent":1612,"menu_order":0,"comment_status":"closed","ping_status":"closed","template":"","meta":{"_acf_changed":false,"_relevanssi_hide_post":"","_relevanssi_hide_content":"","_relevanssi_pin_for_all":"","_relevanssi_pin_keywords":"","_relevanssi_unpin_keywords":"","_relevanssi_related_keywords":"","_relevanssi_related_include_ids":"","_relevanssi_related_exclude_ids":"","_relevanssi_related_no_append":"","_relevanssi_related_not_related":"","_relevanssi_related_posts":"","_relevanssi_noindex_reason":"","footnotes":""},"class_list":["post-1614","page","type-page","status-publish","hentry"],"acf":[],"yoast_head":"<!-- This site is optimized with the Yoast SEO plugin v26.9 - https:\/\/yoast.com\/product\/yoast-seo-wordpress\/ -->\n<title>Sondage de 2016 sur la sensibilisation - CPRST<\/title>\n<meta name=\"robots\" content=\"index, follow, max-snippet:-1, max-image-preview:large, max-video-preview:-1\" \/>\n<link rel=\"canonical\" href=\"https:\/\/www.ccts-cprst.ca\/fr\/industrie\/sensibilisation\/sondage-de-2016-sur-la-sensibilisation\/\" \/>\n<meta property=\"og:locale\" content=\"fr_FR\" \/>\n<meta property=\"og:type\" content=\"article\" \/>\n<meta property=\"og:title\" content=\"Sondage de 2016 sur la sensibilisation - CPRST\" \/>\n<meta property=\"og:description\" content=\"Les r\u00e9sultats du sondage sur la sensibilisation du public \u00e0 la CPRST ont \u00e9t\u00e9 publi\u00e9s. Afin de mieux comprendre les r\u00e9sultats, nous avons pr\u00e9par\u00e9 ce document pour en illustrer le contexte. Faits saillants 20 % de tous les r\u00e9pondants connaissent la CPRST 27 % de ceux qui ont d\u00e9j\u00e0 eu une plainte non r\u00e9solue connaissentEn lire plus &raquo;\" \/>\n<meta property=\"og:url\" content=\"https:\/\/www.ccts-cprst.ca\/fr\/industrie\/sensibilisation\/sondage-de-2016-sur-la-sensibilisation\/\" \/>\n<meta property=\"og:site_name\" content=\"CPRST\" \/>\n<meta property=\"article:publisher\" content=\"https:\/\/www.facebook.com\/ccts.cprst\/\" \/>\n<meta property=\"article:modified_time\" content=\"2025-05-16T20:51:47+00:00\" \/>\n<meta name=\"twitter:card\" content=\"summary_large_image\" \/>\n<meta name=\"twitter:site\" content=\"@ccts_cprst\" \/>\n<meta name=\"twitter:label1\" content=\"Dur\u00e9e de lecture estim\u00e9e\" \/>\n\t<meta name=\"twitter:data1\" content=\"5 minutes\" \/>\n<script type=\"application\/ld+json\" class=\"yoast-schema-graph\">{\"@context\":\"https:\/\/schema.org\",\"@graph\":[{\"@type\":\"WebPage\",\"@id\":\"https:\/\/www.ccts-cprst.ca\/fr\/industrie\/sensibilisation\/sondage-de-2016-sur-la-sensibilisation\/\",\"url\":\"https:\/\/www.ccts-cprst.ca\/fr\/industrie\/sensibilisation\/sondage-de-2016-sur-la-sensibilisation\/\",\"name\":\"Sondage de 2016 sur la sensibilisation - CPRST\",\"isPartOf\":{\"@id\":\"https:\/\/www.ccts-cprst.ca\/fr\/#website\"},\"datePublished\":\"2017-07-14T18:08:28+00:00\",\"dateModified\":\"2025-05-16T20:51:47+00:00\",\"breadcrumb\":{\"@id\":\"https:\/\/www.ccts-cprst.ca\/fr\/industrie\/sensibilisation\/sondage-de-2016-sur-la-sensibilisation\/#breadcrumb\"},\"inLanguage\":\"fr-FR\",\"potentialAction\":[{\"@type\":\"ReadAction\",\"target\":[\"https:\/\/www.ccts-cprst.ca\/fr\/industrie\/sensibilisation\/sondage-de-2016-sur-la-sensibilisation\/\"]}]},{\"@type\":\"BreadcrumbList\",\"@id\":\"https:\/\/www.ccts-cprst.ca\/fr\/industrie\/sensibilisation\/sondage-de-2016-sur-la-sensibilisation\/#breadcrumb\",\"itemListElement\":[{\"@type\":\"ListItem\",\"position\":1,\"name\":\"Home\",\"item\":\"https:\/\/www.ccts-cprst.ca\/fr\/\"},{\"@type\":\"ListItem\",\"position\":2,\"name\":\"Industrie\",\"item\":\"https:\/\/www.ccts-cprst.ca\/fr\/industrie\/\"},{\"@type\":\"ListItem\",\"position\":3,\"name\":\"Mieux faire conna\u00eetre la CPRST\",\"item\":\"https:\/\/www.ccts-cprst.ca\/fr\/industrie\/sensibilisation\/\"},{\"@type\":\"ListItem\",\"position\":4,\"name\":\"Sondage de 2016 sur la sensibilisation\"}]},{\"@type\":\"WebSite\",\"@id\":\"https:\/\/www.ccts-cprst.ca\/fr\/#website\",\"url\":\"https:\/\/www.ccts-cprst.ca\/fr\/\",\"name\":\"CCTS \/ CPRST\",\"description\":\"\",\"publisher\":{\"@id\":\"https:\/\/www.ccts-cprst.ca\/fr\/#organization\"},\"potentialAction\":[{\"@type\":\"SearchAction\",\"target\":{\"@type\":\"EntryPoint\",\"urlTemplate\":\"https:\/\/www.ccts-cprst.ca\/fr\/?s={search_term_string}\"},\"query-input\":{\"@type\":\"PropertyValueSpecification\",\"valueRequired\":true,\"valueName\":\"search_term_string\"}}],\"inLanguage\":\"fr-FR\"},{\"@type\":\"Organization\",\"@id\":\"https:\/\/www.ccts-cprst.ca\/fr\/#organization\",\"name\":\"CCTS \/ CPRST\",\"url\":\"https:\/\/www.ccts-cprst.ca\/fr\/\",\"logo\":{\"@type\":\"ImageObject\",\"inLanguage\":\"fr-FR\",\"@id\":\"https:\/\/www.ccts-cprst.ca\/fr\/#\/schema\/logo\/image\/\",\"url\":\"https:\/\/www.ccts-cprst.ca\/wp-content\/uploads\/2024\/08\/logo-ccts-en.png\",\"contentUrl\":\"https:\/\/www.ccts-cprst.ca\/wp-content\/uploads\/2024\/08\/logo-ccts-en.png\",\"width\":498,\"height\":180,\"caption\":\"CCTS \/ CPRST\"},\"image\":{\"@id\":\"https:\/\/www.ccts-cprst.ca\/fr\/#\/schema\/logo\/image\/\"},\"sameAs\":[\"https:\/\/www.facebook.com\/ccts.cprst\/\",\"https:\/\/x.com\/ccts_cprst\",\"https:\/\/www.youtube.com\/channel\/UCLagw5p-R3rIJWUto9wt-5Q\",\"https:\/\/www.linkedin.com\/company\/commission-for-complaints-for-telecom-television-services\/\"]}]}<\/script>\n<!-- \/ Yoast SEO plugin. -->","yoast_head_json":{"title":"Sondage de 2016 sur la sensibilisation - CPRST","robots":{"index":"index","follow":"follow","max-snippet":"max-snippet:-1","max-image-preview":"max-image-preview:large","max-video-preview":"max-video-preview:-1"},"canonical":"https:\/\/www.ccts-cprst.ca\/fr\/industrie\/sensibilisation\/sondage-de-2016-sur-la-sensibilisation\/","og_locale":"fr_FR","og_type":"article","og_title":"Sondage de 2016 sur la sensibilisation - CPRST","og_description":"Les r\u00e9sultats du sondage sur la sensibilisation du public \u00e0 la CPRST ont \u00e9t\u00e9 publi\u00e9s. Afin de mieux comprendre les r\u00e9sultats, nous avons pr\u00e9par\u00e9 ce document pour en illustrer le contexte. Faits saillants 20 % de tous les r\u00e9pondants connaissent la CPRST 27 % de ceux qui ont d\u00e9j\u00e0 eu une plainte non r\u00e9solue connaissentEn lire plus &raquo;","og_url":"https:\/\/www.ccts-cprst.ca\/fr\/industrie\/sensibilisation\/sondage-de-2016-sur-la-sensibilisation\/","og_site_name":"CPRST","article_publisher":"https:\/\/www.facebook.com\/ccts.cprst\/","article_modified_time":"2025-05-16T20:51:47+00:00","twitter_card":"summary_large_image","twitter_site":"@ccts_cprst","twitter_misc":{"Dur\u00e9e de lecture estim\u00e9e":"5 minutes"},"schema":{"@context":"https:\/\/schema.org","@graph":[{"@type":"WebPage","@id":"https:\/\/www.ccts-cprst.ca\/fr\/industrie\/sensibilisation\/sondage-de-2016-sur-la-sensibilisation\/","url":"https:\/\/www.ccts-cprst.ca\/fr\/industrie\/sensibilisation\/sondage-de-2016-sur-la-sensibilisation\/","name":"Sondage de 2016 sur la sensibilisation - CPRST","isPartOf":{"@id":"https:\/\/www.ccts-cprst.ca\/fr\/#website"},"datePublished":"2017-07-14T18:08:28+00:00","dateModified":"2025-05-16T20:51:47+00:00","breadcrumb":{"@id":"https:\/\/www.ccts-cprst.ca\/fr\/industrie\/sensibilisation\/sondage-de-2016-sur-la-sensibilisation\/#breadcrumb"},"inLanguage":"fr-FR","potentialAction":[{"@type":"ReadAction","target":["https:\/\/www.ccts-cprst.ca\/fr\/industrie\/sensibilisation\/sondage-de-2016-sur-la-sensibilisation\/"]}]},{"@type":"BreadcrumbList","@id":"https:\/\/www.ccts-cprst.ca\/fr\/industrie\/sensibilisation\/sondage-de-2016-sur-la-sensibilisation\/#breadcrumb","itemListElement":[{"@type":"ListItem","position":1,"name":"Home","item":"https:\/\/www.ccts-cprst.ca\/fr\/"},{"@type":"ListItem","position":2,"name":"Industrie","item":"https:\/\/www.ccts-cprst.ca\/fr\/industrie\/"},{"@type":"ListItem","position":3,"name":"Mieux faire conna\u00eetre la CPRST","item":"https:\/\/www.ccts-cprst.ca\/fr\/industrie\/sensibilisation\/"},{"@type":"ListItem","position":4,"name":"Sondage de 2016 sur la sensibilisation"}]},{"@type":"WebSite","@id":"https:\/\/www.ccts-cprst.ca\/fr\/#website","url":"https:\/\/www.ccts-cprst.ca\/fr\/","name":"CCTS \/ CPRST","description":"","publisher":{"@id":"https:\/\/www.ccts-cprst.ca\/fr\/#organization"},"potentialAction":[{"@type":"SearchAction","target":{"@type":"EntryPoint","urlTemplate":"https:\/\/www.ccts-cprst.ca\/fr\/?s={search_term_string}"},"query-input":{"@type":"PropertyValueSpecification","valueRequired":true,"valueName":"search_term_string"}}],"inLanguage":"fr-FR"},{"@type":"Organization","@id":"https:\/\/www.ccts-cprst.ca\/fr\/#organization","name":"CCTS \/ CPRST","url":"https:\/\/www.ccts-cprst.ca\/fr\/","logo":{"@type":"ImageObject","inLanguage":"fr-FR","@id":"https:\/\/www.ccts-cprst.ca\/fr\/#\/schema\/logo\/image\/","url":"https:\/\/www.ccts-cprst.ca\/wp-content\/uploads\/2024\/08\/logo-ccts-en.png","contentUrl":"https:\/\/www.ccts-cprst.ca\/wp-content\/uploads\/2024\/08\/logo-ccts-en.png","width":498,"height":180,"caption":"CCTS \/ CPRST"},"image":{"@id":"https:\/\/www.ccts-cprst.ca\/fr\/#\/schema\/logo\/image\/"},"sameAs":["https:\/\/www.facebook.com\/ccts.cprst\/","https:\/\/x.com\/ccts_cprst","https:\/\/www.youtube.com\/channel\/UCLagw5p-R3rIJWUto9wt-5Q","https:\/\/www.linkedin.com\/company\/commission-for-complaints-for-telecom-television-services\/"]}]}},"_links":{"self":[{"href":"https:\/\/www.ccts-cprst.ca\/fr\/wp-json\/wp\/v2\/pages\/1614","targetHints":{"allow":["GET"]}}],"collection":[{"href":"https:\/\/www.ccts-cprst.ca\/fr\/wp-json\/wp\/v2\/pages"}],"about":[{"href":"https:\/\/www.ccts-cprst.ca\/fr\/wp-json\/wp\/v2\/types\/page"}],"author":[{"embeddable":true,"href":"https:\/\/www.ccts-cprst.ca\/fr\/wp-json\/wp\/v2\/users\/4"}],"replies":[{"embeddable":true,"href":"https:\/\/www.ccts-cprst.ca\/fr\/wp-json\/wp\/v2\/comments?post=1614"}],"version-history":[{"count":13,"href":"https:\/\/www.ccts-cprst.ca\/fr\/wp-json\/wp\/v2\/pages\/1614\/revisions"}],"predecessor-version":[{"id":11621,"href":"https:\/\/www.ccts-cprst.ca\/fr\/wp-json\/wp\/v2\/pages\/1614\/revisions\/11621"}],"up":[{"embeddable":true,"href":"https:\/\/www.ccts-cprst.ca\/fr\/wp-json\/wp\/v2\/pages\/1612"}],"wp:attachment":[{"href":"https:\/\/www.ccts-cprst.ca\/fr\/wp-json\/wp\/v2\/media?parent=1614"}],"curies":[{"name":"wp","href":"https:\/\/api.w.org\/{rel}","templated":true}]}}