{"id":1606,"date":"2017-07-14T14:00:07","date_gmt":"2017-07-14T18:00:07","guid":{"rendered":"https:\/\/www.ccts-cprst.ca\/?page_id=1606\/"},"modified":"2020-10-21T11:16:38","modified_gmt":"2020-10-21T15:16:38","slug":"structure-et-financement","status":"publish","type":"page","link":"https:\/\/www.ccts-cprst.ca\/fr\/a-notre-sujet\/gouvernance\/structure-et-financement\/","title":{"rendered":"Structure et financement"},"content":{"rendered":"<p>La CPRST est une entreprise sans but lucratif initialement constitu\u00e9e en personne morale en vertu de la partie\u00a0II de la <em>Loi sur les corporations canadiennes.<\/em> Depuis janvier\u00a02014, la CPRST poursuit son existence en vertu de la <em>Loi canadienne sur les organisations \u00e0 but non lucratif<\/em>.<\/p>\n<p>La CPRST est enti\u00e8rement financ\u00e9 par des <a href=\"https:\/\/www.ccts-cprst.ca\/fr\/a-propos-du-cprst\/fournisseurs-de-services-participants\/\">fournisseurs de services participants<\/a>, selon une formule approuv\u00e9e par les membres de l\u2019organisme. Le service est gratuit pour les consommateurs qui veulent d\u00e9poser une plainte.<\/p>\n<p>Chaque fournisseur de services participant doit payer des frais pour chaque plainte d\u2019un client accept\u00e9e par la CPRST (frais fond\u00e9s sur les plaintes).<\/p>\n<p>Les fournisseurs de services participants dont les revenus annuels canadiens sont sup\u00e9rieurs \u00e0 10\u00a0millions de dollars versent aussi des frais fond\u00e9s sur le revenu calcul\u00e9s en fonction de leur part respective de l\u2019ensemble des revenus admissibles d\u00e9clar\u00e9s \u00e0 la CPRST par tous les fournisseurs de services dont les revenus sont sup\u00e9rieurs \u00e0 10\u00a0millions de dollars.<\/p>\n<p>Les fournisseurs de services participants dont les revenus canadiens sont inf\u00e9rieurs \u00e0 10\u00a0millions de dollars ne paient pas de frais fond\u00e9s sur le revenu. Ils paient plut\u00f4t des frais annuels fixes.<\/p>\n","protected":false},"excerpt":{"rendered":"<p>La CPRST est une entreprise sans but lucratif initialement constitu\u00e9e en personne morale en vertu de la partie\u00a0II de la Loi sur les corporations canadiennes. Depuis janvier\u00a02014, la CPRST poursuit son existence en vertu de la Loi canadienne sur les organisations \u00e0 but non lucratif. La CPRST est enti\u00e8rement financ\u00e9 par des fournisseurs de services<a class=\"excerpt-read-more\" href=\"https:\/\/www.ccts-cprst.ca\/fr\/a-notre-sujet\/gouvernance\/structure-et-financement\/\" title=\"LuStructure et financement\">En lire plus &raquo;<\/a><\/p>\n","protected":false},"author":4,"featured_media":0,"parent":1585,"menu_order":4,"comment_status":"closed","ping_status":"closed","template":"","meta":{"_acf_changed":false,"_relevanssi_hide_post":"","_relevanssi_hide_content":"","_relevanssi_pin_for_all":"","_relevanssi_pin_keywords":"","_relevanssi_unpin_keywords":"","_relevanssi_related_keywords":"","_relevanssi_related_include_ids":"","_relevanssi_related_exclude_ids":"","_relevanssi_related_no_append":"","_relevanssi_related_not_related":"","_relevanssi_related_posts":"","_relevanssi_noindex_reason":"","footnotes":""},"class_list":["post-1606","page","type-page","status-publish","hentry"],"acf":[],"yoast_head":"<!-- This site is optimized with the Yoast SEO plugin v26.9 - https:\/\/yoast.com\/product\/yoast-seo-wordpress\/ -->\n<title>Structure et financement - CPRST<\/title>\n<meta name=\"robots\" content=\"index, follow, max-snippet:-1, max-image-preview:large, max-video-preview:-1\" \/>\n<link rel=\"canonical\" href=\"https:\/\/www.ccts-cprst.ca\/fr\/a-notre-sujet\/gouvernance\/structure-et-financement\/\" \/>\n<meta property=\"og:locale\" content=\"fr_FR\" \/>\n<meta property=\"og:type\" content=\"article\" \/>\n<meta property=\"og:title\" content=\"Structure et financement - CPRST\" \/>\n<meta property=\"og:description\" content=\"La CPRST est une entreprise sans but lucratif initialement constitu\u00e9e en personne morale en vertu de la partie\u00a0II de la Loi sur les corporations canadiennes. Depuis janvier\u00a02014, la CPRST poursuit son existence en vertu de la Loi canadienne sur les organisations \u00e0 but non lucratif. La CPRST est enti\u00e8rement financ\u00e9 par des fournisseurs de servicesEn lire plus &raquo;\" \/>\n<meta property=\"og:url\" content=\"https:\/\/www.ccts-cprst.ca\/fr\/a-notre-sujet\/gouvernance\/structure-et-financement\/\" \/>\n<meta property=\"og:site_name\" content=\"CPRST\" \/>\n<meta property=\"article:publisher\" content=\"https:\/\/www.facebook.com\/ccts.cprst\/\" \/>\n<meta property=\"article:modified_time\" content=\"2020-10-21T15:16:38+00:00\" \/>\n<meta name=\"twitter:card\" content=\"summary_large_image\" \/>\n<meta name=\"twitter:site\" content=\"@ccts_cprst\" \/>\n<meta name=\"twitter:label1\" content=\"Dur\u00e9e de lecture estim\u00e9e\" \/>\n\t<meta name=\"twitter:data1\" content=\"1 minute\" \/>\n<script type=\"application\/ld+json\" class=\"yoast-schema-graph\">{\"@context\":\"https:\/\/schema.org\",\"@graph\":[{\"@type\":\"WebPage\",\"@id\":\"https:\/\/www.ccts-cprst.ca\/fr\/a-notre-sujet\/gouvernance\/structure-et-financement\/\",\"url\":\"https:\/\/www.ccts-cprst.ca\/fr\/a-notre-sujet\/gouvernance\/structure-et-financement\/\",\"name\":\"Structure et financement - CPRST\",\"isPartOf\":{\"@id\":\"https:\/\/www.ccts-cprst.ca\/fr\/#website\"},\"datePublished\":\"2017-07-14T18:00:07+00:00\",\"dateModified\":\"2020-10-21T15:16:38+00:00\",\"breadcrumb\":{\"@id\":\"https:\/\/www.ccts-cprst.ca\/fr\/a-notre-sujet\/gouvernance\/structure-et-financement\/#breadcrumb\"},\"inLanguage\":\"fr-FR\",\"potentialAction\":[{\"@type\":\"ReadAction\",\"target\":[\"https:\/\/www.ccts-cprst.ca\/fr\/a-notre-sujet\/gouvernance\/structure-et-financement\/\"]}]},{\"@type\":\"BreadcrumbList\",\"@id\":\"https:\/\/www.ccts-cprst.ca\/fr\/a-notre-sujet\/gouvernance\/structure-et-financement\/#breadcrumb\",\"itemListElement\":[{\"@type\":\"ListItem\",\"position\":1,\"name\":\"Home\",\"item\":\"https:\/\/www.ccts-cprst.ca\/fr\/\"},{\"@type\":\"ListItem\",\"position\":2,\"name\":\"\u00c0 notre sujet\",\"item\":\"https:\/\/www.ccts-cprst.ca\/fr\/a-notre-sujet\/\"},{\"@type\":\"ListItem\",\"position\":3,\"name\":\"Gouvernance\",\"item\":\"https:\/\/www.ccts-cprst.ca\/fr\/a-notre-sujet\/gouvernance\/\"},{\"@type\":\"ListItem\",\"position\":4,\"name\":\"Structure et financement\"}]},{\"@type\":\"WebSite\",\"@id\":\"https:\/\/www.ccts-cprst.ca\/fr\/#website\",\"url\":\"https:\/\/www.ccts-cprst.ca\/fr\/\",\"name\":\"CCTS \/ CPRST\",\"description\":\"\",\"publisher\":{\"@id\":\"https:\/\/www.ccts-cprst.ca\/fr\/#organization\"},\"potentialAction\":[{\"@type\":\"SearchAction\",\"target\":{\"@type\":\"EntryPoint\",\"urlTemplate\":\"https:\/\/www.ccts-cprst.ca\/fr\/?s={search_term_string}\"},\"query-input\":{\"@type\":\"PropertyValueSpecification\",\"valueRequired\":true,\"valueName\":\"search_term_string\"}}],\"inLanguage\":\"fr-FR\"},{\"@type\":\"Organization\",\"@id\":\"https:\/\/www.ccts-cprst.ca\/fr\/#organization\",\"name\":\"CCTS \/ CPRST\",\"url\":\"https:\/\/www.ccts-cprst.ca\/fr\/\",\"logo\":{\"@type\":\"ImageObject\",\"inLanguage\":\"fr-FR\",\"@id\":\"https:\/\/www.ccts-cprst.ca\/fr\/#\/schema\/logo\/image\/\",\"url\":\"https:\/\/www.ccts-cprst.ca\/wp-content\/uploads\/2024\/08\/logo-ccts-en.png\",\"contentUrl\":\"https:\/\/www.ccts-cprst.ca\/wp-content\/uploads\/2024\/08\/logo-ccts-en.png\",\"width\":498,\"height\":180,\"caption\":\"CCTS \/ CPRST\"},\"image\":{\"@id\":\"https:\/\/www.ccts-cprst.ca\/fr\/#\/schema\/logo\/image\/\"},\"sameAs\":[\"https:\/\/www.facebook.com\/ccts.cprst\/\",\"https:\/\/x.com\/ccts_cprst\",\"https:\/\/www.youtube.com\/channel\/UCLagw5p-R3rIJWUto9wt-5Q\",\"https:\/\/www.linkedin.com\/company\/commission-for-complaints-for-telecom-television-services\/\"]}]}<\/script>\n<!-- \/ Yoast SEO plugin. -->","yoast_head_json":{"title":"Structure et financement - CPRST","robots":{"index":"index","follow":"follow","max-snippet":"max-snippet:-1","max-image-preview":"max-image-preview:large","max-video-preview":"max-video-preview:-1"},"canonical":"https:\/\/www.ccts-cprst.ca\/fr\/a-notre-sujet\/gouvernance\/structure-et-financement\/","og_locale":"fr_FR","og_type":"article","og_title":"Structure et financement - CPRST","og_description":"La CPRST est une entreprise sans but lucratif initialement constitu\u00e9e en personne morale en vertu de la partie\u00a0II de la Loi sur les corporations canadiennes. Depuis janvier\u00a02014, la CPRST poursuit son existence en vertu de la Loi canadienne sur les organisations \u00e0 but non lucratif. La CPRST est enti\u00e8rement financ\u00e9 par des fournisseurs de servicesEn lire plus &raquo;","og_url":"https:\/\/www.ccts-cprst.ca\/fr\/a-notre-sujet\/gouvernance\/structure-et-financement\/","og_site_name":"CPRST","article_publisher":"https:\/\/www.facebook.com\/ccts.cprst\/","article_modified_time":"2020-10-21T15:16:38+00:00","twitter_card":"summary_large_image","twitter_site":"@ccts_cprst","twitter_misc":{"Dur\u00e9e de lecture estim\u00e9e":"1 minute"},"schema":{"@context":"https:\/\/schema.org","@graph":[{"@type":"WebPage","@id":"https:\/\/www.ccts-cprst.ca\/fr\/a-notre-sujet\/gouvernance\/structure-et-financement\/","url":"https:\/\/www.ccts-cprst.ca\/fr\/a-notre-sujet\/gouvernance\/structure-et-financement\/","name":"Structure et financement - CPRST","isPartOf":{"@id":"https:\/\/www.ccts-cprst.ca\/fr\/#website"},"datePublished":"2017-07-14T18:00:07+00:00","dateModified":"2020-10-21T15:16:38+00:00","breadcrumb":{"@id":"https:\/\/www.ccts-cprst.ca\/fr\/a-notre-sujet\/gouvernance\/structure-et-financement\/#breadcrumb"},"inLanguage":"fr-FR","potentialAction":[{"@type":"ReadAction","target":["https:\/\/www.ccts-cprst.ca\/fr\/a-notre-sujet\/gouvernance\/structure-et-financement\/"]}]},{"@type":"BreadcrumbList","@id":"https:\/\/www.ccts-cprst.ca\/fr\/a-notre-sujet\/gouvernance\/structure-et-financement\/#breadcrumb","itemListElement":[{"@type":"ListItem","position":1,"name":"Home","item":"https:\/\/www.ccts-cprst.ca\/fr\/"},{"@type":"ListItem","position":2,"name":"\u00c0 notre sujet","item":"https:\/\/www.ccts-cprst.ca\/fr\/a-notre-sujet\/"},{"@type":"ListItem","position":3,"name":"Gouvernance","item":"https:\/\/www.ccts-cprst.ca\/fr\/a-notre-sujet\/gouvernance\/"},{"@type":"ListItem","position":4,"name":"Structure et financement"}]},{"@type":"WebSite","@id":"https:\/\/www.ccts-cprst.ca\/fr\/#website","url":"https:\/\/www.ccts-cprst.ca\/fr\/","name":"CCTS \/ CPRST","description":"","publisher":{"@id":"https:\/\/www.ccts-cprst.ca\/fr\/#organization"},"potentialAction":[{"@type":"SearchAction","target":{"@type":"EntryPoint","urlTemplate":"https:\/\/www.ccts-cprst.ca\/fr\/?s={search_term_string}"},"query-input":{"@type":"PropertyValueSpecification","valueRequired":true,"valueName":"search_term_string"}}],"inLanguage":"fr-FR"},{"@type":"Organization","@id":"https:\/\/www.ccts-cprst.ca\/fr\/#organization","name":"CCTS \/ CPRST","url":"https:\/\/www.ccts-cprst.ca\/fr\/","logo":{"@type":"ImageObject","inLanguage":"fr-FR","@id":"https:\/\/www.ccts-cprst.ca\/fr\/#\/schema\/logo\/image\/","url":"https:\/\/www.ccts-cprst.ca\/wp-content\/uploads\/2024\/08\/logo-ccts-en.png","contentUrl":"https:\/\/www.ccts-cprst.ca\/wp-content\/uploads\/2024\/08\/logo-ccts-en.png","width":498,"height":180,"caption":"CCTS \/ CPRST"},"image":{"@id":"https:\/\/www.ccts-cprst.ca\/fr\/#\/schema\/logo\/image\/"},"sameAs":["https:\/\/www.facebook.com\/ccts.cprst\/","https:\/\/x.com\/ccts_cprst","https:\/\/www.youtube.com\/channel\/UCLagw5p-R3rIJWUto9wt-5Q","https:\/\/www.linkedin.com\/company\/commission-for-complaints-for-telecom-television-services\/"]}]}},"_links":{"self":[{"href":"https:\/\/www.ccts-cprst.ca\/fr\/wp-json\/wp\/v2\/pages\/1606","targetHints":{"allow":["GET"]}}],"collection":[{"href":"https:\/\/www.ccts-cprst.ca\/fr\/wp-json\/wp\/v2\/pages"}],"about":[{"href":"https:\/\/www.ccts-cprst.ca\/fr\/wp-json\/wp\/v2\/types\/page"}],"author":[{"embeddable":true,"href":"https:\/\/www.ccts-cprst.ca\/fr\/wp-json\/wp\/v2\/users\/4"}],"replies":[{"embeddable":true,"href":"https:\/\/www.ccts-cprst.ca\/fr\/wp-json\/wp\/v2\/comments?post=1606"}],"version-history":[{"count":9,"href":"https:\/\/www.ccts-cprst.ca\/fr\/wp-json\/wp\/v2\/pages\/1606\/revisions"}],"predecessor-version":[{"id":5875,"href":"https:\/\/www.ccts-cprst.ca\/fr\/wp-json\/wp\/v2\/pages\/1606\/revisions\/5875"}],"up":[{"embeddable":true,"href":"https:\/\/www.ccts-cprst.ca\/fr\/wp-json\/wp\/v2\/pages\/1585"}],"wp:attachment":[{"href":"https:\/\/www.ccts-cprst.ca\/fr\/wp-json\/wp\/v2\/media?parent=1606"}],"curies":[{"name":"wp","href":"https:\/\/api.w.org\/{rel}","templated":true}]}}