{"id":1604,"date":"2017-07-14T13:59:00","date_gmt":"2017-07-14T17:59:00","guid":{"rendered":"https:\/\/www.ccts-cprst.ca\/?page_id=1604\/"},"modified":"2020-04-20T12:59:29","modified_gmt":"2020-04-20T16:59:29","slug":"historique-de-la-reglementation-et-de-lorganisme","status":"publish","type":"page","link":"https:\/\/www.ccts-cprst.ca\/fr\/a-notre-sujet\/gouvernance\/historique-de-la-reglementation-et-de-lorganisme\/","title":{"rendered":"Historique de la r\u00e9glementation et de l\u2019organisme"},"content":{"rendered":"<p>Avril\u00a02005\u00a0: Le ministre de l\u2019Industrie du Canada cr\u00e9e le Groupe d\u2019\u00e9tude sur le cadre r\u00e9glementaire des t\u00e9l\u00e9communications pour examiner le cadre r\u00e9glementaire canadien des t\u00e9l\u00e9communications et recommander des strat\u00e9gies visant \u00e0 le moderniser pour assurer que \u00ab\u00a0le Canada dispose d\u2019une industrie des t\u00e9l\u00e9communications solide et concurrentielle \u00e0 l\u2019\u00e9chelle internationale, qui offre des services de calibre mondial pour le b\u00e9n\u00e9fice de la population canadienne.\u00a0\u00bb<\/p>\n<p>Mars\u00a02006\u00a0: Le Groupe d\u2019\u00e9tude d\u00e9pose son rapport, dans lequel il recommande la cr\u00e9ation d\u2019un organisme de protection des usagers des services de t\u00e9l\u00e9communication qui aurait \u00ab\u00a0pour mandat de donner suite aux plaintes d\u00e9pos\u00e9es par les particuliers et les petites entreprises qui sont les clients d\u2019un fournisseur de services de t\u00e9l\u00e9communication\u00a0\u00bb. Le Groupe d\u2019\u00e9tude recommande que cet organisme soit autofinanc\u00e9, ind\u00e9pendant et \u00e9tabli par l\u2019industrie, et que tous les fournisseurs de services de t\u00e9l\u00e9communication soient tenus d\u2019y adh\u00e9rer.<\/p>\n<p>4\u00a0avril\u00a02007\u00a0: Le gouvernement du Canada (la gouverneure en conseil) ordonne la cr\u00e9ation d\u2019un organisme ind\u00e9pendant de protection des usagers des services de t\u00e9l\u00e9communication financ\u00e9 par l\u2019industrie pour r\u00e9gler les plaintes des particuliers et des petites entreprises de d\u00e9tail clients de fournisseurs de services de t\u00e9l\u00e9communication. Le Conseil de la radiodiffusion et des t\u00e9l\u00e9communications canadiennes (CRTC), l\u2019organisme de r\u00e9glementation du secteur des t\u00e9l\u00e9communications du Canada, est charg\u00e9 de la suite des choses.<\/p>\n<p>10\u00a0juillet\u00a02007\u00a0: Le Commissaire aux plaintes relatives aux services de t\u00e9l\u00e9communications (CPRST) est constitu\u00e9 en soci\u00e9t\u00e9 \u00e0 but non lucratif, en vertu de la <em>Loi canadienne sur les soci\u00e9t\u00e9s par actions<\/em>.<\/p>\n<p>23\u00a0juillet\u00a02007\u00a0: Le CPRST commence ses activit\u00e9s. David\u00a0McKendry, ombudsman des services interurbains, est nomm\u00e9 au poste de commissaire int\u00e9rimaire.<\/p>\n<p>20\u00a0d\u00e9cembre\u00a02007\u00a0: Apr\u00e8s la tenue d\u2019audiences publiques, le CRTC publie la d\u00e9cision de t\u00e9l\u00e9com CRTC\u00a02007-130, <a href=\"https:\/\/www.crtc.gc.ca\/fra\/archive\/2007\/dt2007-130.htm\">Cr\u00e9ation d\u2019une agence ind\u00e9pendante de protection des consommateurs des services de t\u00e9l\u00e9communication<\/a>, dans laquelle il approuve la structure et le mandat du CPRST (sous certaines conditions). Il ordonne ainsi \u00e0 tous les fournisseurs dont les revenus annuels provenant des services de t\u00e9l\u00e9communication canadiens d\u00e9passent 10\u00a0millions de dollars d\u2019adh\u00e9rer \u00e0 l\u2019organisme \u00e0 compter du 1<sup>er<\/sup>\u00a0f\u00e9vrier\u00a02008.<\/p>\n<p>F\u00e9vrier\u00a02008\u00a0: Deux groupes de fournisseurs de services d\u00e9posent aupr\u00e8s du CRTC une demande de r\u00e9vision de certains aspects de la d\u00e9cision\u00a02007-130.<\/p>\n<p>30\u00a0mai\u00a02008\u00a0: Le CRTC modifie certaines dispositions de sa d\u00e9cision initiale. Il maintient l\u2019obligation pour tous les fournisseurs de services de t\u00e9l\u00e9communication dont les revenus annuels d\u00e9passent 10\u00a0millions de dollars d\u2019adh\u00e9rer au CPRST et d\u2019en demeurer membre pendant les trois ann\u00e9es suivant la date de la d\u00e9cision initiale. Le caract\u00e8re obligatoire de l\u2019adh\u00e9sion sera r\u00e9examin\u00e9 lors d\u2019une nouvelle instance. <a href=\"https:\/\/www.crtc.gc.ca\/fra\/archive\/2008\/dt2008-46.htm\"><em>Pour en savoir plus<\/em><\/a><\/p>\n<p>6\u00a0juin\u00a02008\u00a0: La gouvernance du CPRST est confi\u00e9e au conseil d\u2019administration permanent et ind\u00e9pendant, qui prend la rel\u00e8ve du conseil d\u2019administration provisoire qui a supervis\u00e9 le lancement des activit\u00e9s du CPRST.<\/p>\n<p>Ao\u00fbt\u00a02008\u00a0: Howard\u00a0Maker devient le premier commissaire aux plaintes relatives aux services de t\u00e9l\u00e9communication permanent du Canada.<\/p>\n<p>Janvier\u00a02011\u00a0: Le CRTC examine r\u00e9guli\u00e8rement les activit\u00e9s du CPRST pour s\u2019assurer que l\u2019organisme remplit son mandat. Le premier examen a eu lieu en 2010. Dans la <a href=\"https:\/\/www.crtc.gc.ca\/fra\/archive\/2011\/2011-46.htm\">politique r\u00e9glementaire de t\u00e9l\u00e9com CRTC\u00a02011-46<\/a>, le CRTC \u00e9tablit que tous les fournisseurs de services de t\u00e9l\u00e9communication qui offrent des services vis\u00e9s par le mandat du CPRST doivent \u00eatre membres de l\u2019organisme pendant cinq ans.<\/p>\n<p>Novembre\u00a02011\u00a0: Le CRTC publie le premier code de conduite obligatoire \u00e0 l\u2019intention des fournisseurs de services de t\u00e9l\u00e9communication, soit le Code sur les politiques de d\u00e9branchement et de d\u00e9p\u00f4t (<a href=\"https:\/\/www.crtc.gc.ca\/fra\/archive\/2011\/2011-702.htm\">d\u00e9cision de t\u00e9l\u00e9com CRTC\u00a02011-702<\/a>). Le CPRST est charg\u00e9 d\u2019administrer ce code.<\/p>\n<p>Juin\u00a02013\u00a0: Le CRTC publie le Code sur les services sans fil (<a href=\"https:\/\/www.crtc.gc.ca\/fra\/archive\/2013\/2013-271.htm\">politique r\u00e9glementaire de t\u00e9l\u00e9com CRTC\u00a02013-271<\/a>). Le CPRST commence \u00e0 l\u2019administrer en d\u00e9cembre\u00a02013, lors de son entr\u00e9e en vigueur.<\/p>\n<p>Mars\u00a02015\u00a0: Le CRTC annonce la publication prochaine du Code des fournisseurs de services de t\u00e9l\u00e9vision (<a href=\"https:\/\/www.crtc.gc.ca\/fra\/archive\/2015\/2015-104.htm\">politique r\u00e9glementaire de radiodiffusion CRTC\u00a02015-104<\/a>) et demande au CPRST de l\u2019administrer.<\/p>\n<p>Octobre\u00a02015\u00a0: Le CRTC prolonge provisoirement, pour les fournisseurs de services de t\u00e9l\u00e9communication offrant des services vis\u00e9s par le mandat du CPRST, l\u2019obligation d\u2019adh\u00e9rer \u00e0 celui-ci (<a href=\"http:\/\/www.crtc.gc.ca\/fra\/archive\/2015\/2015-478.htm\">d\u00e9cision de t\u00e9l\u00e9com CRTC\u00a02015-478<\/a>). Il s\u2019agit d\u2019une mesure temporaire en attendant le prochain examen de la structure et du mandat du CPRST par le CRTC.<\/p>\n<p>Janvier\u00a02016\u00a0: Le CRTC publie le Code des fournisseurs de services de t\u00e9l\u00e9vision (<a href=\"https:\/\/www.crtc.gc.ca\/fra\/archive\/2016\/2016-1.htm\">politique r\u00e9glementaire de radiodiffusion CRTC\u00a02016-1<\/a>).<\/p>\n<p>Mars\u00a02016\u00a0: Le CRTC publie les r\u00e9sultats du deuxi\u00e8me examen des activit\u00e9s du CPRST (<a href=\"https:\/\/www.crtc.gc.ca\/fra\/archive\/2016\/2016-102.htm\">politique r\u00e9glementaire de radiodiffusion et de t\u00e9l\u00e9com CRTC\u00a02016-102<\/a>). Parmi les principaux points, citons\u00a0:<\/p>\n<ul>\n<li>Le CPRST administrera le Code des fournisseurs de services de t\u00e9l\u00e9vision.<\/li>\n<li>Tous les fournisseurs de services de t\u00e9l\u00e9communication qui offrent des services vis\u00e9s par le mandat du CPRST doivent adh\u00e9rer \u00e0 l\u2019organisme.<\/li>\n<li>Tous les fournisseurs de services de t\u00e9l\u00e9vision autoris\u00e9s et leurs fournisseurs affili\u00e9s ou li\u00e9s exempt\u00e9s doivent adh\u00e9rer au CPRST et en demeurer membres.<\/li>\n<li>Les fournisseurs de services de t\u00e9l\u00e9communication qui agissent en tant que fournisseurs de services de t\u00e9l\u00e9vision ou sont li\u00e9s \u00e0 de tels fournisseurs doivent adh\u00e9rer au CPRST et en demeurer membres (relativement \u00e0 leurs activit\u00e9s de t\u00e9l\u00e9communication seulement).<\/li>\n<\/ul>\n","protected":false},"excerpt":{"rendered":"<p>Avril\u00a02005\u00a0: Le ministre de l\u2019Industrie du Canada cr\u00e9e le Groupe d\u2019\u00e9tude sur le cadre r\u00e9glementaire des t\u00e9l\u00e9communications pour examiner le cadre r\u00e9glementaire canadien des t\u00e9l\u00e9communications et recommander des strat\u00e9gies visant \u00e0 le moderniser pour assurer que \u00ab\u00a0le Canada dispose d\u2019une industrie des t\u00e9l\u00e9communications solide et concurrentielle \u00e0 l\u2019\u00e9chelle internationale, qui offre des services de calibre<a class=\"excerpt-read-more\" href=\"https:\/\/www.ccts-cprst.ca\/fr\/a-notre-sujet\/gouvernance\/historique-de-la-reglementation-et-de-lorganisme\/\" title=\"LuHistorique de la r\u00e9glementation et de l\u2019organisme\">En lire plus &raquo;<\/a><\/p>\n","protected":false},"author":4,"featured_media":0,"parent":1585,"menu_order":3,"comment_status":"closed","ping_status":"closed","template":"","meta":{"_acf_changed":false,"_relevanssi_hide_post":"","_relevanssi_hide_content":"","_relevanssi_pin_for_all":"","_relevanssi_pin_keywords":"","_relevanssi_unpin_keywords":"","_relevanssi_related_keywords":"","_relevanssi_related_include_ids":"","_relevanssi_related_exclude_ids":"","_relevanssi_related_no_append":"","_relevanssi_related_not_related":"","_relevanssi_related_posts":"","_relevanssi_noindex_reason":"","footnotes":""},"class_list":["post-1604","page","type-page","status-publish","hentry"],"acf":[],"yoast_head":"<!-- This site is optimized with the Yoast SEO plugin v26.9 - https:\/\/yoast.com\/product\/yoast-seo-wordpress\/ -->\n<title>Historique de la r\u00e9glementation et de l\u2019organisme - CPRST<\/title>\n<meta name=\"robots\" content=\"index, follow, max-snippet:-1, max-image-preview:large, max-video-preview:-1\" \/>\n<link rel=\"canonical\" href=\"https:\/\/www.ccts-cprst.ca\/fr\/a-notre-sujet\/gouvernance\/historique-de-la-reglementation-et-de-lorganisme\/\" \/>\n<meta property=\"og:locale\" content=\"fr_FR\" \/>\n<meta property=\"og:type\" content=\"article\" \/>\n<meta property=\"og:title\" content=\"Historique de la r\u00e9glementation et de l\u2019organisme - CPRST\" \/>\n<meta property=\"og:description\" content=\"Avril\u00a02005\u00a0: Le ministre de l\u2019Industrie du Canada cr\u00e9e le Groupe d\u2019\u00e9tude sur le cadre r\u00e9glementaire des t\u00e9l\u00e9communications pour examiner le cadre r\u00e9glementaire canadien des t\u00e9l\u00e9communications et recommander des strat\u00e9gies visant \u00e0 le moderniser pour assurer que \u00ab\u00a0le Canada dispose d\u2019une industrie des t\u00e9l\u00e9communications solide et concurrentielle \u00e0 l\u2019\u00e9chelle internationale, qui offre des services de calibreEn lire plus &raquo;\" \/>\n<meta property=\"og:url\" content=\"https:\/\/www.ccts-cprst.ca\/fr\/a-notre-sujet\/gouvernance\/historique-de-la-reglementation-et-de-lorganisme\/\" \/>\n<meta property=\"og:site_name\" content=\"CPRST\" \/>\n<meta property=\"article:publisher\" content=\"https:\/\/www.facebook.com\/ccts.cprst\/\" \/>\n<meta property=\"article:modified_time\" content=\"2020-04-20T16:59:29+00:00\" \/>\n<meta name=\"twitter:card\" content=\"summary_large_image\" \/>\n<meta name=\"twitter:site\" content=\"@ccts_cprst\" \/>\n<meta name=\"twitter:label1\" content=\"Dur\u00e9e de lecture estim\u00e9e\" \/>\n\t<meta name=\"twitter:data1\" content=\"5 minutes\" \/>\n<script type=\"application\/ld+json\" class=\"yoast-schema-graph\">{\"@context\":\"https:\/\/schema.org\",\"@graph\":[{\"@type\":\"WebPage\",\"@id\":\"https:\/\/www.ccts-cprst.ca\/fr\/a-notre-sujet\/gouvernance\/historique-de-la-reglementation-et-de-lorganisme\/\",\"url\":\"https:\/\/www.ccts-cprst.ca\/fr\/a-notre-sujet\/gouvernance\/historique-de-la-reglementation-et-de-lorganisme\/\",\"name\":\"Historique de la r\u00e9glementation et de l\u2019organisme - CPRST\",\"isPartOf\":{\"@id\":\"https:\/\/www.ccts-cprst.ca\/fr\/#website\"},\"datePublished\":\"2017-07-14T17:59:00+00:00\",\"dateModified\":\"2020-04-20T16:59:29+00:00\",\"breadcrumb\":{\"@id\":\"https:\/\/www.ccts-cprst.ca\/fr\/a-notre-sujet\/gouvernance\/historique-de-la-reglementation-et-de-lorganisme\/#breadcrumb\"},\"inLanguage\":\"fr-FR\",\"potentialAction\":[{\"@type\":\"ReadAction\",\"target\":[\"https:\/\/www.ccts-cprst.ca\/fr\/a-notre-sujet\/gouvernance\/historique-de-la-reglementation-et-de-lorganisme\/\"]}]},{\"@type\":\"BreadcrumbList\",\"@id\":\"https:\/\/www.ccts-cprst.ca\/fr\/a-notre-sujet\/gouvernance\/historique-de-la-reglementation-et-de-lorganisme\/#breadcrumb\",\"itemListElement\":[{\"@type\":\"ListItem\",\"position\":1,\"name\":\"Home\",\"item\":\"https:\/\/www.ccts-cprst.ca\/fr\/\"},{\"@type\":\"ListItem\",\"position\":2,\"name\":\"\u00c0 notre sujet\",\"item\":\"https:\/\/www.ccts-cprst.ca\/fr\/a-notre-sujet\/\"},{\"@type\":\"ListItem\",\"position\":3,\"name\":\"Gouvernance\",\"item\":\"https:\/\/www.ccts-cprst.ca\/fr\/a-notre-sujet\/gouvernance\/\"},{\"@type\":\"ListItem\",\"position\":4,\"name\":\"Historique de la r\u00e9glementation et de l\u2019organisme\"}]},{\"@type\":\"WebSite\",\"@id\":\"https:\/\/www.ccts-cprst.ca\/fr\/#website\",\"url\":\"https:\/\/www.ccts-cprst.ca\/fr\/\",\"name\":\"CCTS \/ CPRST\",\"description\":\"\",\"publisher\":{\"@id\":\"https:\/\/www.ccts-cprst.ca\/fr\/#organization\"},\"potentialAction\":[{\"@type\":\"SearchAction\",\"target\":{\"@type\":\"EntryPoint\",\"urlTemplate\":\"https:\/\/www.ccts-cprst.ca\/fr\/?s={search_term_string}\"},\"query-input\":{\"@type\":\"PropertyValueSpecification\",\"valueRequired\":true,\"valueName\":\"search_term_string\"}}],\"inLanguage\":\"fr-FR\"},{\"@type\":\"Organization\",\"@id\":\"https:\/\/www.ccts-cprst.ca\/fr\/#organization\",\"name\":\"CCTS \/ CPRST\",\"url\":\"https:\/\/www.ccts-cprst.ca\/fr\/\",\"logo\":{\"@type\":\"ImageObject\",\"inLanguage\":\"fr-FR\",\"@id\":\"https:\/\/www.ccts-cprst.ca\/fr\/#\/schema\/logo\/image\/\",\"url\":\"https:\/\/www.ccts-cprst.ca\/wp-content\/uploads\/2024\/08\/logo-ccts-en.png\",\"contentUrl\":\"https:\/\/www.ccts-cprst.ca\/wp-content\/uploads\/2024\/08\/logo-ccts-en.png\",\"width\":498,\"height\":180,\"caption\":\"CCTS \/ CPRST\"},\"image\":{\"@id\":\"https:\/\/www.ccts-cprst.ca\/fr\/#\/schema\/logo\/image\/\"},\"sameAs\":[\"https:\/\/www.facebook.com\/ccts.cprst\/\",\"https:\/\/x.com\/ccts_cprst\",\"https:\/\/www.youtube.com\/channel\/UCLagw5p-R3rIJWUto9wt-5Q\",\"https:\/\/www.linkedin.com\/company\/commission-for-complaints-for-telecom-television-services\/\"]}]}<\/script>\n<!-- \/ Yoast SEO plugin. -->","yoast_head_json":{"title":"Historique de la r\u00e9glementation et de l\u2019organisme - CPRST","robots":{"index":"index","follow":"follow","max-snippet":"max-snippet:-1","max-image-preview":"max-image-preview:large","max-video-preview":"max-video-preview:-1"},"canonical":"https:\/\/www.ccts-cprst.ca\/fr\/a-notre-sujet\/gouvernance\/historique-de-la-reglementation-et-de-lorganisme\/","og_locale":"fr_FR","og_type":"article","og_title":"Historique de la r\u00e9glementation et de l\u2019organisme - CPRST","og_description":"Avril\u00a02005\u00a0: Le ministre de l\u2019Industrie du Canada cr\u00e9e le Groupe d\u2019\u00e9tude sur le cadre r\u00e9glementaire des t\u00e9l\u00e9communications pour examiner le cadre r\u00e9glementaire canadien des t\u00e9l\u00e9communications et recommander des strat\u00e9gies visant \u00e0 le moderniser pour assurer que \u00ab\u00a0le Canada dispose d\u2019une industrie des t\u00e9l\u00e9communications solide et concurrentielle \u00e0 l\u2019\u00e9chelle internationale, qui offre des services de calibreEn lire plus &raquo;","og_url":"https:\/\/www.ccts-cprst.ca\/fr\/a-notre-sujet\/gouvernance\/historique-de-la-reglementation-et-de-lorganisme\/","og_site_name":"CPRST","article_publisher":"https:\/\/www.facebook.com\/ccts.cprst\/","article_modified_time":"2020-04-20T16:59:29+00:00","twitter_card":"summary_large_image","twitter_site":"@ccts_cprst","twitter_misc":{"Dur\u00e9e de lecture estim\u00e9e":"5 minutes"},"schema":{"@context":"https:\/\/schema.org","@graph":[{"@type":"WebPage","@id":"https:\/\/www.ccts-cprst.ca\/fr\/a-notre-sujet\/gouvernance\/historique-de-la-reglementation-et-de-lorganisme\/","url":"https:\/\/www.ccts-cprst.ca\/fr\/a-notre-sujet\/gouvernance\/historique-de-la-reglementation-et-de-lorganisme\/","name":"Historique de la r\u00e9glementation et de l\u2019organisme - CPRST","isPartOf":{"@id":"https:\/\/www.ccts-cprst.ca\/fr\/#website"},"datePublished":"2017-07-14T17:59:00+00:00","dateModified":"2020-04-20T16:59:29+00:00","breadcrumb":{"@id":"https:\/\/www.ccts-cprst.ca\/fr\/a-notre-sujet\/gouvernance\/historique-de-la-reglementation-et-de-lorganisme\/#breadcrumb"},"inLanguage":"fr-FR","potentialAction":[{"@type":"ReadAction","target":["https:\/\/www.ccts-cprst.ca\/fr\/a-notre-sujet\/gouvernance\/historique-de-la-reglementation-et-de-lorganisme\/"]}]},{"@type":"BreadcrumbList","@id":"https:\/\/www.ccts-cprst.ca\/fr\/a-notre-sujet\/gouvernance\/historique-de-la-reglementation-et-de-lorganisme\/#breadcrumb","itemListElement":[{"@type":"ListItem","position":1,"name":"Home","item":"https:\/\/www.ccts-cprst.ca\/fr\/"},{"@type":"ListItem","position":2,"name":"\u00c0 notre sujet","item":"https:\/\/www.ccts-cprst.ca\/fr\/a-notre-sujet\/"},{"@type":"ListItem","position":3,"name":"Gouvernance","item":"https:\/\/www.ccts-cprst.ca\/fr\/a-notre-sujet\/gouvernance\/"},{"@type":"ListItem","position":4,"name":"Historique de la r\u00e9glementation et de l\u2019organisme"}]},{"@type":"WebSite","@id":"https:\/\/www.ccts-cprst.ca\/fr\/#website","url":"https:\/\/www.ccts-cprst.ca\/fr\/","name":"CCTS \/ CPRST","description":"","publisher":{"@id":"https:\/\/www.ccts-cprst.ca\/fr\/#organization"},"potentialAction":[{"@type":"SearchAction","target":{"@type":"EntryPoint","urlTemplate":"https:\/\/www.ccts-cprst.ca\/fr\/?s={search_term_string}"},"query-input":{"@type":"PropertyValueSpecification","valueRequired":true,"valueName":"search_term_string"}}],"inLanguage":"fr-FR"},{"@type":"Organization","@id":"https:\/\/www.ccts-cprst.ca\/fr\/#organization","name":"CCTS \/ CPRST","url":"https:\/\/www.ccts-cprst.ca\/fr\/","logo":{"@type":"ImageObject","inLanguage":"fr-FR","@id":"https:\/\/www.ccts-cprst.ca\/fr\/#\/schema\/logo\/image\/","url":"https:\/\/www.ccts-cprst.ca\/wp-content\/uploads\/2024\/08\/logo-ccts-en.png","contentUrl":"https:\/\/www.ccts-cprst.ca\/wp-content\/uploads\/2024\/08\/logo-ccts-en.png","width":498,"height":180,"caption":"CCTS \/ CPRST"},"image":{"@id":"https:\/\/www.ccts-cprst.ca\/fr\/#\/schema\/logo\/image\/"},"sameAs":["https:\/\/www.facebook.com\/ccts.cprst\/","https:\/\/x.com\/ccts_cprst","https:\/\/www.youtube.com\/channel\/UCLagw5p-R3rIJWUto9wt-5Q","https:\/\/www.linkedin.com\/company\/commission-for-complaints-for-telecom-television-services\/"]}]}},"_links":{"self":[{"href":"https:\/\/www.ccts-cprst.ca\/fr\/wp-json\/wp\/v2\/pages\/1604","targetHints":{"allow":["GET"]}}],"collection":[{"href":"https:\/\/www.ccts-cprst.ca\/fr\/wp-json\/wp\/v2\/pages"}],"about":[{"href":"https:\/\/www.ccts-cprst.ca\/fr\/wp-json\/wp\/v2\/types\/page"}],"author":[{"embeddable":true,"href":"https:\/\/www.ccts-cprst.ca\/fr\/wp-json\/wp\/v2\/users\/4"}],"replies":[{"embeddable":true,"href":"https:\/\/www.ccts-cprst.ca\/fr\/wp-json\/wp\/v2\/comments?post=1604"}],"version-history":[{"count":5,"href":"https:\/\/www.ccts-cprst.ca\/fr\/wp-json\/wp\/v2\/pages\/1604\/revisions"}],"predecessor-version":[{"id":5486,"href":"https:\/\/www.ccts-cprst.ca\/fr\/wp-json\/wp\/v2\/pages\/1604\/revisions\/5486"}],"up":[{"embeddable":true,"href":"https:\/\/www.ccts-cprst.ca\/fr\/wp-json\/wp\/v2\/pages\/1585"}],"wp:attachment":[{"href":"https:\/\/www.ccts-cprst.ca\/fr\/wp-json\/wp\/v2\/media?parent=1604"}],"curies":[{"name":"wp","href":"https:\/\/api.w.org\/{rel}","templated":true}]}}