{"id":12478,"date":"2026-05-08T13:38:17","date_gmt":"2026-05-08T17:38:17","guid":{"rendered":"https:\/\/www.ccts-cprst.ca\/?page_id=12478"},"modified":"2026-05-08T18:55:34","modified_gmt":"2026-05-08T22:55:34","slug":"guide-annote-sur-le-code-sur-les-services-sans-fil","status":"publish","type":"page","link":"https:\/\/www.ccts-cprst.ca\/fr\/codes-statistiques-et-rapports\/le-code-sur-les-services-sans-fil\/guide-annote-sur-le-code-sur-les-services-sans-fil\/","title":{"rendered":"Guide annot\u00e9 : Code sur les services sans fil"},"content":{"rendered":"<p>La CPRST publie et met r\u00e9guli\u00e8rement \u00e0 jour le <a href=\"https:\/\/www.ccts-cprst.ca\/wp-content\/uploads\/2017\/07\/guide-annote-du-Code-sur-les-services-sans-fils.pdf\">Guide annot\u00e9 sur le Code sur les services sans fil<\/a> (mise \u00e0 jour en cours), qui pr\u00e9sente, article par article, l\u2019interpr\u00e9tation et l\u2019approche de la CPRST pour l\u2019application des dispositions du Code, en fonction de l\u2019exp\u00e9rience qu\u2019il a acquise au cours des nombreuses enqu\u00eates qu\u2019il a d\u00e9j\u00e0 men\u00e9es.<\/p>\n<p><a class=\"button orange\" href=\"https:\/\/www.ccts-cprst.ca\/wp-content\/uploads\/2017\/07\/guide-annote-du-Code-sur-les-services-sans-fils.pdf\" rel=\"noopener\">T\u00e9l\u00e9charger le guide<\/a><\/p>\n<h3>Autres ressources<\/h3>\n<p><a href=\"https:\/\/www.ccts-cprst.ca\/fr\/codes-statistiques-et-rapports\/code-sur-les-politiques-de-debranchement-et-de-depot\/\">Code sur les politiques de d\u00e9branchement et de d\u00e9p\u00f4t<\/a><br \/>\n<a href=\"https:\/\/www.ccts-cprst.ca\/fr\/codes-statistiques-et-rapports\/code-de-procedures\/guide-annote-sur-le-code-de-procedures\/\">Guide annot\u00e9 sur le Code de proc\u00e9dures<\/a><\/p>\n","protected":false},"excerpt":{"rendered":"<p>La CPRST publie et met r\u00e9guli\u00e8rement \u00e0 jour le Guide annot\u00e9 sur le Code sur les services sans fil (mise \u00e0 jour en cours), qui pr\u00e9sente, article par article, l\u2019interpr\u00e9tation et l\u2019approche de la CPRST pour l\u2019application des dispositions du Code, en fonction de l\u2019exp\u00e9rience qu\u2019il a acquise au cours des nombreuses enqu\u00eates qu\u2019il a<a class=\"excerpt-read-more\" href=\"https:\/\/www.ccts-cprst.ca\/fr\/codes-statistiques-et-rapports\/le-code-sur-les-services-sans-fil\/guide-annote-sur-le-code-sur-les-services-sans-fil\/\" title=\"LuGuide annot\u00e9 : Code sur les services sans fil\">En lire plus &raquo;<\/a><\/p>\n","protected":false},"author":15,"featured_media":0,"parent":1638,"menu_order":0,"comment_status":"closed","ping_status":"closed","template":"","meta":{"_acf_changed":false,"_relevanssi_hide_post":"","_relevanssi_hide_content":"","_relevanssi_pin_for_all":"","_relevanssi_pin_keywords":"","_relevanssi_unpin_keywords":"","_relevanssi_related_keywords":"","_relevanssi_related_include_ids":"","_relevanssi_related_exclude_ids":"","_relevanssi_related_no_append":"","_relevanssi_related_not_related":"","_relevanssi_related_posts":"","_relevanssi_noindex_reason":"","footnotes":""},"class_list":["post-12478","page","type-page","status-publish","hentry"],"acf":[],"yoast_head":"<!-- This site is optimized with the Yoast SEO plugin v26.9 - https:\/\/yoast.com\/product\/yoast-seo-wordpress\/ -->\n<title>Guide annot\u00e9 : Code sur les services sans fil - CPRST<\/title>\n<meta name=\"robots\" content=\"index, follow, max-snippet:-1, max-image-preview:large, max-video-preview:-1\" \/>\n<link rel=\"canonical\" href=\"https:\/\/www.ccts-cprst.ca\/fr\/codes-statistiques-et-rapports\/le-code-sur-les-services-sans-fil\/guide-annote-sur-le-code-sur-les-services-sans-fil\/\" \/>\n<meta property=\"og:locale\" content=\"fr_FR\" \/>\n<meta property=\"og:type\" content=\"article\" \/>\n<meta property=\"og:title\" content=\"Guide annot\u00e9 : Code sur les services sans fil - CPRST\" \/>\n<meta property=\"og:description\" content=\"La CPRST publie et met r\u00e9guli\u00e8rement \u00e0 jour le Guide annot\u00e9 sur le Code sur les services sans fil (mise \u00e0 jour en cours), qui pr\u00e9sente, article par article, l\u2019interpr\u00e9tation et l\u2019approche de la CPRST pour l\u2019application des dispositions du Code, en fonction de l\u2019exp\u00e9rience qu\u2019il a acquise au cours des nombreuses enqu\u00eates qu\u2019il aEn lire plus &raquo;\" \/>\n<meta property=\"og:url\" content=\"https:\/\/www.ccts-cprst.ca\/fr\/codes-statistiques-et-rapports\/le-code-sur-les-services-sans-fil\/guide-annote-sur-le-code-sur-les-services-sans-fil\/\" \/>\n<meta property=\"og:site_name\" content=\"CPRST\" \/>\n<meta property=\"article:publisher\" content=\"https:\/\/www.facebook.com\/ccts.cprst\/\" \/>\n<meta property=\"article:modified_time\" content=\"2026-05-08T22:55:34+00:00\" \/>\n<meta name=\"twitter:card\" content=\"summary_large_image\" \/>\n<meta name=\"twitter:site\" content=\"@ccts_cprst\" \/>\n<meta name=\"twitter:label1\" content=\"Dur\u00e9e de lecture estim\u00e9e\" \/>\n\t<meta name=\"twitter:data1\" content=\"1 minute\" \/>\n<script type=\"application\/ld+json\" class=\"yoast-schema-graph\">{\"@context\":\"https:\/\/schema.org\",\"@graph\":[{\"@type\":\"WebPage\",\"@id\":\"https:\/\/www.ccts-cprst.ca\/fr\/codes-statistiques-et-rapports\/le-code-sur-les-services-sans-fil\/guide-annote-sur-le-code-sur-les-services-sans-fil\/\",\"url\":\"https:\/\/www.ccts-cprst.ca\/fr\/codes-statistiques-et-rapports\/le-code-sur-les-services-sans-fil\/guide-annote-sur-le-code-sur-les-services-sans-fil\/\",\"name\":\"Guide annot\u00e9 : Code sur les services sans fil - CPRST\",\"isPartOf\":{\"@id\":\"https:\/\/www.ccts-cprst.ca\/fr\/#website\"},\"datePublished\":\"2026-05-08T17:38:17+00:00\",\"dateModified\":\"2026-05-08T22:55:34+00:00\",\"breadcrumb\":{\"@id\":\"https:\/\/www.ccts-cprst.ca\/fr\/codes-statistiques-et-rapports\/le-code-sur-les-services-sans-fil\/guide-annote-sur-le-code-sur-les-services-sans-fil\/#breadcrumb\"},\"inLanguage\":\"fr-FR\",\"potentialAction\":[{\"@type\":\"ReadAction\",\"target\":[\"https:\/\/www.ccts-cprst.ca\/fr\/codes-statistiques-et-rapports\/le-code-sur-les-services-sans-fil\/guide-annote-sur-le-code-sur-les-services-sans-fil\/\"]}]},{\"@type\":\"BreadcrumbList\",\"@id\":\"https:\/\/www.ccts-cprst.ca\/fr\/codes-statistiques-et-rapports\/le-code-sur-les-services-sans-fil\/guide-annote-sur-le-code-sur-les-services-sans-fil\/#breadcrumb\",\"itemListElement\":[{\"@type\":\"ListItem\",\"position\":1,\"name\":\"Home\",\"item\":\"https:\/\/www.ccts-cprst.ca\/fr\/\"},{\"@type\":\"ListItem\",\"position\":2,\"name\":\"Codes, statistiques et rapports\",\"item\":\"https:\/\/www.ccts-cprst.ca\/fr\/codes-statistiques-et-rapports\/\"},{\"@type\":\"ListItem\",\"position\":3,\"name\":\"Le Code sur les services sans fil\",\"item\":\"https:\/\/www.ccts-cprst.ca\/fr\/codes-statistiques-et-rapports\/le-code-sur-les-services-sans-fil\/\"},{\"@type\":\"ListItem\",\"position\":4,\"name\":\"Guide annot\u00e9 : Code sur les services sans fil\"}]},{\"@type\":\"WebSite\",\"@id\":\"https:\/\/www.ccts-cprst.ca\/fr\/#website\",\"url\":\"https:\/\/www.ccts-cprst.ca\/fr\/\",\"name\":\"CCTS \/ CPRST\",\"description\":\"\",\"publisher\":{\"@id\":\"https:\/\/www.ccts-cprst.ca\/fr\/#organization\"},\"potentialAction\":[{\"@type\":\"SearchAction\",\"target\":{\"@type\":\"EntryPoint\",\"urlTemplate\":\"https:\/\/www.ccts-cprst.ca\/fr\/?s={search_term_string}\"},\"query-input\":{\"@type\":\"PropertyValueSpecification\",\"valueRequired\":true,\"valueName\":\"search_term_string\"}}],\"inLanguage\":\"fr-FR\"},{\"@type\":\"Organization\",\"@id\":\"https:\/\/www.ccts-cprst.ca\/fr\/#organization\",\"name\":\"CCTS \/ CPRST\",\"url\":\"https:\/\/www.ccts-cprst.ca\/fr\/\",\"logo\":{\"@type\":\"ImageObject\",\"inLanguage\":\"fr-FR\",\"@id\":\"https:\/\/www.ccts-cprst.ca\/fr\/#\/schema\/logo\/image\/\",\"url\":\"https:\/\/www.ccts-cprst.ca\/wp-content\/uploads\/2024\/08\/logo-ccts-en.png\",\"contentUrl\":\"https:\/\/www.ccts-cprst.ca\/wp-content\/uploads\/2024\/08\/logo-ccts-en.png\",\"width\":498,\"height\":180,\"caption\":\"CCTS \/ CPRST\"},\"image\":{\"@id\":\"https:\/\/www.ccts-cprst.ca\/fr\/#\/schema\/logo\/image\/\"},\"sameAs\":[\"https:\/\/www.facebook.com\/ccts.cprst\/\",\"https:\/\/x.com\/ccts_cprst\",\"https:\/\/www.youtube.com\/channel\/UCLagw5p-R3rIJWUto9wt-5Q\",\"https:\/\/www.linkedin.com\/company\/commission-for-complaints-for-telecom-television-services\/\"]}]}<\/script>\n<!-- \/ Yoast SEO plugin. -->","yoast_head_json":{"title":"Guide annot\u00e9 : Code sur les services sans fil - CPRST","robots":{"index":"index","follow":"follow","max-snippet":"max-snippet:-1","max-image-preview":"max-image-preview:large","max-video-preview":"max-video-preview:-1"},"canonical":"https:\/\/www.ccts-cprst.ca\/fr\/codes-statistiques-et-rapports\/le-code-sur-les-services-sans-fil\/guide-annote-sur-le-code-sur-les-services-sans-fil\/","og_locale":"fr_FR","og_type":"article","og_title":"Guide annot\u00e9 : Code sur les services sans fil - CPRST","og_description":"La CPRST publie et met r\u00e9guli\u00e8rement \u00e0 jour le Guide annot\u00e9 sur le Code sur les services sans fil (mise \u00e0 jour en cours), qui pr\u00e9sente, article par article, l\u2019interpr\u00e9tation et l\u2019approche de la CPRST pour l\u2019application des dispositions du Code, en fonction de l\u2019exp\u00e9rience qu\u2019il a acquise au cours des nombreuses enqu\u00eates qu\u2019il aEn lire plus &raquo;","og_url":"https:\/\/www.ccts-cprst.ca\/fr\/codes-statistiques-et-rapports\/le-code-sur-les-services-sans-fil\/guide-annote-sur-le-code-sur-les-services-sans-fil\/","og_site_name":"CPRST","article_publisher":"https:\/\/www.facebook.com\/ccts.cprst\/","article_modified_time":"2026-05-08T22:55:34+00:00","twitter_card":"summary_large_image","twitter_site":"@ccts_cprst","twitter_misc":{"Dur\u00e9e de lecture estim\u00e9e":"1 minute"},"schema":{"@context":"https:\/\/schema.org","@graph":[{"@type":"WebPage","@id":"https:\/\/www.ccts-cprst.ca\/fr\/codes-statistiques-et-rapports\/le-code-sur-les-services-sans-fil\/guide-annote-sur-le-code-sur-les-services-sans-fil\/","url":"https:\/\/www.ccts-cprst.ca\/fr\/codes-statistiques-et-rapports\/le-code-sur-les-services-sans-fil\/guide-annote-sur-le-code-sur-les-services-sans-fil\/","name":"Guide annot\u00e9 : Code sur les services sans fil - CPRST","isPartOf":{"@id":"https:\/\/www.ccts-cprst.ca\/fr\/#website"},"datePublished":"2026-05-08T17:38:17+00:00","dateModified":"2026-05-08T22:55:34+00:00","breadcrumb":{"@id":"https:\/\/www.ccts-cprst.ca\/fr\/codes-statistiques-et-rapports\/le-code-sur-les-services-sans-fil\/guide-annote-sur-le-code-sur-les-services-sans-fil\/#breadcrumb"},"inLanguage":"fr-FR","potentialAction":[{"@type":"ReadAction","target":["https:\/\/www.ccts-cprst.ca\/fr\/codes-statistiques-et-rapports\/le-code-sur-les-services-sans-fil\/guide-annote-sur-le-code-sur-les-services-sans-fil\/"]}]},{"@type":"BreadcrumbList","@id":"https:\/\/www.ccts-cprst.ca\/fr\/codes-statistiques-et-rapports\/le-code-sur-les-services-sans-fil\/guide-annote-sur-le-code-sur-les-services-sans-fil\/#breadcrumb","itemListElement":[{"@type":"ListItem","position":1,"name":"Home","item":"https:\/\/www.ccts-cprst.ca\/fr\/"},{"@type":"ListItem","position":2,"name":"Codes, statistiques et rapports","item":"https:\/\/www.ccts-cprst.ca\/fr\/codes-statistiques-et-rapports\/"},{"@type":"ListItem","position":3,"name":"Le Code sur les services sans fil","item":"https:\/\/www.ccts-cprst.ca\/fr\/codes-statistiques-et-rapports\/le-code-sur-les-services-sans-fil\/"},{"@type":"ListItem","position":4,"name":"Guide annot\u00e9 : Code sur les services sans fil"}]},{"@type":"WebSite","@id":"https:\/\/www.ccts-cprst.ca\/fr\/#website","url":"https:\/\/www.ccts-cprst.ca\/fr\/","name":"CCTS \/ CPRST","description":"","publisher":{"@id":"https:\/\/www.ccts-cprst.ca\/fr\/#organization"},"potentialAction":[{"@type":"SearchAction","target":{"@type":"EntryPoint","urlTemplate":"https:\/\/www.ccts-cprst.ca\/fr\/?s={search_term_string}"},"query-input":{"@type":"PropertyValueSpecification","valueRequired":true,"valueName":"search_term_string"}}],"inLanguage":"fr-FR"},{"@type":"Organization","@id":"https:\/\/www.ccts-cprst.ca\/fr\/#organization","name":"CCTS \/ CPRST","url":"https:\/\/www.ccts-cprst.ca\/fr\/","logo":{"@type":"ImageObject","inLanguage":"fr-FR","@id":"https:\/\/www.ccts-cprst.ca\/fr\/#\/schema\/logo\/image\/","url":"https:\/\/www.ccts-cprst.ca\/wp-content\/uploads\/2024\/08\/logo-ccts-en.png","contentUrl":"https:\/\/www.ccts-cprst.ca\/wp-content\/uploads\/2024\/08\/logo-ccts-en.png","width":498,"height":180,"caption":"CCTS \/ CPRST"},"image":{"@id":"https:\/\/www.ccts-cprst.ca\/fr\/#\/schema\/logo\/image\/"},"sameAs":["https:\/\/www.facebook.com\/ccts.cprst\/","https:\/\/x.com\/ccts_cprst","https:\/\/www.youtube.com\/channel\/UCLagw5p-R3rIJWUto9wt-5Q","https:\/\/www.linkedin.com\/company\/commission-for-complaints-for-telecom-television-services\/"]}]}},"_links":{"self":[{"href":"https:\/\/www.ccts-cprst.ca\/fr\/wp-json\/wp\/v2\/pages\/12478","targetHints":{"allow":["GET"]}}],"collection":[{"href":"https:\/\/www.ccts-cprst.ca\/fr\/wp-json\/wp\/v2\/pages"}],"about":[{"href":"https:\/\/www.ccts-cprst.ca\/fr\/wp-json\/wp\/v2\/types\/page"}],"author":[{"embeddable":true,"href":"https:\/\/www.ccts-cprst.ca\/fr\/wp-json\/wp\/v2\/users\/15"}],"replies":[{"embeddable":true,"href":"https:\/\/www.ccts-cprst.ca\/fr\/wp-json\/wp\/v2\/comments?post=12478"}],"version-history":[{"count":4,"href":"https:\/\/www.ccts-cprst.ca\/fr\/wp-json\/wp\/v2\/pages\/12478\/revisions"}],"predecessor-version":[{"id":12508,"href":"https:\/\/www.ccts-cprst.ca\/fr\/wp-json\/wp\/v2\/pages\/12478\/revisions\/12508"}],"up":[{"embeddable":true,"href":"https:\/\/www.ccts-cprst.ca\/fr\/wp-json\/wp\/v2\/pages\/1638"}],"wp:attachment":[{"href":"https:\/\/www.ccts-cprst.ca\/fr\/wp-json\/wp\/v2\/media?parent=12478"}],"curies":[{"name":"wp","href":"https:\/\/api.w.org\/{rel}","templated":true}]}}