{"id":12249,"date":"2026-02-16T11:08:59","date_gmt":"2026-02-16T16:08:59","guid":{"rendered":"https:\/\/www.ccts-cprst.ca\/industrie\/industry-associations\/"},"modified":"2026-02-16T11:09:28","modified_gmt":"2026-02-16T16:09:28","slug":"associations-sectorielles","status":"publish","type":"page","link":"https:\/\/www.ccts-cprst.ca\/fr\/industrie\/associations-sectorielles\/","title":{"rendered":"Associations sectorielles"},"content":{"rendered":"<p>Les associations sectorielles d\u00e9fendent les int\u00e9r\u00eats de leurs membres et jouent souvent un r\u00f4le important dans l\u2019\u00e9laboration des normes et la promotion des meilleures pratiques dans leur secteur. La CPRST collabore avec des associations du secteur des t\u00e9l\u00e9communications et de la t\u00e9l\u00e9vision qui exercent leurs activit\u00e9s partout au Canada.<\/p>\n<p>\u00cates-vous une association sectorielle qui souhaite travailler avec la CPRST? Communiquez avec notre \u00e9quipe des Relations avec les intervenants \u00e0 l\u2019adresse <a href=\"mailto:StakeholderRelations@ccts-cprst.ca\">StakeholderRelations@ccts-cprst.ca<\/a>.<\/p>\n<h2>Association canadienne des radiodiffuseurs<\/h2>\n<p>L&rsquo;<a href=\"https:\/\/www.cab-acr.ca\/fr\/\">Association canadienne des radiodiffuseurs (ACR)<\/a> est le porte-parole national des radiodiffuseurs priv\u00e9s du Canada. Elle repr\u00e9sente la grande majorit\u00e9 des services de programmation priv\u00e9s canadiens, y compris les stations de radio et de t\u00e9l\u00e9vision, les r\u00e9seaux et les services de t\u00e9l\u00e9vision sp\u00e9cialis\u00e9e, payante et \u00e0 la carte. Le mandat de l\u2019ACR est de d\u00e9fendre et de promouvoir les int\u00e9r\u00eats des radiodiffuseurs priv\u00e9s du Canada au sein de la structure sociale, culturelle et \u00e9conomique du pays.<\/p>\n<h2>Association canadienne des t\u00e9l\u00e9communications<\/h2>\n<p>L\u2019<a href=\"https:\/\/canadatelecoms.ca\/fr\/\">Association canadienne des t\u00e9l\u00e9communications (ACT)<\/a> est une association sectorielle regroupant certains t\u00e9l\u00e9communicateurs sans fil du Canada.<\/p>\n<p>L\u2019ACT g\u00e8re le programme de num\u00e9ros abr\u00e9g\u00e9s, gr\u00e2ce auquel les consommateurs peuvent recevoir des textos commerciaux (aussi appel\u00e9s \u00ab textos surfactur\u00e9s \u00bb) sur leur t\u00e9l\u00e9phone cellulaire. L\u2019ACTS a r\u00e9alis\u00e9 le site Web <a href=\"https:\/\/www.txt.ca\/\">txt.ca<\/a>, qui fournit des renseignements complets sur le programme et des renseignements connexes sur la messagerie texte.<\/p>\n","protected":false},"excerpt":{"rendered":"<p>Les associations sectorielles d\u00e9fendent les int\u00e9r\u00eats de leurs membres et jouent souvent un r\u00f4le important dans l\u2019\u00e9laboration des normes et la promotion des meilleures pratiques dans leur secteur. La CPRST collabore avec des associations du secteur des t\u00e9l\u00e9communications et de la t\u00e9l\u00e9vision qui exercent leurs activit\u00e9s partout au Canada. \u00cates-vous une association sectorielle qui souhaite<a class=\"excerpt-read-more\" href=\"https:\/\/www.ccts-cprst.ca\/fr\/industrie\/associations-sectorielles\/\" title=\"LuAssociations sectorielles\">En lire plus &raquo;<\/a><\/p>\n","protected":false},"author":1,"featured_media":0,"parent":11435,"menu_order":3,"comment_status":"closed","ping_status":"closed","template":"","meta":{"_acf_changed":false,"_relevanssi_hide_post":"","_relevanssi_hide_content":"","_relevanssi_pin_for_all":"","_relevanssi_pin_keywords":"","_relevanssi_unpin_keywords":"","_relevanssi_related_keywords":"","_relevanssi_related_include_ids":"","_relevanssi_related_exclude_ids":"","_relevanssi_related_no_append":"","_relevanssi_related_not_related":"","_relevanssi_related_posts":"","_relevanssi_noindex_reason":"","footnotes":""},"class_list":["post-12249","page","type-page","status-publish","hentry"],"acf":[],"yoast_head":"<!-- This site is optimized with the Yoast SEO plugin v26.9 - https:\/\/yoast.com\/product\/yoast-seo-wordpress\/ -->\n<title>Associations sectorielles - CPRST<\/title>\n<meta name=\"robots\" content=\"index, follow, max-snippet:-1, max-image-preview:large, max-video-preview:-1\" \/>\n<link rel=\"canonical\" href=\"https:\/\/www.ccts-cprst.ca\/fr\/industrie\/associations-sectorielles\/\" \/>\n<meta property=\"og:locale\" content=\"fr_FR\" \/>\n<meta property=\"og:type\" content=\"article\" \/>\n<meta property=\"og:title\" content=\"Associations sectorielles - CPRST\" \/>\n<meta property=\"og:description\" content=\"Les associations sectorielles d\u00e9fendent les int\u00e9r\u00eats de leurs membres et jouent souvent un r\u00f4le important dans l\u2019\u00e9laboration des normes et la promotion des meilleures pratiques dans leur secteur. La CPRST collabore avec des associations du secteur des t\u00e9l\u00e9communications et de la t\u00e9l\u00e9vision qui exercent leurs activit\u00e9s partout au Canada. \u00cates-vous une association sectorielle qui souhaiteEn lire plus &raquo;\" \/>\n<meta property=\"og:url\" content=\"https:\/\/www.ccts-cprst.ca\/fr\/industrie\/associations-sectorielles\/\" \/>\n<meta property=\"og:site_name\" content=\"CPRST\" \/>\n<meta property=\"article:publisher\" content=\"https:\/\/www.facebook.com\/ccts.cprst\/\" \/>\n<meta property=\"article:modified_time\" content=\"2026-02-16T16:09:28+00:00\" \/>\n<meta name=\"twitter:card\" content=\"summary_large_image\" \/>\n<meta name=\"twitter:site\" content=\"@ccts_cprst\" \/>\n<meta name=\"twitter:label1\" content=\"Dur\u00e9e de lecture estim\u00e9e\" \/>\n\t<meta name=\"twitter:data1\" content=\"1 minute\" \/>\n<script type=\"application\/ld+json\" class=\"yoast-schema-graph\">{\"@context\":\"https:\/\/schema.org\",\"@graph\":[{\"@type\":\"WebPage\",\"@id\":\"https:\/\/www.ccts-cprst.ca\/fr\/industrie\/associations-sectorielles\/\",\"url\":\"https:\/\/www.ccts-cprst.ca\/fr\/industrie\/associations-sectorielles\/\",\"name\":\"Associations sectorielles - CPRST\",\"isPartOf\":{\"@id\":\"https:\/\/www.ccts-cprst.ca\/fr\/#website\"},\"datePublished\":\"2026-02-16T16:08:59+00:00\",\"dateModified\":\"2026-02-16T16:09:28+00:00\",\"breadcrumb\":{\"@id\":\"https:\/\/www.ccts-cprst.ca\/fr\/industrie\/associations-sectorielles\/#breadcrumb\"},\"inLanguage\":\"fr-FR\",\"potentialAction\":[{\"@type\":\"ReadAction\",\"target\":[\"https:\/\/www.ccts-cprst.ca\/fr\/industrie\/associations-sectorielles\/\"]}]},{\"@type\":\"BreadcrumbList\",\"@id\":\"https:\/\/www.ccts-cprst.ca\/fr\/industrie\/associations-sectorielles\/#breadcrumb\",\"itemListElement\":[{\"@type\":\"ListItem\",\"position\":1,\"name\":\"Home\",\"item\":\"https:\/\/www.ccts-cprst.ca\/fr\/\"},{\"@type\":\"ListItem\",\"position\":2,\"name\":\"Industrie\",\"item\":\"https:\/\/www.ccts-cprst.ca\/fr\/industrie\/\"},{\"@type\":\"ListItem\",\"position\":3,\"name\":\"Associations sectorielles\"}]},{\"@type\":\"WebSite\",\"@id\":\"https:\/\/www.ccts-cprst.ca\/fr\/#website\",\"url\":\"https:\/\/www.ccts-cprst.ca\/fr\/\",\"name\":\"CCTS \/ CPRST\",\"description\":\"\",\"publisher\":{\"@id\":\"https:\/\/www.ccts-cprst.ca\/fr\/#organization\"},\"potentialAction\":[{\"@type\":\"SearchAction\",\"target\":{\"@type\":\"EntryPoint\",\"urlTemplate\":\"https:\/\/www.ccts-cprst.ca\/fr\/?s={search_term_string}\"},\"query-input\":{\"@type\":\"PropertyValueSpecification\",\"valueRequired\":true,\"valueName\":\"search_term_string\"}}],\"inLanguage\":\"fr-FR\"},{\"@type\":\"Organization\",\"@id\":\"https:\/\/www.ccts-cprst.ca\/fr\/#organization\",\"name\":\"CCTS \/ CPRST\",\"url\":\"https:\/\/www.ccts-cprst.ca\/fr\/\",\"logo\":{\"@type\":\"ImageObject\",\"inLanguage\":\"fr-FR\",\"@id\":\"https:\/\/www.ccts-cprst.ca\/fr\/#\/schema\/logo\/image\/\",\"url\":\"https:\/\/www.ccts-cprst.ca\/wp-content\/uploads\/2024\/08\/logo-ccts-en.png\",\"contentUrl\":\"https:\/\/www.ccts-cprst.ca\/wp-content\/uploads\/2024\/08\/logo-ccts-en.png\",\"width\":498,\"height\":180,\"caption\":\"CCTS \/ CPRST\"},\"image\":{\"@id\":\"https:\/\/www.ccts-cprst.ca\/fr\/#\/schema\/logo\/image\/\"},\"sameAs\":[\"https:\/\/www.facebook.com\/ccts.cprst\/\",\"https:\/\/x.com\/ccts_cprst\",\"https:\/\/www.youtube.com\/channel\/UCLagw5p-R3rIJWUto9wt-5Q\",\"https:\/\/www.linkedin.com\/company\/commission-for-complaints-for-telecom-television-services\/\"]}]}<\/script>\n<!-- \/ Yoast SEO plugin. -->","yoast_head_json":{"title":"Associations sectorielles - CPRST","robots":{"index":"index","follow":"follow","max-snippet":"max-snippet:-1","max-image-preview":"max-image-preview:large","max-video-preview":"max-video-preview:-1"},"canonical":"https:\/\/www.ccts-cprst.ca\/fr\/industrie\/associations-sectorielles\/","og_locale":"fr_FR","og_type":"article","og_title":"Associations sectorielles - CPRST","og_description":"Les associations sectorielles d\u00e9fendent les int\u00e9r\u00eats de leurs membres et jouent souvent un r\u00f4le important dans l\u2019\u00e9laboration des normes et la promotion des meilleures pratiques dans leur secteur. La CPRST collabore avec des associations du secteur des t\u00e9l\u00e9communications et de la t\u00e9l\u00e9vision qui exercent leurs activit\u00e9s partout au Canada. \u00cates-vous une association sectorielle qui souhaiteEn lire plus &raquo;","og_url":"https:\/\/www.ccts-cprst.ca\/fr\/industrie\/associations-sectorielles\/","og_site_name":"CPRST","article_publisher":"https:\/\/www.facebook.com\/ccts.cprst\/","article_modified_time":"2026-02-16T16:09:28+00:00","twitter_card":"summary_large_image","twitter_site":"@ccts_cprst","twitter_misc":{"Dur\u00e9e de lecture estim\u00e9e":"1 minute"},"schema":{"@context":"https:\/\/schema.org","@graph":[{"@type":"WebPage","@id":"https:\/\/www.ccts-cprst.ca\/fr\/industrie\/associations-sectorielles\/","url":"https:\/\/www.ccts-cprst.ca\/fr\/industrie\/associations-sectorielles\/","name":"Associations sectorielles - CPRST","isPartOf":{"@id":"https:\/\/www.ccts-cprst.ca\/fr\/#website"},"datePublished":"2026-02-16T16:08:59+00:00","dateModified":"2026-02-16T16:09:28+00:00","breadcrumb":{"@id":"https:\/\/www.ccts-cprst.ca\/fr\/industrie\/associations-sectorielles\/#breadcrumb"},"inLanguage":"fr-FR","potentialAction":[{"@type":"ReadAction","target":["https:\/\/www.ccts-cprst.ca\/fr\/industrie\/associations-sectorielles\/"]}]},{"@type":"BreadcrumbList","@id":"https:\/\/www.ccts-cprst.ca\/fr\/industrie\/associations-sectorielles\/#breadcrumb","itemListElement":[{"@type":"ListItem","position":1,"name":"Home","item":"https:\/\/www.ccts-cprst.ca\/fr\/"},{"@type":"ListItem","position":2,"name":"Industrie","item":"https:\/\/www.ccts-cprst.ca\/fr\/industrie\/"},{"@type":"ListItem","position":3,"name":"Associations sectorielles"}]},{"@type":"WebSite","@id":"https:\/\/www.ccts-cprst.ca\/fr\/#website","url":"https:\/\/www.ccts-cprst.ca\/fr\/","name":"CCTS \/ CPRST","description":"","publisher":{"@id":"https:\/\/www.ccts-cprst.ca\/fr\/#organization"},"potentialAction":[{"@type":"SearchAction","target":{"@type":"EntryPoint","urlTemplate":"https:\/\/www.ccts-cprst.ca\/fr\/?s={search_term_string}"},"query-input":{"@type":"PropertyValueSpecification","valueRequired":true,"valueName":"search_term_string"}}],"inLanguage":"fr-FR"},{"@type":"Organization","@id":"https:\/\/www.ccts-cprst.ca\/fr\/#organization","name":"CCTS \/ CPRST","url":"https:\/\/www.ccts-cprst.ca\/fr\/","logo":{"@type":"ImageObject","inLanguage":"fr-FR","@id":"https:\/\/www.ccts-cprst.ca\/fr\/#\/schema\/logo\/image\/","url":"https:\/\/www.ccts-cprst.ca\/wp-content\/uploads\/2024\/08\/logo-ccts-en.png","contentUrl":"https:\/\/www.ccts-cprst.ca\/wp-content\/uploads\/2024\/08\/logo-ccts-en.png","width":498,"height":180,"caption":"CCTS \/ CPRST"},"image":{"@id":"https:\/\/www.ccts-cprst.ca\/fr\/#\/schema\/logo\/image\/"},"sameAs":["https:\/\/www.facebook.com\/ccts.cprst\/","https:\/\/x.com\/ccts_cprst","https:\/\/www.youtube.com\/channel\/UCLagw5p-R3rIJWUto9wt-5Q","https:\/\/www.linkedin.com\/company\/commission-for-complaints-for-telecom-television-services\/"]}]}},"_links":{"self":[{"href":"https:\/\/www.ccts-cprst.ca\/fr\/wp-json\/wp\/v2\/pages\/12249","targetHints":{"allow":["GET"]}}],"collection":[{"href":"https:\/\/www.ccts-cprst.ca\/fr\/wp-json\/wp\/v2\/pages"}],"about":[{"href":"https:\/\/www.ccts-cprst.ca\/fr\/wp-json\/wp\/v2\/types\/page"}],"author":[{"embeddable":true,"href":"https:\/\/www.ccts-cprst.ca\/fr\/wp-json\/wp\/v2\/users\/1"}],"replies":[{"embeddable":true,"href":"https:\/\/www.ccts-cprst.ca\/fr\/wp-json\/wp\/v2\/comments?post=12249"}],"version-history":[{"count":1,"href":"https:\/\/www.ccts-cprst.ca\/fr\/wp-json\/wp\/v2\/pages\/12249\/revisions"}],"predecessor-version":[{"id":12250,"href":"https:\/\/www.ccts-cprst.ca\/fr\/wp-json\/wp\/v2\/pages\/12249\/revisions\/12250"}],"up":[{"embeddable":true,"href":"https:\/\/www.ccts-cprst.ca\/fr\/wp-json\/wp\/v2\/pages\/11435"}],"wp:attachment":[{"href":"https:\/\/www.ccts-cprst.ca\/fr\/wp-json\/wp\/v2\/media?parent=12249"}],"curies":[{"name":"wp","href":"https:\/\/api.w.org\/{rel}","templated":true}]}}